{"id":1253,"date":"2024-01-05T15:25:25","date_gmt":"2024-01-05T15:25:25","guid":{"rendered":"https:\/\/algarvedentalimplants.com\/?page_id=1253"},"modified":"2025-05-20T14:02:01","modified_gmt":"2025-05-20T14:02:01","slug":"privacy-policy-rgpd","status":"publish","type":"page","link":"https:\/\/algarvedentalimplants.com\/fr\/privacy-policy-rgpd\/","title":{"rendered":"Politique de confidentialit\u00e9 RGPD"},"content":{"rendered":"<div data-elementor-type=\"wp-page\" data-elementor-id=\"1253\" class=\"elementor elementor-1253\" data-elementor-post-type=\"page\">\n\t\t\t\t<div class=\"elementor-element elementor-element-a324c55 e-con-full e-flex e-con e-parent\" data-id=\"a324c55\" data-element_type=\"container\" data-settings=\"{&quot;jet_parallax_layout_list&quot;:[]}\">\n\t\t<div class=\"elementor-element elementor-element-6fb93fd e-con-full e-flex e-con e-child\" data-id=\"6fb93fd\" data-element_type=\"container\" data-settings=\"{&quot;jet_parallax_layout_list&quot;:[]}\">\n\t\t\t\t<div class=\"elementor-element elementor-element-4720adf elementor--v-position-bottom elementor-arrows-position-inside elementor-pagination-position-inside elementor-widget elementor-widget-slides\" data-id=\"4720adf\" data-element_type=\"widget\" data-settings=\"{&quot;navigation&quot;:&quot;both&quot;,&quot;autoplay&quot;:&quot;yes&quot;,&quot;pause_on_hover&quot;:&quot;yes&quot;,&quot;pause_on_interaction&quot;:&quot;yes&quot;,&quot;autoplay_speed&quot;:5000,&quot;infinite&quot;:&quot;yes&quot;,&quot;transition&quot;:&quot;slide&quot;,&quot;transition_speed&quot;:500}\" data-widget_type=\"slides.default\">\n\t\t\t\t<div class=\"elementor-widget-container\">\n\t\t\t\t\t\t\t\t\t<div class=\"elementor-swiper\">\n\t\t\t\t\t<div class=\"elementor-slides-wrapper elementor-main-swiper swiper\" role=\"region\" aria-roledescription=\"carousel\" aria-label=\"Slides\" dir=\"ltr\" data-animation=\"fadeInUp\">\n\t\t\t\t<div class=\"swiper-wrapper elementor-slides\">\n\t\t\t\t\t\t\t\t\t\t<div class=\"elementor-repeater-item-5bf1270 swiper-slide\" role=\"group\" aria-roledescription=\"slide\"><div class=\"swiper-slide-bg\" role=\"img\" aria-label=\"why algarve main reasons to travel to algarve\"><\/div><div class=\"elementor-background-overlay\"><\/div><div class=\"swiper-slide-inner\" ><div class=\"swiper-slide-contents\"><\/div><\/div><\/div>\t\t\t\t<\/div>\n\t\t\t\t\t\t\t<\/div>\n\t\t\t\t<\/div>\n\t\t\t\t\t\t\t\t<\/div>\n\t\t\t\t<\/div>\n\t\t\t\t<\/div>\n\t\t\t\t<\/div>\n\t\t<div class=\"elementor-element elementor-element-39453ec e-flex e-con-boxed e-con e-parent\" data-id=\"39453ec\" data-element_type=\"container\" data-settings=\"{&quot;jet_parallax_layout_list&quot;:[]}\">\n\t\t\t\t\t<div class=\"e-con-inner\">\n\t\t\t\t<div class=\"elementor-element elementor-element-91c7296 elementor-widget elementor-widget-heading\" data-id=\"91c7296\" data-element_type=\"widget\" data-widget_type=\"heading.default\">\n\t\t\t\t<div class=\"elementor-widget-container\">\n\t\t\t\t\t<h1 class=\"elementor-heading-title elementor-size-default\">Politique de confidentialit\u00e9 RGPD<\/h1>\t\t\t\t<\/div>\n\t\t\t\t<\/div>\n\t\t\t\t<div class=\"elementor-element elementor-element-1d782f6 elementor-widget elementor-widget-heading\" data-id=\"1d782f6\" data-element_type=\"widget\" data-widget_type=\"heading.default\">\n\t\t\t\t<div class=\"elementor-widget-container\">\n\t\t\t\t\t<h2 class=\"elementor-heading-title elementor-size-default\">R\u00e8glement g\u00e9n\u00e9ral sur la protection des donn\u00e9es<\/h2>\t\t\t\t<\/div>\n\t\t\t\t<\/div>\n\t\t\t\t\t<\/div>\n\t\t\t\t<\/div>\n\t\t<div class=\"elementor-element elementor-element-dd1d2a6 e-flex e-con-boxed e-con e-parent\" data-id=\"dd1d2a6\" data-element_type=\"container\" data-settings=\"{&quot;jet_parallax_layout_list&quot;:[]}\">\n\t\t\t\t\t<div class=\"e-con-inner\">\n\t\t\t\t<div class=\"elementor-element elementor-element-ae03b42 elementor-widget elementor-widget-text-editor\" data-id=\"ae03b42\" data-element_type=\"widget\" data-widget_type=\"text-editor.default\">\n\t\t\t\t<div class=\"elementor-widget-container\">\n\t\t\t\t\t\t\t\t\t<p>Dans la pr\u00e9sente politique, nous d\u00e9crivons \u00e0 l\u2019Utilisateur du Site internet comment la soci\u00e9t\u00e9 Worldetails, Lda. collecte et traite ses donn\u00e9es personnelles via l\u2019utilisation du Site internet <a href=\"https:\/\/algarvedentalimplants.com\/fr\/\">https:\/\/algarvedentalimplants.com\/<\/a>conform\u00e9ment aux dispositions du R\u00e8glement (UE) 2016\/679 du 27 avril 2016 (R\u00e8glement g\u00e9n\u00e9ral sur la protection des donn\u00e9es) et de la Loi n. \u00ba 58\/2019 du 8 ao\u00fbt, y compris toute donn\u00e9e qu\u2019il puisse fournir en utilisant ce Site internet.<\/p><p>Il est important que l\u2019Utilisateur lise cette politique de confidentialit\u00e9 afin d\u2019\u00eatre pleinement conscient de la fa\u00e7on dont et des raisons pour lesquelles nous utilisons ses donn\u00e9es.<\/p><p>Cette Politique de confidentialit\u00e9 est r\u00e9guli\u00e8rement mise \u00e0 jour et est susceptible d\u2019\u00eatre modifi\u00e9e sans pr\u00e9avis. Afin de rester inform\u00e9, nous recommandons \u00e0 l\u2019Utilisateur de la consulter r\u00e9guli\u00e8rement.<\/p><p>La pr\u00e9sente version entre en vigueur \u00e0 compter du 8 avril 2024.<\/p><p><strong>1 \u2013 Responsable du traitement de donn\u00e9es personnelles et contacts<\/strong><\/p><p>1.1 \u2013 L\u2019entit\u00e9 responsable du traitement des donn\u00e9es personnelles mises \u00e0 disposition par l\u2019Utilisateur sur le Site internet de Algarve Dental Implants est la soci\u00e9t\u00e9 Worldetails, Lda., soci\u00e9t\u00e9 \u00e0 responsabilit\u00e9 limit\u00e9e ayant si\u00e8ge \u00e0 l\u2019adresse Av. da Liberdade 96, 1\u00ba C\/D, 8200-002 Albufeira, inscrite au Registre portugais du commerce et des soci\u00e9t\u00e9s (Conservat\u00f3ria do Registo Comercial) de \u00cdlhavo, sous le num\u00e9ro unique de matricule et fiscal 510 798 497, qui op\u00e8re sur le march\u00e9 avec la marque d\u00e9pos\u00e9e Algarve Dental Implants.<\/p><p>1.2.\u2013 En cas de doute de la part de l\u2019Utilisateur concernant le traitement de donn\u00e9es personnelles sur le Site internet, y compris pour toute demande d\u2019exercice de ses droits dans ce domaine, l\u2019Utilisateur pourra contacter la soci\u00e9t\u00e9 par le courriel <a href=\"mailto:info@dentalimplantsportugal.com\">info@dentalimplantsportugal.com<\/a> ou par lettre adress\u00e9e \u00e0 Algarve Dental Implants\/Worldetails, \u00e0 l\u2019adresse Av. da Liberdade 96, 1\u00ba C\/D, 8200-002 Albufeira.<\/p><div>\u00a0<\/div><p><strong>2 \u2013 Donn\u00e9es personnelles trait\u00e9es<\/strong><\/p><p>2.1 \u2013 Les donn\u00e9es personnelles concern\u00e9es par cette politique de confidentialit\u00e9 sont les informations relatives \u00e0 l\u2019Utilisateur qui nous permettent de l\u2019identifier de fa\u00e7on directe ou indirecte. Nous pouvons collecter, utiliser, stocker et transf\u00e9rer diff\u00e9rents types de donn\u00e9es personnelles sur l\u2019Utilisateur, regroup\u00e9s comme il suit :<\/p><div>\u00a0<\/div><p><strong>2.1.1 \u2013 Contacts par courriel<\/strong><\/p><p>When an e-mail is sent us, using the address provided on the website, to request information about our services or the clinic, we will process your contact details (e-mail, name and other data you provide us) and the content of your message in order to respond to your contact request. Based on the legal grounds of the need to carry out pre-contractual steps at your request or the legitimate interest of Algarve Dental Implants in responding to contact requests addressed to you, depending on the purpose of your communication.<\/p><p><strong>2.1.2 \u2013 Formulaire de contact <\/strong><\/p><p>Lorsque l\u2019Utilisateur nous contacte via le formulaire disponible sur le Site internet, nous conservons les donn\u00e9es de contact renseign\u00e9es par ce dernier (service recherch\u00e9 par l\u2019Utilisateur, nom, courriel, num\u00e9ro de t\u00e9l\u00e9phone et indicatif t\u00e9l\u00e9phonique du pays) et le message afin de r\u00e9pondre \u00e0 sa demande de fa\u00e7on personnalis\u00e9e, sur le fondement l\u00e9gal de la n\u00e9cessit\u00e9 d\u2019effectuer des d\u00e9marches pr\u00e9contractuelles \u00e0 sa demande ou de la poursuite de l\u2019int\u00e9r\u00eat l\u00e9gitime de Algarve Dental Implants pour r\u00e9pondre aux demandes de contact qui lui sont adress\u00e9es, suivant l\u2019objectif de sa communication.<\/p><p><strong>2.1.3 &#8211; Chat<\/strong><\/p><p>Lorsque l\u2019Utilisateur nous contacte via WhatsApp en utilisant la fonctionnalit\u00e9 de conversation en ligne disponible sur le Site internet, nous traiterons ses donn\u00e9es de contact (nom et num\u00e9ro de t\u00e9l\u00e9phone) et les messages \u00e9chang\u00e9s pour r\u00e9pondre \u00e0 sa demande de fa\u00e7on personnalis\u00e9e, sur le fondement l\u00e9gal de l\u2019int\u00e9r\u00eat l\u00e9gitime de Algarve Dental Implants pour r\u00e9pondre aux demandes de contact qui lui sont adress\u00e9es, ainsi que pour assister ses patients pendant les processus de traitement.<\/p><p><strong>2.1.4 \u2013 Infolettre<\/strong><\/p><p>Algarve Dental Implants envoie r\u00e9guli\u00e8rement des infolettres aux Utilisateurs y ayant souscrit sur le Site internet, dans le but de les informer des activit\u00e9s de la clinique, de ses services, techniques, proc\u00e9dures et professionnels et de leur communiquer des informations pertinentes dans le domaine de l\u2019implantologie, de la sant\u00e9 bucco-dentaire et de la r\u00e9gion de l\u2019Algarve. Le fondement l\u00e9gal pour le traitement de ces donn\u00e9es est le consentement donn\u00e9 par l\u2019Utilisateur au moment de sa souscription sur le Site internet.\nLes infolettres envoy\u00e9es contiennent un pixel de suivi. Ce pixel est un graphique de petite dimension int\u00e9gr\u00e9 dans le fichier qui fournit des indications sur l\u2019ouverture des infolettres et des liens hypertexte \u00e9ventuellement inclus et nous aide \u00e0 optimiser l\u2019envoi des infolettres ainsi qu\u2019\u00e0 identifier les contenus qui int\u00e9ressent le plus \u00e0 nos abonn\u00e9s.<\/p><p>L\u2019Utilisateur abonn\u00e9 pourra annuler la r\u00e9ception de l\u2019infolettre \u00e0 tout moment et sans frais, en cliquant sur le lien pr\u00e9sent\u00e9 en bas de l\u2019infolettre. S\u2019il le fait, apr\u00e8s confirmation de son choix, le courriel de l\u2019Utilisateur sera automatiquement \u00e9limin\u00e9 de la liste de destinataires et l\u2019Utilisateur cessera de recevoir l\u2019infolettre.<\/p><p><strong>2.1.5 &#8211; Cookies<\/strong><\/p><p>Algarve Dental Implants utilise des cookies, pixels et autres dispositifs similaires pour collecter des donn\u00e9es de l\u2019Utilisateur du Site internet, y compris des informations comme l\u2019adresse IP, la date et l\u2019heure de l\u2019acc\u00e8s au Site internet, le type et la version du navigateur utilis\u00e9, le syst\u00e8me d\u2019exploitation et la plateforme, d\u2019autres technologies existantes dans les appareils qu\u2019il utilise pour acc\u00e9der au Site internet, ainsi que les pages consult\u00e9es. Ces donn\u00e9es sont utilis\u00e9es de fa\u00e7on combin\u00e9e pour analyser le trafic des visites sur le Site internet et pour fonder les d\u00e9cisions relatives aux activit\u00e9s de marketing. Le fondement l\u00e9gal pour le traitement de ces donn\u00e9es est le consentement donn\u00e9 par l\u2019Utilisateur quand il acc\u00e8de pour la premi\u00e8re fois au Site internet, en raison de quoi les cookies ne seront install\u00e9s qu\u2019avec son accord. Nous sugg\u00e9rons \u00e0 l\u2019Utilisateur de lire notre <a href=\"https:\/\/algarvedentalimplants.com\/fr\/cookie-policy\/\">Politique de cookies<\/a> pour en savoir davantage sur les cookies que nous utilisons et leur finalit\u00e9.<\/p><p><strong>2.1.6 \u2013 S\u00e9curit\u00e9 du Site internet<\/strong><\/p><p>Les donn\u00e9es collect\u00e9es par le biais de cookies et d\u2019autres dispositifs, comme l\u2019adresse IP, le navigateur utilis\u00e9 par l\u2019Utilisateur et le jour et l\u2019heure d\u2019acc\u00e8s, sont \u00e9galement utilis\u00e9es pour \u00e9viter et identifier tout incident de s\u00e9curit\u00e9 sur le Site internet, sur le fondement l\u00e9gal de l\u2019obligation l\u00e9gale pour Algarve Dental Implants de garantir la s\u00e9curit\u00e9 de son Site internet. En cas d\u2019incident, ces donn\u00e9es pourront \u00eatre transmises aux autorit\u00e9s comp\u00e9tentes.<\/p><p><strong>3 \u2013 P\u00e9riode de conservation de vos donn\u00e9es personnelles <\/strong><\/p><p>3.1 \u2013 Les donn\u00e9es collect\u00e9es par Algarve Dental Implants par le biais du Site internet seront trait\u00e9es pendant le temps strictement n\u00e9cessaire \u00e0 la finalit\u00e9 pour laquelle elles ont \u00e9t\u00e9 obtenues. Lorsque la dur\u00e9e maximale est atteinte, les donn\u00e9es personnelles seront rendues anonymes ou \u00e9limin\u00e9es en toute s\u00e9curit\u00e9. Les principales dur\u00e9es sont les suivantes :<\/p><div>\u00a0<\/div><p><strong>3.1.1 \u2013 Contacts par courriel<\/strong> \u2013 Nous traiterons les donn\u00e9es pendant le temps n\u00e9cessaire pour r\u00e9pondre \u00e0 la demande de contact de l\u2019Utilisateur. Ces donn\u00e9es seront ensuite archiv\u00e9es avec la documentation qui int\u00e8gre le dossier du patient en cas de recours aux services de Algarve Dental Implants. En cas d\u2019absence de contact ult\u00e9rieur, les donn\u00e9es seront \u00e9limin\u00e9es apr\u00e8s 3 mois.<\/p><p><strong>3.1.2 \u2013 Formulaire de contact<\/strong> \u2013 Nous traiterons les donn\u00e9es pendant le temps n\u00e9cessaire pour r\u00e9pondre \u00e0 la demande de contact de l\u2019Utilisateur. Ces donn\u00e9es seront ensuite archiv\u00e9es avec la documentation qui int\u00e8gre le dossier du patient en cas de recours aux services de Algarve Dental Implants. En cas d\u2019absence de contact ult\u00e9rieur, les donn\u00e9es seront \u00e9limin\u00e9es apr\u00e8s 3 mois.<\/p><p><strong>3.1.3 &#8211; Chat<\/strong> \u2013 Les donn\u00e9es de l\u2019Utilisateur seront trait\u00e9es pendant le temps n\u00e9cessaire pour r\u00e9pondre \u00e0 sa demande. Ces donn\u00e9es seront \u00e9limin\u00e9es apr\u00e8s une semaine.<\/p><p><strong>3.1.4 \u2013 Infolettre<\/strong> \u2013 Les donn\u00e9es de l\u2019Utilisateur seront trait\u00e9es jusqu\u2019\u00e0 ce que ce dernier nous communique qu\u2019il ne souhaite plus recevoir l\u2019infolettre ou tant qu\u2019il restera un abonn\u00e9 actif, c\u2019est-\u00e0-dire, un abonn\u00e9 qui ouvre l\u2019infolettre et\/ou clique sur un de ses liens hypertexte au moins une fois sur une p\u00e9riode de 2 ans. Les utilisateurs inactifs, n\u2019ayant ouvert aucune infolettre pendant les 2 derni\u00e8res ann\u00e9es, seront exclus de la base de donn\u00e9es et leurs donn\u00e9es seront \u00e9limin\u00e9es.<\/p><p><strong>3.1.5 &#8211; Cookies<\/strong> \u2013 Nous traiterons les donn\u00e9es de l\u2019Utilisateur pour la dur\u00e9e pendant laquelle les cookies restent actifs. Nous recommandons de consulter ces dur\u00e9es dans notre <a href=\"https:\/\/algarvedentalimplants.com\/fr\/cookie-policy\/\"><u>politique de cookies.<\/u><\/a><\/p><p><strong>3.1.6 \u2013 S\u00e9curit\u00e9 du Site internet<\/strong> \u2013 Les donn\u00e9es de l\u2019Utilisateur seront trait\u00e9es pour la p\u00e9riode maximale de 90 jours, apr\u00e8s quoi elles seront \u00e9limin\u00e9es, sauf en cas d\u2019incident de s\u00e9curit\u00e9 exigeant la conservation des donn\u00e9es pour une p\u00e9riode sup\u00e9rieure.<\/p><ol start=\"4\"><li><strong>Destinataires des donn\u00e9es personnelles collect\u00e9es <\/strong><\/li><\/ol><p>4.1 \u2013 Les donn\u00e9es personnelles trait\u00e9es par Algarve Dental Implants pourront \u00eatre mises \u00e0 la disposition de ses employ\u00e9s et des entit\u00e9s sous-trait\u00e9es par cette derni\u00e8re dans le but de l\u2019assister, pour son compte et sous sa responsabilit\u00e9 et supervision. Ces entit\u00e9s comprennent :<\/p><p>4.1.1 \u2013 Des prestataires de services technologiques et leurs sous-traitants et partenaires ;<\/p><p>4.1.2 \u2013 Des prestataires de services de marketing num\u00e9rique.<\/p><div>\u00a0<\/div><ol start=\"5\"><li><strong>Transfert de donn\u00e9es hors Union europ\u00e9enne<\/strong><\/li><\/ol><p>5.1 \u2013 Dans la plupart des cas, les donn\u00e9es personnelles collect\u00e9es par Algarve Dental Implants seront trait\u00e9es au Portugal ou dans les pays de l\u2019Union europ\u00e9enne. Certaines donn\u00e9es, comme celles collect\u00e9es par le biais de cookies par Google et Facebook ainsi que celles de l\u2019infolettre, pourront \u00eatre accessibles et trait\u00e9es aux \u00c9tats-Unis d\u2019Am\u00e9rique.<\/p><p>5.2 \u2013 Pour le transfert de donn\u00e9es \u00e0 ces partenaires, nous exigeons qu\u2019ils nous fassent preuve de la mise en \u0153uvre d'un niveau de protection ad\u00e9quat des donn\u00e9es personnelles comparable \u00e0 celui exig\u00e9 par l\u2019Union europ\u00e9enne, notamment d\u00fbment homologu\u00e9s et inscrits dans le Cadre de confidentialit\u00e9 des donn\u00e9es personnelles UE-\u00c9tats-Unis d\u2019Am\u00e9rique.<\/p><div>\u00a0<\/div><ol start=\"6\"><li><strong>Quelles mesures de s\u00e9curit\u00e9 prot\u00e8gent vos donn\u00e9es ?<\/strong><\/li><\/ol><p>\u00a0<span style=\"color: var( --e-global-color-text ); text-align: var(--text-align); font-size: 1rem;\">6.1 \u2013 Algarve Dental Implants a recours \u00e0 des mesures de s\u00e9curit\u00e9 physiques, technologiques et organisationnelles pour prot\u00e9ger les donn\u00e9es personnelles contre toute destruction, perte, modification, divulgation ou acc\u00e8s non autoris\u00e9. Ces mesures comprennent notamment :<\/span><\/p><p>6.1.1 \u2013 Le Site internet utilise une connexion crypt\u00e9e HTTPS \/ SSL respectant les meilleures pratiques de s\u00e9curit\u00e9 recommand\u00e9es ;<\/p><p>6.1.2 \u2013 Algarve Dental Implants conserve les donn\u00e9es qu\u2019elle obtient dans des bases de donn\u00e9es crypt\u00e9es et effectue des sauvegardes p\u00e9riodiques afin de r\u00e9duire la possibilit\u00e9 de perte d\u2019information en cas de faille du syst\u00e8me. Le serveur d\u2019h\u00e9bergement dispose \u00e9galement d\u2019un syst\u00e8me de pare-feu et de protection standard pour h\u00e9bergements web ;<\/p><p>6.1.3 \u2013 Algarve Dental Implants surveille les acc\u00e8s au Site internet afin d\u2019\u00e9viter, d\u00e9tecter et emp\u00eacher tout acc\u00e8s non autoris\u00e9. La plateforme utilis\u00e9e est prot\u00e9g\u00e9e par un module de s\u00e9curit\u00e9 qui limite et bloque les tentatives d\u2019acc\u00e8s non autoris\u00e9 et analyse et bloque les attaques de logiciels malveillants ;<\/p><p>6.1.4 \u2013 Le nombre de personnes ayant acc\u00e8s aux donn\u00e9es de l\u2019Utilisateur est restreint et limit\u00e9 aux fins susmentionn\u00e9es ;<\/p><p>6.1.5 \u2013 Algarve Dental Implants exige aux prestataires sous-traitants et partenaires qui traitent les donn\u00e9es personnelles de faire preuve de la mise en \u0153uvre d\u2019un niveau de s\u00e9curit\u00e9 identique.<\/p><div>\u00a0<\/div><ol start=\"7\"><li><strong>Quels sont les droits de l\u2019Utilisateur et comment peut-il les exercer ?<\/strong><\/li><\/ol><p>7.1 \u2013 Suivant la finalit\u00e9 et le fondement juridique sur lequel repose le traitement de ses donn\u00e9es personnelles, l\u2019Utilisateur peut exercer les droits suivants :<\/p><p>7.1.1 \u2013 Acc\u00e9der, mettre \u00e0 jour ou corriger toute donn\u00e9e impr\u00e9cise collect\u00e9e \u00e0 son sujet par Algarve Dental Implants ;<\/p><p>7.1.2 \u2013 Nous demander d\u2019effacer ses donn\u00e9es personnelles lorsqu\u2019elles ne seront plus n\u00e9cessaires aux fins pour lesquelles elles ont \u00e9t\u00e9 collect\u00e9es ou quand Algarve Dental Implants n\u2019aura plus de fondement l\u00e9gal pour les traiter ;<\/p><p>7.1.3 \u2013 Nous demander d\u2019annuler ou de limiter l\u2019utilisation de ses donn\u00e9es dans les cas o\u00f9 elles peuvent ne plus \u00eatre exactes ou elles ne sont plus n\u00e9cessaires aux fins du traitement original, mais o\u00f9 elles ne peuvent pas ou l\u2019Utilisateur ne souhaite pas qu\u2019elles soient effac\u00e9es ;<\/p><p>7.1.4 \u2013 Lorsque les donn\u00e9es sont trait\u00e9es en vertu de son consentement, l\u2019Utilisateur a le droit de le retirer \u00e0 tout moment ;<\/p><p>7.1.5 \u2013 Dans les cas o\u00f9 le fondement juridique pour le traitement des donn\u00e9es est le consentement ou un contrat pass\u00e9 avec Algarve Dental Implants, l\u2019Utilisateur peut \u00e9galement nous demander la portabilit\u00e9 des donn\u00e9es personnelles fournies, dans un format structur\u00e9, d\u2019usage courant et lecture automatique, permettant de les transmettre \u00e0 une autre entit\u00e9 ;<\/p><p>7.1.6 \u2013 Lorsque les donn\u00e9es sont trait\u00e9es sur la base de l\u2019int\u00e9r\u00eat l\u00e9gitime de Algarve Dental Implants, l\u2019Utilisateur pourra s\u2019opposer au traitement de ses donn\u00e9es ;<\/p><p>7.1.7 \u2013 L\u2019Utilisateur a encore le droit de transmettre une r\u00e9clamation aupr\u00e8s de l\u2019autorit\u00e9 portugaise de contr\u00f4le de la protection de donn\u00e9es (Comiss\u00e3o Nacional de Prote\u00e7\u00e3o de Dados \u2013 CNPD) pour toute question concernant le traitement de ses donn\u00e9es personnelles, s\u2019il estime que ses droits n\u2019ont pas \u00e9t\u00e9 d\u00fbment garantis ou s\u2019il n\u2019est pas satisfait de notre r\u00e9ponse \u00e0 toute demande d\u2019exercice de ses droits. La CNPD pourra \u00eatre contact\u00e9e par courriel \u00e0 <a href=\"mailto:geral@cnpd.pt\">geral@cnpd.pt<\/a> ou via les formulaires disponibles sur le site internet <a href=\"https:\/\/www.cnpd.pt\/\" target=\"_blank\" rel=\"noopener\">https:\/\/www.cnpd.pt\/<\/a><\/p>\t\t\t\t\t\t\t\t<\/div>\n\t\t\t\t<\/div>\n\t\t\t\t\t<\/div>\n\t\t\t\t<\/div>\n\t\t<div class=\"elementor-element elementor-element-ad54b58 e-flex e-con-boxed e-con e-parent\" data-id=\"ad54b58\" data-element_type=\"container\" data-settings=\"{&quot;jet_parallax_layout_list&quot;:[]}\">\n\t\t\t\t\t<div class=\"e-con-inner\">\n\t\t\t\t<div class=\"elementor-element elementor-element-0481273 elementor-widget elementor-widget-spacer\" data-id=\"0481273\" data-element_type=\"widget\" data-widget_type=\"spacer.default\">\n\t\t\t\t<div class=\"elementor-widget-container\">\n\t\t\t\t\t\t\t<div class=\"elementor-spacer\">\n\t\t\t<div class=\"elementor-spacer-inner\"><\/div>\n\t\t<\/div>\n\t\t\t\t\t\t<\/div>\n\t\t\t\t<\/div>\n\t\t\t\t\t<\/div>\n\t\t\t\t<\/div>\n\t\t\t\t<\/div>","protected":false},"excerpt":{"rendered":"<p>Privacy Policy RGPD General Regulation of Data Protection In this policy, we inform the user of the website information on how the company Worldetails, Lda. collects and processes your personal data through the use of the website https:\/\/algarvedentalimplants.com\/, in accordance with the rules of Regulation (EU) 2016\/679 of 27 April 2016 (General Regulation for the [&hellip;]<\/p>","protected":false},"author":1,"featured_media":0,"parent":0,"menu_order":0,"comment_status":"closed","ping_status":"closed","template":"elementor_header_footer","meta":{"_joinchat":[],"footnotes":""},"class_list":["post-1253","page","type-page","status-publish","hentry"],"_links":{"self":[{"href":"https:\/\/algarvedentalimplants.com\/fr\/wp-json\/wp\/v2\/pages\/1253","targetHints":{"allow":["GET"]}}],"collection":[{"href":"https:\/\/algarvedentalimplants.com\/fr\/wp-json\/wp\/v2\/pages"}],"about":[{"href":"https:\/\/algarvedentalimplants.com\/fr\/wp-json\/wp\/v2\/types\/page"}],"author":[{"embeddable":true,"href":"https:\/\/algarvedentalimplants.com\/fr\/wp-json\/wp\/v2\/users\/1"}],"replies":[{"embeddable":true,"href":"https:\/\/algarvedentalimplants.com\/fr\/wp-json\/wp\/v2\/comments?post=1253"}],"version-history":[{"count":0,"href":"https:\/\/algarvedentalimplants.com\/fr\/wp-json\/wp\/v2\/pages\/1253\/revisions"}],"wp:attachment":[{"href":"https:\/\/algarvedentalimplants.com\/fr\/wp-json\/wp\/v2\/media?parent=1253"}],"curies":[{"name":"wp","href":"https:\/\/api.w.org\/{rel}","templated":true}]}}