{"id":187,"date":"2023-10-13T15:41:58","date_gmt":"2023-10-13T15:41:58","guid":{"rendered":"https:\/\/algarvedentalimplants.com\/?page_id=187"},"modified":"2025-05-20T11:44:30","modified_gmt":"2025-05-20T11:44:30","slug":"why-the-chameleon","status":"publish","type":"page","link":"https:\/\/algarvedentalimplants.com\/fr\/why-the-chameleon\/","title":{"rendered":"Pourqoui le Cam\u00e9l\u00e9on ?"},"content":{"rendered":"<div data-elementor-type=\"wp-post\" data-elementor-id=\"187\" class=\"elementor elementor-187\" data-elementor-post-type=\"page\">\n\t\t\t\t<div class=\"elementor-element elementor-element-6480c09 e-con-full e-flex e-con e-parent\" data-id=\"6480c09\" data-element_type=\"container\" data-settings=\"{&quot;jet_parallax_layout_list&quot;:[],&quot;background_background&quot;:&quot;classic&quot;}\">\n\t\t\t\t<\/div>\n\t\t<div class=\"elementor-element elementor-element-708252d e-flex e-con-boxed e-con e-parent\" data-id=\"708252d\" data-element_type=\"container\" data-settings=\"{&quot;jet_parallax_layout_list&quot;:[]}\">\n\t\t\t\t\t<div class=\"e-con-inner\">\n\t\t\t\t<div class=\"elementor-element elementor-element-09771b1 elementor-widget elementor-widget-heading\" data-id=\"09771b1\" data-element_type=\"widget\" data-widget_type=\"heading.default\">\n\t\t\t\t<div class=\"elementor-widget-container\">\n\t\t\t\t\t<h2 class=\"elementor-heading-title elementor-size-default\">Pourquoi le cam\u00e9l\u00e9on ?<\/h2>\t\t\t\t<\/div>\n\t\t\t\t<\/div>\n\t\t\t\t<div class=\"elementor-element elementor-element-ab4de37 elementor-widget elementor-widget-heading\" data-id=\"ab4de37\" data-element_type=\"widget\" data-widget_type=\"heading.default\">\n\t\t\t\t<div class=\"elementor-widget-container\">\n\t\t\t\t\t<h1 class=\"elementor-heading-title elementor-size-default\">La le\u00e7on du cam\u00e9l\u00e9on<\/h1>\t\t\t\t<\/div>\n\t\t\t\t<\/div>\n\t\t\t\t\t<\/div>\n\t\t\t\t<\/div>\n\t\t<div class=\"elementor-element elementor-element-b568e4b e-flex e-con-boxed e-con e-parent\" data-id=\"b568e4b\" data-element_type=\"container\" data-settings=\"{&quot;jet_parallax_layout_list&quot;:[]}\">\n\t\t\t\t\t<div class=\"e-con-inner\">\n\t\t\t\t<div class=\"elementor-element elementor-element-c321549 elementor-widget elementor-widget-image\" data-id=\"c321549\" data-element_type=\"widget\" data-widget_type=\"image.default\">\n\t\t\t\t<div class=\"elementor-widget-container\">\n\t\t\t\t\t\t\t\t\t\t\t\t\t\t\t<img fetchpriority=\"high\" decoding=\"async\" width=\"546\" height=\"415\" src=\"https:\/\/algarvedentalimplants.com\/wp-content\/uploads\/2023\/10\/Chameleon.svg\" class=\"attachment-full size-full wp-image-224\" alt=\"\" \/>\t\t\t\t\t\t\t\t\t\t\t\t\t\t\t<\/div>\n\t\t\t\t<\/div>\n\t\t\t\t\t<\/div>\n\t\t\t\t<\/div>\n\t\t<div class=\"elementor-element elementor-element-6685e12 e-flex e-con-boxed e-con e-parent\" data-id=\"6685e12\" data-element_type=\"container\" data-settings=\"{&quot;jet_parallax_layout_list&quot;:[]}\">\n\t\t\t\t\t<div class=\"e-con-inner\">\n\t\t\t\t<div class=\"elementor-element elementor-element-ac3c207 elementor-widget elementor-widget-spacer\" data-id=\"ac3c207\" data-element_type=\"widget\" data-widget_type=\"spacer.default\">\n\t\t\t\t<div class=\"elementor-widget-container\">\n\t\t\t\t\t\t\t<div class=\"elementor-spacer\">\n\t\t\t<div class=\"elementor-spacer-inner\"><\/div>\n\t\t<\/div>\n\t\t\t\t\t\t<\/div>\n\t\t\t\t<\/div>\n\t\t\t\t\t<\/div>\n\t\t\t\t<\/div>\n\t\t<div class=\"elementor-element elementor-element-f181d5a e-flex e-con-boxed e-con e-parent\" data-id=\"f181d5a\" data-element_type=\"container\" data-settings=\"{&quot;jet_parallax_layout_list&quot;:[]}\">\n\t\t\t\t\t<div class=\"e-con-inner\">\n\t\t<div class=\"elementor-element elementor-element-55b3aa1 e-flex e-con-boxed e-con e-child\" data-id=\"55b3aa1\" data-element_type=\"container\" data-settings=\"{&quot;jet_parallax_layout_list&quot;:[]}\">\n\t\t\t\t\t<div class=\"e-con-inner\">\n\t\t<div class=\"elementor-element elementor-element-3b1c7c4 e-con-full e-flex e-con e-child\" data-id=\"3b1c7c4\" data-element_type=\"container\" data-settings=\"{&quot;jet_parallax_layout_list&quot;:[]}\">\n\t\t\t\t<div class=\"elementor-element elementor-element-c2a7ff5 elementor-widget elementor-widget-text-editor\" data-id=\"c2a7ff5\" data-element_type=\"widget\" data-widget_type=\"text-editor.default\">\n\t\t\t\t<div class=\"elementor-widget-container\">\n\t\t\t\t\t\t\t\t\t<p>Il \u00e9tait une fois un dentiste qui vivait dans l\u2019Algarve ensoleill\u00e9. Un jour, alors qu\u2019il se promenait dans son jardin, il a rencontr\u00e9 un petit compagnon...<\/p><p>Son petit ami profitait de la chaleur agr\u00e9able et de la nature paisible.<\/p><p>C\u2019\u00e9tait bien lui ! Le Cam\u00e9l\u00e9on ! L\u2019un des habitants les plus charismatiques de l\u2019Algarve !<\/p><p>Qui n'est pas ravi d'apercevoir cet ami perch\u00e9 sur une branche ? Constamment attentif \u00e0 son environnement, ce sage reptile conna\u00eet parfaitement la nature et sait comment en tirer le meilleur parti. C'est pourquoi le cam\u00e9l\u00e9on peut changer de couleur, s'adaptant ainsi aux conditions m\u00e9t\u00e9orologiques, \u00e0 son environnement et \u00e0 son humeur.<\/p><p>Peu importe le temps \u00e9coul\u00e9, peu importe son \u00e2ge, inutile de s\u2019attarder sur ce qui a \u00e9t\u00e9 perdu ou laiss\u00e9 dans le pass\u00e9. Pour le Cam\u00e9l\u00e9on, tout peut \u00eatre r\u00e9invent\u00e9, tout peut \u00eatre transform\u00e9, tout peut \u00eatre recr\u00e9\u00e9 ! Tel est le miracle de la Nature.<\/p>\t\t\t\t\t\t\t\t<\/div>\n\t\t\t\t<\/div>\n\t\t\t\t<\/div>\n\t\t<div class=\"elementor-element elementor-element-6abff52 e-con-full e-flex e-con e-child\" data-id=\"6abff52\" data-element_type=\"container\" data-settings=\"{&quot;jet_parallax_layout_list&quot;:[]}\">\n\t\t\t\t<div class=\"elementor-element elementor-element-981fae6 elementor-widget elementor-widget-text-editor\" data-id=\"981fae6\" data-element_type=\"widget\" data-widget_type=\"text-editor.default\">\n\t\t\t\t<div class=\"elementor-widget-container\">\n\t\t\t\t\t\t\t\t\t<p>Alors le Dentiste s\u2019est dit : \u00ab Pourquoi ne pas apprendre quelque chose de lui ? En alliant l\u2019ing\u00e9niosit\u00e9 du Cam\u00e9l\u00e9on aux meilleures technologies et donn\u00e9es scientifiques, la m\u00e9decine dentaire peut elle aussi am\u00e9liorer et adapter notre apparence et notre perception de nous-m\u00eames ! \u00bb<\/p><p><b>\u00ab QUELLE LE\u00c7ON ! \u00bb, PENSA LE DENTISTE !<\/b><\/p><p>Vous souvenez-vous du sourire que vous aviez quand vous \u00e9tiez jeune et que votre sant\u00e9 bucco-dentaire \u00e9tait diff\u00e9rente ? Et si nous vous disions que, gr\u00e2ce aux implants, vous pouvez retrouver une image plaisante et saine ?<\/p><p>Si le cam\u00e9l\u00e9on change de couleur pour refl\u00e9ter ce qu'il ressent, pourquoi notre sourire ne pourrait-il pas s'exprimer sans limites ? Renversons la situation en notre faveur ! Une sage le\u00e7on d'un petit reptile local et ancien.<\/p>\t\t\t\t\t\t\t\t<\/div>\n\t\t\t\t<\/div>\n\t\t\t\t<\/div>\n\t\t\t\t\t<\/div>\n\t\t\t\t<\/div>\n\t\t\t\t\t<\/div>\n\t\t\t\t<\/div>\n\t\t<div class=\"elementor-element elementor-element-a3f1530 e-flex e-con-boxed e-con e-parent\" data-id=\"a3f1530\" data-element_type=\"container\" data-settings=\"{&quot;jet_parallax_layout_list&quot;:[]}\">\n\t\t\t\t\t<div class=\"e-con-inner\">\n\t\t\t\t<div class=\"elementor-element elementor-element-22a495e elementor-widget elementor-widget-spacer\" data-id=\"22a495e\" data-element_type=\"widget\" data-widget_type=\"spacer.default\">\n\t\t\t\t<div class=\"elementor-widget-container\">\n\t\t\t\t\t\t\t<div class=\"elementor-spacer\">\n\t\t\t<div class=\"elementor-spacer-inner\"><\/div>\n\t\t<\/div>\n\t\t\t\t\t\t<\/div>\n\t\t\t\t<\/div>\n\t\t\t\t\t<\/div>\n\t\t\t\t<\/div>\n\t\t<div class=\"elementor-element elementor-element-e4a38d5 e-flex e-con-boxed e-con e-parent\" data-id=\"e4a38d5\" data-element_type=\"container\" data-settings=\"{&quot;jet_parallax_layout_list&quot;:[]}\">\n\t\t\t\t\t<div class=\"e-con-inner\">\n\t\t\t\t<div class=\"elementor-element elementor-element-8bfd8f4 elementor-widget elementor-widget-image\" data-id=\"8bfd8f4\" data-element_type=\"widget\" data-widget_type=\"image.default\">\n\t\t\t\t<div class=\"elementor-widget-container\">\n\t\t\t\t\t\t\t\t\t\t\t\t\t\t\t<img decoding=\"async\" width=\"1460\" height=\"1274\" src=\"https:\/\/algarvedentalimplants.com\/wp-content\/uploads\/2023\/10\/Dr-Cris-Piessens-Chameleon.jpg\" class=\"attachment-full size-full wp-image-226\" alt=\"Dr Cris Piessens Chameleon\" srcset=\"https:\/\/algarvedentalimplants.com\/wp-content\/uploads\/2023\/10\/Dr-Cris-Piessens-Chameleon.jpg 1460w, https:\/\/algarvedentalimplants.com\/wp-content\/uploads\/2023\/10\/Dr-Cris-Piessens-Chameleon-600x524.jpg 600w, https:\/\/algarvedentalimplants.com\/wp-content\/uploads\/2023\/10\/Dr-Cris-Piessens-Chameleon-300x262.jpg 300w, https:\/\/algarvedentalimplants.com\/wp-content\/uploads\/2023\/10\/Dr-Cris-Piessens-Chameleon-1024x894.jpg 1024w, https:\/\/algarvedentalimplants.com\/wp-content\/uploads\/2023\/10\/Dr-Cris-Piessens-Chameleon-768x670.jpg 768w\" sizes=\"(max-width: 1460px) 100vw, 1460px\" \/>\t\t\t\t\t\t\t\t\t\t\t\t\t\t\t<\/div>\n\t\t\t\t<\/div>\n\t\t\t\t\t<\/div>\n\t\t\t\t<\/div>\n\t\t<div class=\"elementor-element elementor-element-5577fde elementor-hidden-tablet elementor-hidden-mobile e-flex e-con-boxed e-con e-parent\" data-id=\"5577fde\" data-element_type=\"container\" data-settings=\"{&quot;jet_parallax_layout_list&quot;:[]}\">\n\t\t\t\t\t<div class=\"e-con-inner\">\n\t\t\t\t<div class=\"elementor-element elementor-element-6afce6f elementor-widget elementor-widget-spacer\" data-id=\"6afce6f\" data-element_type=\"widget\" data-widget_type=\"spacer.default\">\n\t\t\t\t<div class=\"elementor-widget-container\">\n\t\t\t\t\t\t\t<div class=\"elementor-spacer\">\n\t\t\t<div class=\"elementor-spacer-inner\"><\/div>\n\t\t<\/div>\n\t\t\t\t\t\t<\/div>\n\t\t\t\t<\/div>\n\t\t\t\t\t<\/div>\n\t\t\t\t<\/div>\n\t\t\t\t<\/div>","protected":false},"excerpt":{"rendered":"<p>Why The Chameleon? The Lesson From The Chameleon Once upon a time, a dentist lived in the sunny Algarve, and one day while walking in his garden, he bumped into a little friend. His little friend was enjoying the pleasant heat and peaceful nature. It was him! The Chameleon! One of the most charismatic inhabitants [&hellip;]<\/p>","protected":false},"author":2,"featured_media":0,"parent":0,"menu_order":0,"comment_status":"closed","ping_status":"closed","template":"elementor_header_footer","meta":{"_joinchat":[],"footnotes":""},"class_list":["post-187","page","type-page","status-publish","hentry"],"_links":{"self":[{"href":"https:\/\/algarvedentalimplants.com\/fr\/wp-json\/wp\/v2\/pages\/187","targetHints":{"allow":["GET"]}}],"collection":[{"href":"https:\/\/algarvedentalimplants.com\/fr\/wp-json\/wp\/v2\/pages"}],"about":[{"href":"https:\/\/algarvedentalimplants.com\/fr\/wp-json\/wp\/v2\/types\/page"}],"author":[{"embeddable":true,"href":"https:\/\/algarvedentalimplants.com\/fr\/wp-json\/wp\/v2\/users\/2"}],"replies":[{"embeddable":true,"href":"https:\/\/algarvedentalimplants.com\/fr\/wp-json\/wp\/v2\/comments?post=187"}],"version-history":[{"count":0,"href":"https:\/\/algarvedentalimplants.com\/fr\/wp-json\/wp\/v2\/pages\/187\/revisions"}],"wp:attachment":[{"href":"https:\/\/algarvedentalimplants.com\/fr\/wp-json\/wp\/v2\/media?parent=187"}],"curies":[{"name":"wp","href":"https:\/\/api.w.org\/{rel}","templated":true}]}}