{"id":2071,"date":"2024-05-14T18:28:53","date_gmt":"2024-05-14T18:28:53","guid":{"rendered":"https:\/\/algarvedentalimplants.com\/?page_id=2071"},"modified":"2025-05-20T13:58:35","modified_gmt":"2025-05-20T13:58:35","slug":"cookie-policy","status":"publish","type":"page","link":"https:\/\/algarvedentalimplants.com\/fr\/cookie-policy\/","title":{"rendered":"Politique de cookies"},"content":{"rendered":"<div data-elementor-type=\"wp-page\" data-elementor-id=\"2071\" class=\"elementor elementor-2071\" data-elementor-post-type=\"page\">\n\t\t\t\t<div class=\"elementor-element elementor-element-a324c55 e-con-full e-flex e-con e-parent\" data-id=\"a324c55\" data-element_type=\"container\" data-settings=\"{&quot;jet_parallax_layout_list&quot;:[]}\">\n\t\t<div class=\"elementor-element elementor-element-6fb93fd e-con-full e-flex e-con e-child\" data-id=\"6fb93fd\" data-element_type=\"container\" data-settings=\"{&quot;jet_parallax_layout_list&quot;:[]}\">\n\t\t\t\t<div class=\"elementor-element elementor-element-4720adf elementor--v-position-bottom elementor-arrows-position-inside elementor-pagination-position-inside elementor-widget elementor-widget-slides\" data-id=\"4720adf\" data-element_type=\"widget\" data-settings=\"{&quot;navigation&quot;:&quot;both&quot;,&quot;autoplay&quot;:&quot;yes&quot;,&quot;pause_on_hover&quot;:&quot;yes&quot;,&quot;pause_on_interaction&quot;:&quot;yes&quot;,&quot;autoplay_speed&quot;:5000,&quot;infinite&quot;:&quot;yes&quot;,&quot;transition&quot;:&quot;slide&quot;,&quot;transition_speed&quot;:500}\" data-widget_type=\"slides.default\">\n\t\t\t\t<div class=\"elementor-widget-container\">\n\t\t\t\t\t\t\t\t\t<div class=\"elementor-swiper\">\n\t\t\t\t\t<div class=\"elementor-slides-wrapper elementor-main-swiper swiper\" role=\"region\" aria-roledescription=\"carousel\" aria-label=\"Slides\" dir=\"ltr\" data-animation=\"fadeInUp\">\n\t\t\t\t<div class=\"swiper-wrapper elementor-slides\">\n\t\t\t\t\t\t\t\t\t\t<div class=\"elementor-repeater-item-5bf1270 swiper-slide\" role=\"group\" aria-roledescription=\"slide\"><div class=\"swiper-slide-bg\" role=\"img\" aria-label=\"why algarve main reasons to travel to algarve\"><\/div><div class=\"elementor-background-overlay\"><\/div><div class=\"swiper-slide-inner\" ><div class=\"swiper-slide-contents\"><\/div><\/div><\/div>\t\t\t\t<\/div>\n\t\t\t\t\t\t\t<\/div>\n\t\t\t\t<\/div>\n\t\t\t\t\t\t\t\t<\/div>\n\t\t\t\t<\/div>\n\t\t\t\t<\/div>\n\t\t\t\t<\/div>\n\t\t<div class=\"elementor-element elementor-element-39453ec e-flex e-con-boxed e-con e-parent\" data-id=\"39453ec\" data-element_type=\"container\" data-settings=\"{&quot;jet_parallax_layout_list&quot;:[]}\">\n\t\t\t\t\t<div class=\"e-con-inner\">\n\t\t\t\t<div class=\"elementor-element elementor-element-1d782f6 elementor-widget elementor-widget-heading\" data-id=\"1d782f6\" data-element_type=\"widget\" data-widget_type=\"heading.default\">\n\t\t\t\t<div class=\"elementor-widget-container\">\n\t\t\t\t\t<h1 class=\"elementor-heading-title elementor-size-default\">Politique de cookies<\/h1>\t\t\t\t<\/div>\n\t\t\t\t<\/div>\n\t\t\t\t\t<\/div>\n\t\t\t\t<\/div>\n\t\t<div class=\"elementor-element elementor-element-dd1d2a6 e-flex e-con-boxed e-con e-parent\" data-id=\"dd1d2a6\" data-element_type=\"container\" data-settings=\"{&quot;jet_parallax_layout_list&quot;:[]}\">\n\t\t\t\t\t<div class=\"e-con-inner\">\n\t\t\t\t<div class=\"elementor-element elementor-element-ae03b42 elementor-widget elementor-widget-text-editor\" data-id=\"ae03b42\" data-element_type=\"widget\" data-widget_type=\"text-editor.default\">\n\t\t\t\t<div class=\"elementor-widget-container\">\n\t\t\t\t\t\t\t\t\t<p>La pr\u00e9sente politique d\u00e9crit comment les cookies et technologies similaires sont utilis\u00e9s sur le site internet de Algarve Dental Implants, disponible \u00e0 l\u2019adresse <a href=\"https:\/\/algarvedentalimplants.com\/fr\/\">https:\/\/algarvedentalimplants.com\/<\/a>et comment l\u2019Utilisateur peut g\u00e9rer et configurer leur installation.<\/p>\n<p>La pr\u00e9sente version entre en vigueur \u00e0 compter du 8 avril 2024.<\/p>\n<ol>\n<li><strong>1.\tResponsable du Site internet et coordonn\u00e9es<\/strong>\n<\/li>\n<ol>\n<li>L\u2019entit\u00e9 responsable du site internet de Algarve Dental Implants est la soci\u00e9t\u00e9 Worldetails, Lda., soci\u00e9t\u00e9 \u00e0 responsabilit\u00e9 limit\u00e9e ayant si\u00e8ge \u00e0 l\u2019adresse Av. da Liberdade 96, 1\u00ba C\/D, 8200-002 Albufeira, inscrite au Registre portugais du commerce et des soci\u00e9t\u00e9s (Conservat\u00f3ria do Registo Comercial) de \u00cdlhavo, sous le num\u00e9ro unique de matricule et fiscal 510 798 497, qui op\u00e8re sur le march\u00e9 avec la marque d\u00e9pos\u00e9e Algarve Dental Implants.<\/li>\n<li>1.2.\tEn cas de doute de la part de l\u2019Utilisateur concernant le traitement de donn\u00e9es personnelles collect\u00e9es sur le Site internet par le biais de cookies, ou s\u2019il souhaite exercer ses droits en tant que titulaire des donn\u00e9es personnelles, il pourra contacter la soci\u00e9t\u00e9 par le courriel <a href=\"mailto:info@dentalimplantsportugal.com\">info@dentalimplantsportugal.com<\/a> ou par lettre adress\u00e9e \u00e0 Algarve Dental Implants\/Worldetails, \u00e0 l\u2019adresse Av. da Liberdade 96, 1\u00ba C\/D, 8200-002 Albufeira.<\/li>\n<\/ol>\n<\/ol>\n<div><br><\/div>\n<div><\/div>\n<ol start=\"2\">\n<li><strong>Que sont les cookies ? <\/strong>\n<\/li>\n<ul>\n<li>Cookies are small text files that can be stored on your device and then retrieved by a web server from the device. Cookies allow web servers the ability to do specific things such as, remembering that you have logged into the platform.&nbsp; Some cookies allow us and the service providers to keep track of browsing activities of users of the website and to associate certain activities with a session.<\/li>\n<li>Some cookies are temporary, which means that they will only be active as long as you have your browser open. Others, so-called persistent cookies, remain on your computer for longer periods or until you delete them in your browser settings.&nbsp; Our website uses both temporary and persistent cookies.<\/li>\n<li>Un pixel invisible, ou web beacon, est une image de tr\u00e8s petite taille que l\u2019on peut trouver dans les pages d\u2019un site internet et dans des courriels, qui est utilis\u00e9e normalement avec les cookies pour identifier les utilisateurs et leur comportement.<\/li>\n<\/ul>\n<\/ol>\n<div><br><\/div>\n<div><\/div>\n<ol start=\"3\">\n<li><strong>Quels cookies utilisons-nous ?<\/strong>\n<\/li>\n<ul>\n<li>Sur le site internet de Algarve Dental Implants, nous utilisons les types de cookies suivants :\n<\/li>\n<ul>\n<li><strong>Cookies n\u00e9cessaires <\/strong>\u2013 Ces cookies sont essentiels pour que l\u2019Utilisateur puisse naviguer sur le Site internet et utiliser ses fonctionnalit\u00e9s. L\u2019Utilisateur peut configurer son navigateur de fa\u00e7on \u00e0 bloquer ces cookies ou \u00e0 \u00eatre averti de leur existence ; cependant, certaines parties du Site internet pourront ne pas fonctionner correctement si vous les d\u00e9sactivez.<\/li>\n<li><strong>Cookies analytiques <\/strong>&#8211; These cookies help us understand how you move around the website and what we are able to do to improve the content displayed. They allow us to count visits to the website and identify the different sources of traffic providing information about which pages are the most and least visited, links clicked and how visitors navigate the website.&nbsp; None of this information can be used to identify you.&nbsp; The information collected is aggregated and therefore anonymous.&nbsp; If you&nbsp; do not accept these cookies, we will not know when you have visited the website.<\/li>\n<li><strong>Cookies fonctionnels <\/strong>&#8211; These cookies are necessary to provide certain functionalities when you access or use the website.&nbsp; In order to provide you with a better user experience, for example, to allow you to choose the language in which you want to browse the website, these cookies may identify you and record the preferences chosen. If you do not authorise these cookies, it is possible that these features will not function properly.<\/li>\n<li><strong>Cookies de publicit\u00e9<\/strong> &#8211; These cookies are placed from the website by advertising companies and networks with the purpose of presenting you with advertisements that are more relevant to you and your interests, limiting the number of times you see an advertisement and measuring the effectiveness of advertising campaigns. These cookies may be used by these companies to build a profile of your interests and show you relevant advertisements on other websites.&nbsp; This information is shared with other organisations such as, advertisers. If you do not authorise these cookies, you will not see our personalised advertising across different websites.<\/li>\n<\/ul>\n<\/ul>\n<\/ol>\n<div><br><\/div>\n<div><br><\/div>\n<div><\/div>\n<table width=\"648\">\n<tbody>\n<tr>\n<td width=\"118\"><strong>Nom <\/strong><\/td>\n<td width=\"146\"><strong>Entit\u00e9<\/strong><\/td>\n<td width=\"328\"><strong>Description<\/strong><\/td>\n<td width=\"55\"><strong>Va-lidity<\/strong><\/td>\n<\/tr>\n<tr>\n<td colspan=\"4\" width=\"648\"><strong>Cookies n\u00e9cessaires<\/strong><\/td>\n<\/tr>\n<tr>\n<td width=\"118\">AWSALBCORS<\/td>\n<td width=\"146\">kuula.co<\/td>\n<td width=\"328\">Utilis\u00e9 par le site de visites virtuelles Kuula pour garantir une exp\u00e9rience utilisateur efficace et sans probl\u00e8me, tout en \u00e9vitant la surcharge du syst\u00e8me caus\u00e9e par une activit\u00e9 simultan\u00e9e excessive.<\/td>\n<td width=\"55\">6 mois<\/td>\n<\/tr>\n<tr>\n<td colspan=\"4\" width=\"648\"><strong>Cookies analytiques<\/strong><\/td>\n<\/tr>\n<tr>\n<td width=\"118\">_ga<\/td>\n<td width=\"146\">\n<p>algarvedentalimplants<\/p>\n<p>crispiessens.com<\/p>\n<\/td>\n<td width=\"328\">Utilis\u00e9 par Google Analytics pour enregistrer une identification unique utilis\u00e9e pour produire des donn\u00e9es statistiques sur la navigation du visiteur sur le site internet, en stockant des informations de fa\u00e7on anonyme.<\/td>\n<td width=\"55\">3 mois<\/td>\n<\/tr>\n<tr>\n<td width=\"118\">_ga_*<\/td>\n<td width=\"146\">\n<p>algarvedentalimplants<\/p>\n<p>crispiessens.com<\/p>\n<\/td>\n<td width=\"328\">Utilis\u00e9 par Google Analytics pour collecter des donn\u00e9es sur le nombre de visites d\u2019un utilisateur, ainsi que les dates de la premi\u00e8re et derni\u00e8re visite.<\/td>\n<td width=\"55\">13 mois<\/td>\n<\/tr>\n<tr>\n<td width=\"118\">_hjSessionUser_*<\/td>\n<td width=\"146\">\n<p>algarvedentalimplants<\/p>\n<p>crispiessens.com<\/p>\n<\/td>\n<td width=\"328\">Utilis\u00e9 par Hotjar pour attribuer une identification unique \u00e0 chaque visiteur permettant de suivre ses comportements et interactions sur le site internet, afin d\u2019optimiser le site et d\u2019am\u00e9liorer l\u2019exp\u00e9rience de l\u2019utilisateur, en stockant des informations de fa\u00e7on anonyme.<\/td>\n<td width=\"55\">13 mois<\/td>\n<\/tr>\n<tr>\n<td width=\"118\">_hjSession_*<\/td>\n<td width=\"146\">\n<p>algarvedentalimplants<\/p>\n<p>crispiessens.com<\/p>\n<\/td>\n<td width=\"328\">Utilis\u00e9 par Hotjar pour conserver les donn\u00e9es de la session actuelle et garantir que les demandes suivantes dans la fen\u00eatre de la session sont attribu\u00e9es \u00e0 la m\u00eame session.<\/td>\n<td width=\"55\">1 an<\/td>\n<\/tr>\n<tr>\n<td colspan=\"4\" width=\"648\"><strong>Cookies fonctionnels<\/strong><\/td>\n<\/tr>\n<tr>\n<td width=\"118\">AEC<\/td>\n<td width=\"146\">.google.com<\/td>\n<td width=\"328\">Utilis\u00e9 par Google pour d\u00e9tecter le spam, les fraudes et les utilisations abusives et pour aider \u00e0 s\u2019assurer que les annonceurs ne sont pas factur\u00e9s \u00e0 tort pour des impressions frauduleuses ou interactions incorrectes avec les annonces, et que les cr\u00e9ateurs YouTube du Programme Partenaire YouTube sont r\u00e9mun\u00e9r\u00e9s de fa\u00e7on \u00e9quitable.<\/td>\n<td width=\"55\">1 an<\/td>\n<\/tr>\n<tr>\n<td width=\"118\">SOCS<\/td>\n<td width=\"146\">.google.com<\/td>\n<td width=\"328\">Utilis\u00e9 par Google pour stocker l\u2019\u00e9tat d\u2019un utilisateur quant aux choix de cookies respectifs.<\/td>\n<td width=\"55\">6 mois<\/td>\n<\/tr>\n<tr>\n<td width=\"118\">\n<p>VISITOR_INFO1<\/p>\n<p>_LIVE<\/p>\n<\/td>\n<td width=\"146\">.youtube.com<\/td>\n<td width=\"328\">Used by Youtube to estimate the bandwidth of users on the website pages with embedded YouTube videos.<\/td>\n<td width=\"55\">6 mois<\/td>\n<\/tr>\n<tr>\n<td width=\"118\">YSC<\/td>\n<td width=\"146\">.youtube.com<\/td>\n<td width=\"328\">Utilis\u00e9 par YouTube pour estimer la bande passante des utilisateurs sur des pages du site internet avec des vid\u00e9os YouTube int\u00e9gr\u00e9es.<\/td>\n<td width=\"55\">13 mois<\/td>\n<\/tr>\n<tr>\n<td width=\"118\">NID<\/td>\n<td width=\"146\">.youtube.com<\/td>\n<td width=\"328\">Utilis\u00e9 pour reproduire les vid\u00e9os YouTube incorpor\u00e9es sur le site internet.<\/td>\n<td width=\"55\">6 mois<\/td>\n<\/tr>\n<tr>\n<td colspan=\"4\" width=\"648\"><strong>Cookies de publicit\u00e9<\/strong><\/td>\n<\/tr>\n<tr>\n<td width=\"118\">_gcl_au<\/td>\n<td width=\"146\">\n<p>algarvedentalimplants<\/p>\n<p>crispiessens.com<\/p>\n<\/td>\n<td width=\"328\">Utilis\u00e9 par Google AdSense pour \u00e9valuer l\u2019efficacit\u00e9 de la publicit\u00e9 sur les sites internet utilisant leurs services.<\/td>\n<td width=\"55\">Session<\/td>\n<\/tr>\n<tr>\n<td width=\"118\">test_cookie<\/td>\n<td width=\"146\">.doubleclick.net<\/td>\n<td width=\"328\">D\u00e9fini par <a href=\"http:\/\/doubleclick.net\" target=\"_blank\" rel=\"noopener\">doubleclick.net<\/a> to determine whether the&nbsp; user&#8217;s browser supports cookies.<\/td>\n<td width=\"55\">8 jours<\/td>\n<\/tr>\n<tr>\n<td width=\"118\">\n<p>VISITOR_PRIVACY<\/p>\n<p>_METADATA<\/p>\n<\/td>\n<td width=\"146\">.youtube.com<\/td>\n<td width=\"328\">Utilis\u00e9 par Youtube pour identifier le cookie de m\u00e9tadonn\u00e9es de confidentialit\u00e9 du visiteur de YouTube.<\/td>\n<td width=\"55\">1 jour<\/td>\n<\/tr>\n<\/tbody>\n<\/table>\n<p><strong>&nbsp;<\/strong><\/p>\n<ol start=\"4\">\n<li><strong>Quelles informations collectons-nous ? <\/strong><\/li>\n<\/ol>\n<p>Through cookies and other similar systems, Algarve Dental Implants collects information which may include data about the browser used, the operating system of the access equipment, the website from which the access was made, the date and time of access, the IP address, the internet provider used by you and other information of this type.&nbsp; Algarve Dental Implants does not have access to the data individually and only analyses it in aggregate form, as statistical and anonymous information.<\/p>\n<p>The law says that we can store cookies on your device if they are strictly necessary for the operation of the website.&nbsp; For all other types of cookies we need your permission.<\/p>\n<ol start=\"5\">\n<li><strong>Comment d\u00e9sactiver ou \u00e9liminer les cookies ?<\/strong>\n<\/li><ul>\n<li>Outre les options pr\u00e9sent\u00e9es dans le panneau de pr\u00e9f\u00e9rences que l\u2019Utilisateur voit quand il acc\u00e8de pour la premi\u00e8re fois au Site internet, pour accepter ou refuser les cookies non essentiels, l\u2019Utilisateur peut encore configurer son navigateur pour accepter, refuser ou \u00e9liminer les cookies.<\/li>\n<li>L\u2019Utilisateur peut effectuer cette configuration via le menu \u00ab pr\u00e9f\u00e9rences \u00bb ou \u00ab options \u00bb du navigateur qu\u2019il utilise. Toutefois, dans certains cas, la d\u00e9sactivation de cookies peut affecter la navigation sur le Site internet, et emp\u00eacher que certains services, comme l\u2019affichage de contenus ou la mise \u00e0 disposition de services externe, fonctionnent correctement.<\/li>\n<li>Dans le menu d\u2019aide du navigateur, l\u2019Utilisateur peut \u00e9galement trouver des informations permettant d\u2019activer le \u00ab mode priv\u00e9 \u00bb et de bloquer certains cookies.<\/li>\n<li>Pour savoir comment d\u00e9sactiver les cookies dans les diff\u00e9rents navigateurs, l\u2019Utilisateur peut suivre les liens suivants :<\/li>\n<\/ul>\n\n<\/ol><div><br><\/div>\n<ul>\n<li><strong>Chrome<\/strong><\/li>\n<\/ul>\n<p>\u2013 <a href=\"https:\/\/support.google.com\/chrome\/answer\/95464?hl=pt&amp;ref_topic=7437824\" target=\"_blank\" rel=\"noopener\">Activer la navigation priv\u00e9e<\/a><\/p>\n<p>\u2013 <a href=\"https:\/\/support.google.com\/chrome\/answer\/95647?hl=pt\" target=\"_blank\" rel=\"noopener\">Activer et d\u00e9sactiver les cookies<\/a><\/p>\n<ul>\n<li><strong>Firefox<\/strong><\/li>\n<\/ul>\n<p>\u2013 <a href=\"https:\/\/support.mozilla.org\/pt-PT\/kb\/como-e-que-eu-ativo-funcionalidade-do-not-track\" target=\"_blank\" rel=\"noopener\">Activer la navigation priv\u00e9e<\/a><\/p>\n<p>\u2013 <a href=\"https:\/\/support.mozilla.org\/pt-PT\/kb\/ativar-desativar-cookies-websites-utilizam-monitorizar-preferencias\" target=\"_blank\" rel=\"noopener\">Activer et d\u00e9sactiver les cookies<\/a><\/p>\n<ul>\n<li><strong>Edge<\/strong><\/li>\n<\/ul>\n<p>\u2013 <a href=\"https:\/\/support.microsoft.com\/pt-pt\/microsoft-edge\/navega%25C3%25A7%25C3%25A3o-inprivate-no-microsoft-edge-cd2c9a48-0bc4-b98e-5e46-ac40c84e27e2\" target=\"_blank\" rel=\"noopener\">Activer la navigation priv\u00e9e<\/a><\/p>\n<p>\u2013 <a href=\"https:\/\/support.microsoft.com\/pt-pt\/windows\/microsoft-edge-dados-de-navega%25C3%25A7%25C3%25A3o-e-privacidade-bb8174ba-9d73-dcf2-9b4a-c582b4e640dd\" target=\"_blank\" rel=\"noopener\">Enable and disble cookies<\/a><\/p>\n<ul>\n<li><strong>Safari<\/strong><\/li>\n<\/ul>\n<p>\u2013 <a href=\"https:\/\/support.apple.com\/pt-pt\/guide\/safari\/ibrw1069\/mac\" target=\"_blank\" rel=\"noopener\">Activer la navigation priv\u00e9e<\/a><\/p>\n<p>\u2013 <a href=\"https:\/\/support.apple.com\/pt-pt\/guide\/safari\/sfri11471\/13.0\/mac\/10.15\" target=\"_blank\" rel=\"noopener\">Activer et d\u00e9sactiver les cookies<\/a><\/p>\t\t\t\t\t\t\t\t<\/div>\n\t\t\t\t<\/div>\n\t\t\t\t\t<\/div>\n\t\t\t\t<\/div>\n\t\t<div class=\"elementor-element elementor-element-ad54b58 e-flex e-con-boxed e-con e-parent\" data-id=\"ad54b58\" data-element_type=\"container\" data-settings=\"{&quot;jet_parallax_layout_list&quot;:[]}\">\n\t\t\t\t\t<div class=\"e-con-inner\">\n\t\t\t\t<div class=\"elementor-element elementor-element-0481273 elementor-widget elementor-widget-spacer\" data-id=\"0481273\" data-element_type=\"widget\" data-widget_type=\"spacer.default\">\n\t\t\t\t<div class=\"elementor-widget-container\">\n\t\t\t\t\t\t\t<div class=\"elementor-spacer\">\n\t\t\t<div class=\"elementor-spacer-inner\"><\/div>\n\t\t<\/div>\n\t\t\t\t\t\t<\/div>\n\t\t\t\t<\/div>\n\t\t\t\t\t<\/div>\n\t\t\t\t<\/div>\n\t\t\t\t<\/div>","protected":false},"excerpt":{"rendered":"<p>Cookie Policy This policy describes how cookies and similar technologies are used on the Algarve Dental Implants website, https:\/\/algarvedentalimplants.com\/, and how the User can manage and configure their installation. The present version is effective as of 8 April 2024. Responsible for the Website and Contacts The entity responsible for Algarve Dental Implants website is Worldetails, [&hellip;]<\/p>","protected":false},"author":1,"featured_media":0,"parent":0,"menu_order":0,"comment_status":"closed","ping_status":"closed","template":"elementor_header_footer","meta":{"_joinchat":[],"footnotes":""},"class_list":["post-2071","page","type-page","status-publish","hentry"],"_links":{"self":[{"href":"https:\/\/algarvedentalimplants.com\/fr\/wp-json\/wp\/v2\/pages\/2071","targetHints":{"allow":["GET"]}}],"collection":[{"href":"https:\/\/algarvedentalimplants.com\/fr\/wp-json\/wp\/v2\/pages"}],"about":[{"href":"https:\/\/algarvedentalimplants.com\/fr\/wp-json\/wp\/v2\/types\/page"}],"author":[{"embeddable":true,"href":"https:\/\/algarvedentalimplants.com\/fr\/wp-json\/wp\/v2\/users\/1"}],"replies":[{"embeddable":true,"href":"https:\/\/algarvedentalimplants.com\/fr\/wp-json\/wp\/v2\/comments?post=2071"}],"version-history":[{"count":0,"href":"https:\/\/algarvedentalimplants.com\/fr\/wp-json\/wp\/v2\/pages\/2071\/revisions"}],"wp:attachment":[{"href":"https:\/\/algarvedentalimplants.com\/fr\/wp-json\/wp\/v2\/media?parent=2071"}],"curies":[{"name":"wp","href":"https:\/\/api.w.org\/{rel}","templated":true}]}}