{"id":2079,"date":"2024-05-14T18:34:59","date_gmt":"2024-05-14T18:34:59","guid":{"rendered":"https:\/\/algarvedentalimplants.com\/?page_id=2079"},"modified":"2025-10-07T09:49:31","modified_gmt":"2025-10-07T09:49:31","slug":"terms-of-use","status":"publish","type":"page","link":"https:\/\/algarvedentalimplants.com\/fr\/terms-of-use\/","title":{"rendered":"Conditions g\u00e9n\u00e9rales d\u2019utilisation"},"content":{"rendered":"<div data-elementor-type=\"wp-page\" data-elementor-id=\"2079\" class=\"elementor elementor-2079\" data-elementor-post-type=\"page\">\n\t\t\t\t<div class=\"elementor-element elementor-element-a324c55 e-con-full e-flex e-con e-parent\" data-id=\"a324c55\" data-element_type=\"container\" data-settings=\"{&quot;jet_parallax_layout_list&quot;:[]}\">\n\t\t<div class=\"elementor-element elementor-element-6fb93fd e-con-full e-flex e-con e-child\" data-id=\"6fb93fd\" data-element_type=\"container\" data-settings=\"{&quot;jet_parallax_layout_list&quot;:[]}\">\n\t\t\t\t<div class=\"elementor-element elementor-element-4720adf elementor--v-position-bottom elementor-arrows-position-inside elementor-pagination-position-inside elementor-widget elementor-widget-slides\" data-id=\"4720adf\" data-element_type=\"widget\" data-settings=\"{&quot;navigation&quot;:&quot;both&quot;,&quot;autoplay&quot;:&quot;yes&quot;,&quot;pause_on_hover&quot;:&quot;yes&quot;,&quot;pause_on_interaction&quot;:&quot;yes&quot;,&quot;autoplay_speed&quot;:5000,&quot;infinite&quot;:&quot;yes&quot;,&quot;transition&quot;:&quot;slide&quot;,&quot;transition_speed&quot;:500}\" data-widget_type=\"slides.default\">\n\t\t\t\t<div class=\"elementor-widget-container\">\n\t\t\t\t\t\t\t\t\t<div class=\"elementor-swiper\">\n\t\t\t\t\t<div class=\"elementor-slides-wrapper elementor-main-swiper swiper\" role=\"region\" aria-roledescription=\"carousel\" aria-label=\"Slides\" dir=\"ltr\" data-animation=\"fadeInUp\">\n\t\t\t\t<div class=\"swiper-wrapper elementor-slides\">\n\t\t\t\t\t\t\t\t\t\t<div class=\"elementor-repeater-item-5bf1270 swiper-slide\" role=\"group\" aria-roledescription=\"slide\"><div class=\"swiper-slide-bg\" role=\"img\" aria-label=\"why algarve main reasons to travel to algarve\"><\/div><div class=\"elementor-background-overlay\"><\/div><div class=\"swiper-slide-inner\" ><div class=\"swiper-slide-contents\"><\/div><\/div><\/div>\t\t\t\t<\/div>\n\t\t\t\t\t\t\t<\/div>\n\t\t\t\t<\/div>\n\t\t\t\t\t\t\t\t<\/div>\n\t\t\t\t<\/div>\n\t\t\t\t<\/div>\n\t\t\t\t<\/div>\n\t\t<div class=\"elementor-element elementor-element-39453ec e-flex e-con-boxed e-con e-parent\" data-id=\"39453ec\" data-element_type=\"container\" data-settings=\"{&quot;jet_parallax_layout_list&quot;:[]}\">\n\t\t\t\t\t<div class=\"e-con-inner\">\n\t\t\t\t<div class=\"elementor-element elementor-element-1d782f6 elementor-widget elementor-widget-heading\" data-id=\"1d782f6\" data-element_type=\"widget\" data-widget_type=\"heading.default\">\n\t\t\t\t<div class=\"elementor-widget-container\">\n\t\t\t\t\t<h1 class=\"elementor-heading-title elementor-size-default\">Conditions g\u00e9n\u00e9rales d\u2019utilisation<\/h1>\t\t\t\t<\/div>\n\t\t\t\t<\/div>\n\t\t\t\t\t<\/div>\n\t\t\t\t<\/div>\n\t\t<div class=\"elementor-element elementor-element-dd1d2a6 e-flex e-con-boxed e-con e-parent\" data-id=\"dd1d2a6\" data-element_type=\"container\" data-settings=\"{&quot;jet_parallax_layout_list&quot;:[]}\">\n\t\t\t\t\t<div class=\"e-con-inner\">\n\t\t\t\t<div class=\"elementor-element elementor-element-ae03b42 elementor-widget elementor-widget-text-editor\" data-id=\"ae03b42\" data-element_type=\"widget\" data-widget_type=\"text-editor.default\">\n\t\t\t\t<div class=\"elementor-widget-container\">\n\t\t\t\t\t\t\t\t\t<p>Le site internet <a href=\"https:\/\/algarvedentalimplants.com\/fr\/\">https:\/\/algarvedentalimplants.com\/<\/a> est la propri\u00e9t\u00e9 de la soci\u00e9t\u00e9 Worldetails, Lda., soci\u00e9t\u00e9 \u00e0 responsabilit\u00e9 limit\u00e9e ayant si\u00e8ge \u00e0 l\u2019adresse Av. da Liberdade 96, 1\u00ba C\/D, 8200-002 Albufeira, inscrite au Registre portugais du commerce et des soci\u00e9t\u00e9s (Conservat\u00f3ria do Registo Comercial) de \u00cdlhavo, sous le num\u00e9ro unique de matricule et fiscal 510 798 497, qui op\u00e8re sur le march\u00e9 avec la marque d\u00e9pos\u00e9e Algarve Dental Implants.<\/p><p><span style=\"color: var( --e-global-color-text ); text-align: var(--text-align); font-size: 1rem;\">L\u2019Utilisateur reconna\u00eet qu\u2019en poursuivant la navigation sur ce site internet, il accepte les Conditions g\u00e9n\u00e9rales d\u2019utilisation qui r\u00e8glementent l\u2019utilisation du Site internet.<\/span><\/p><p><span style=\"color: var( --e-global-color-text ); text-align: var(--text-align); font-size: 1rem;\">Les pr\u00e9sentes Conditions g\u00e9n\u00e9rales d\u2019utilisation peuvent faire l\u2019objet de modifications \u00e0 tout moment. Worldetails recommande \u00e0 l\u2019Utilisateur de consulter r\u00e9guli\u00e8rement cette page.<\/span><\/p><p><span style=\"color: var( --e-global-color-text ); text-align: var(--text-align); font-size: 1rem;\">\u00a0<\/span><\/p><ol><li><strong>Utilisation du Site internet<\/strong><\/li><\/ol><ul><li style=\"list-style-type: none;\"><ul><li>L\u2019Utilisateur peut acc\u00e9der librement au Site internet par son navigateur et s\u2019engage \u00e0 l\u2019utiliser de fa\u00e7on responsable et toujours de bonne foi.<\/li><li>L\u2019Utilisateur s\u2019abstient notamment de toute conduite contraire \u00e0 la loi enfreignant les droits de Worldetails ou de tiers, ou portant atteinte au bon nom, image, r\u00e9putation et prestige de la soci\u00e9t\u00e9, de ses propri\u00e9taires, dirigeants, employ\u00e9s ou partenaires.<\/li><li>L\u2019Utilisateur s\u2019engage \u00e0 n\u2019utiliser aucun outil ou mesure technologique destin\u00e9 \u00e0 exploiter d\u2019\u00e9ventuelles vuln\u00e9rabilit\u00e9 informatiques du Site internet, dans le but d\u2019interrompre, d\u00e9truire ou limiter son fonctionnement.<\/li><li>L\u2019Utilisateur s\u2019engage par ailleurs \u00e0 communiquer imm\u00e9diatement \u00e0 Worldetails toute anomalie d\u00e9tect\u00e9e sur le Site internet et \u00e0 s\u2019abstenir d\u2019essayer d\u2019acc\u00e9der aux informations qu\u2019il contient, comme les donn\u00e9es personnelles, ou d\u2019essayer de modifier les caract\u00e9ristiques du Site internet ou d\u2019exploiter l\u2019anomalie afin d\u2019utiliser le Site internet de fa\u00e7on irr\u00e9guli\u00e8re.<\/li><li>En cas de violation de ces r\u00e8gles, l\u2019Utilisateur pourra \u00eatre tenu pour responsable, conform\u00e9ment \u00e0 la loi, quant aux \u00e9ventuels dommages caus\u00e9s \u00e0 Worldetails et\/ou \u00e0 tout tiers.<\/li><li>Worldetails se r\u00e9serve le droit de, \u00e0 tout moment, suspendre l\u2019acc\u00e8s au Site internet ou \u00e0 certaines de ses pages afin d\u2019effectuer des activit\u00e9s de gestion, maintenance, r\u00e9paration ou modification, ainsi que de fermer le Site internet \u00e0 tout moment.<\/li><\/ul><\/li><\/ul><div>\u00a0<\/div><ol start=\"2\"><li><strong>Informations mises \u00e0 disposition<\/strong><ul><li>Les informations mises \u00e0 disposition sur le Site internet ont pour but de clarifier et d\u2019informer les Utilisateurs quant \u00e0 l\u2019activit\u00e9 de la clinique Algarve Dental Implants ainsi qu\u2019aux services fournis.<\/li><li>Bien que soumises \u00e0 une r\u00e9vision minutieuse, les informations publi\u00e9es peuvent contenir des erreurs ou impr\u00e9cisions et peuvent ne pas toujours \u00eatre actualis\u00e9es, en raison de quoi elles doivent \u00eatre consid\u00e9r\u00e9es par l\u2019Utilisateur comme purement indicatives.<\/li><\/ul><\/li><\/ol><div>\u00a0<\/div><ol start=\"3\"><li><strong>S\u00e9curit\u00e9 du Site internet<\/strong><ul><li>Worldetails surveille le trafic sur le Site internet afin de garantir la disponibilit\u00e9 et int\u00e9grit\u00e9 de ce dernier, en vue d\u2019identifier toute tentative non autoris\u00e9e d\u2019acc\u00e8s, de modification de contenus ou d\u2019activit\u00e9s pouvant compromettre le Site internet.<\/li><li>Les tentatives non autoris\u00e9es de modification, destruction ou corruption des informations du Site internet, d\u2019analyse ou d\u2019atteinte aux conditions de s\u00e9curit\u00e9, d\u2019installation de logiciel non autoris\u00e9 ou d\u2019utilisation du syst\u00e8me \u00e0 des fins diff\u00e9rentes de celles ici d\u00e9crites sont interdites et seront d\u00e9nonc\u00e9es aux autorit\u00e9s comp\u00e9tentes.<\/li><\/ul><\/li><\/ol><div>\u00a0<\/div><ol start=\"4\"><li><strong>Responsabilit\u00e9<\/strong><ul><li>La soci\u00e9t\u00e9 Worldetails ne pourra \u00eatre tenue responsable des dommages r\u00e9sultant d\u2019erreurs dans les contenus publi\u00e9s, d\u2019irr\u00e9gularit\u00e9s ou du dysfonctionnement du Site internet, de l\u2019utilisation incorrecte ou de l\u2019impossibilit\u00e9 d\u2019utilisation du Site internet.<\/li><\/ul><\/li><\/ol><div>\u00a0<\/div><ol start=\"5\"><li><strong>Propri\u00e9t\u00e9 intellectuelle<\/strong><ul><li>L\u2019Utilisateur reconna\u00eet que les contenus du Site internet sont prot\u00e9g\u00e9s par les droits de propri\u00e9t\u00e9 intellectuelle, en vertu des lois portugaises et de l\u2019Union europ\u00e9enne, et s\u2019engage \u00e0 respecter ces droits.<\/li><li>Tous les contenus du Site internet, y compris les textes, images, sons, animations et autres \u00e9l\u00e9ments graphiques, ainsi que la disposition et la structure du Site internet et la marque d\u00e9pos\u00e9e Algarve Dental Implants sont la propri\u00e9t\u00e9 intellectuelle de la soci\u00e9t\u00e9 Worldetails, Lda. ou sont utilis\u00e9s avec le consentement de leurs titulaires respectifs, et ne peuvent \u00eatre utilis\u00e9s en dehors des conditions l\u2019utilisation libre permises par la loi, sans accord pr\u00e9alable et \u00e9crit.<\/li><li>Les demandes d\u2019autorisation pour l\u2019utilisation des contenus du Site internet doivent \u00eatre formul\u00e9es par courriel \u00e0 <a href=\"mailto:info@dentalimplantsportugal.com\">info@dentalimplantsportugal.com<\/a>.<\/li><\/ul><\/li><\/ol><div>\u00a0<\/div><ol start=\"6\"><li><strong>Traitement de donn\u00e9es personnelles<\/strong><ul><li>La navigation sur le Site internet peut impliquer la fourniture de donn\u00e9es personnelles qui sont trait\u00e9es conform\u00e9ment \u00e0 la Politique de confidentialit\u00e9 du Site internet disponible sur cette page : <a href=\"https:\/\/algarvedentalimplants.com\/pt\/privacy-policy-rgpd\/\">https:\/\/algarvedentalimplants.com\/pt\/privacy-policy-rgpd\/<\/a>.<\/li><li>Lors de ses interactions avec la clinique, par exemple, via le formulaire de contact mis \u00e0 disposition sur le Site internet, l\u2019Utilisateur devra s\u2019abstenir de fournir toute donn\u00e9e personnelle de tiers sans le consentement de ces derniers.<\/li><\/ul><\/li><\/ol><div>\u00a0<\/div><ol start=\"7\"><li><strong>Liens hypertextes vers d\u2019autres sites internet<\/strong><ul><li>Le Site internet pourra contenir des liens vers des sites internet d\u2019autres entit\u00e9s. Ces sites internet ne sont ni propri\u00e9t\u00e9 ni op\u00e9r\u00e9s ou contr\u00f4l\u00e9s par la soci\u00e9t\u00e9 Worldetails, celle-ci ne pouvant pas \u00eatre tenue pour responsable du contenu de ces sites internet, ni des dommages pouvant r\u00e9sulter de l\u2019acc\u00e8s auxdits sites internet.<\/li><li>La cr\u00e9ation de liens hypertextes vers le site internet de Algarve Dental Implants est soumise \u00e0 une autorisation pr\u00e9alable \u00e9crite. Les demandes d\u2019autorisation doivent \u00eatre formul\u00e9es par courriel \u00e0 <a href=\"mailto:info@dentalimplantsportugal.com\">info@dentalimplantsportugal.com<\/a> &nbsp;<\/li><\/ul><\/li><\/ol><div>\u00a0<\/div><ol start=\"8\"><li><strong>Questions et suggestions<\/strong><ul><li>If you have any questions about these Terms of Use, you should contact Algarve Dental implants\/Worldetails through the following means:<\/li><\/ul><\/li><\/ol><div>\u00a0<\/div><p>T\u00e9l\u00e9phone : +351 912 986\u00a0126<\/p><p>Courriel : <a href=\"mailto:info@dentalimplantsportugal.com\">info@dentalimplantsportugal.com<\/a>\u00a0<\/p><p>Adresse : Av. da Liberdade 96, 1\u00ba C\/D, 8200-002 Albufeira<\/p><ol start=\"9\"><li><strong>Droit applicable<\/strong><ul><li>Les pr\u00e9sentes Conditions g\u00e9n\u00e9rales d\u2019utilisation du Site internet sont soumises au droit portugais.<\/li><\/ul><\/li><\/ol>\t\t\t\t\t\t\t\t<\/div>\n\t\t\t\t<\/div>\n\t\t\t\t\t<\/div>\n\t\t\t\t<\/div>\n\t\t<div class=\"elementor-element elementor-element-ad54b58 e-flex e-con-boxed e-con e-parent\" data-id=\"ad54b58\" data-element_type=\"container\" data-settings=\"{&quot;jet_parallax_layout_list&quot;:[]}\">\n\t\t\t\t\t<div class=\"e-con-inner\">\n\t\t\t\t<div class=\"elementor-element elementor-element-0481273 elementor-widget elementor-widget-spacer\" data-id=\"0481273\" data-element_type=\"widget\" data-widget_type=\"spacer.default\">\n\t\t\t\t<div class=\"elementor-widget-container\">\n\t\t\t\t\t\t\t<div class=\"elementor-spacer\">\n\t\t\t<div class=\"elementor-spacer-inner\"><\/div>\n\t\t<\/div>\n\t\t\t\t\t\t<\/div>\n\t\t\t\t<\/div>\n\t\t\t\t\t<\/div>\n\t\t\t\t<\/div>\n\t\t\t\t<\/div>","protected":false},"excerpt":{"rendered":"<p>Terms of Use The website https:\/\/algarvedentalimplants.com\/ owned by Worldetails, Lda., a private limited company headquartered at Av. da Liberdade 96, 1\u00ba C\/D, 8200-002 Albufeira. Registered at the Commercial Registry Office of \u00cdlhavo, under the unique registration and tax number 510 798 497, which operates in the market under the registered trademark Algarve Dental Implants. The [&hellip;]<\/p>","protected":false},"author":1,"featured_media":0,"parent":0,"menu_order":0,"comment_status":"closed","ping_status":"closed","template":"elementor_header_footer","meta":{"_joinchat":[],"footnotes":""},"class_list":["post-2079","page","type-page","status-publish","hentry"],"_links":{"self":[{"href":"https:\/\/algarvedentalimplants.com\/fr\/wp-json\/wp\/v2\/pages\/2079","targetHints":{"allow":["GET"]}}],"collection":[{"href":"https:\/\/algarvedentalimplants.com\/fr\/wp-json\/wp\/v2\/pages"}],"about":[{"href":"https:\/\/algarvedentalimplants.com\/fr\/wp-json\/wp\/v2\/types\/page"}],"author":[{"embeddable":true,"href":"https:\/\/algarvedentalimplants.com\/fr\/wp-json\/wp\/v2\/users\/1"}],"replies":[{"embeddable":true,"href":"https:\/\/algarvedentalimplants.com\/fr\/wp-json\/wp\/v2\/comments?post=2079"}],"version-history":[{"count":3,"href":"https:\/\/algarvedentalimplants.com\/fr\/wp-json\/wp\/v2\/pages\/2079\/revisions"}],"predecessor-version":[{"id":2967,"href":"https:\/\/algarvedentalimplants.com\/fr\/wp-json\/wp\/v2\/pages\/2079\/revisions\/2967"}],"wp:attachment":[{"href":"https:\/\/algarvedentalimplants.com\/fr\/wp-json\/wp\/v2\/media?parent=2079"}],"curies":[{"name":"wp","href":"https:\/\/api.w.org\/{rel}","templated":true}]}}