{"id":925,"date":"2023-11-09T14:47:14","date_gmt":"2023-11-09T14:47:14","guid":{"rendered":"https:\/\/algarvedentalimplants.com\/?page_id=925"},"modified":"2025-05-20T13:51:42","modified_gmt":"2025-05-20T13:51:42","slug":"curriculum-dr-cris-piessens","status":"publish","type":"page","link":"https:\/\/algarvedentalimplants.com\/fr\/curriculum-dr-cris-piessens\/","title":{"rendered":"CV Dr Cris Piessens"},"content":{"rendered":"<div data-elementor-type=\"wp-post\" data-elementor-id=\"925\" class=\"elementor elementor-925\" data-elementor-post-type=\"page\">\n\t\t\t\t<div class=\"elementor-element elementor-element-6480c09 e-con-full e-flex e-con e-parent\" data-id=\"6480c09\" data-element_type=\"container\" data-settings=\"{&quot;jet_parallax_layout_list&quot;:[]}\">\n\t\t\t\t<div class=\"elementor-element elementor-element-ab3b577 elementor--v-position-bottom elementor-arrows-position-inside elementor-pagination-position-inside elementor-widget elementor-widget-slides\" data-id=\"ab3b577\" data-element_type=\"widget\" data-settings=\"{&quot;navigation&quot;:&quot;both&quot;,&quot;autoplay&quot;:&quot;yes&quot;,&quot;pause_on_hover&quot;:&quot;yes&quot;,&quot;pause_on_interaction&quot;:&quot;yes&quot;,&quot;autoplay_speed&quot;:5000,&quot;infinite&quot;:&quot;yes&quot;,&quot;transition&quot;:&quot;slide&quot;,&quot;transition_speed&quot;:500}\" data-widget_type=\"slides.default\">\n\t\t\t\t<div class=\"elementor-widget-container\">\n\t\t\t\t\t\t\t\t\t<div class=\"elementor-swiper\">\n\t\t\t\t\t<div class=\"elementor-slides-wrapper elementor-main-swiper swiper\" role=\"region\" aria-roledescription=\"carousel\" aria-label=\"Slides\" dir=\"ltr\" data-animation=\"fadeInUp\" data-no-translation-aria-label=\"\">\n\t\t\t\t<div class=\"swiper-wrapper elementor-slides\">\n\t\t\t\t\t\t\t\t\t\t<div class=\"elementor-repeater-item-5bf1270 swiper-slide\" role=\"group\" aria-roledescription=\"slide\"><div class=\"swiper-slide-bg\" role=\"img\" aria-label=\"Dr Cris Piessens Dentist Implantologist more then 30 years placing dental implants 2\"><\/div><div class=\"elementor-background-overlay\"><\/div><div class=\"swiper-slide-inner\" ><div class=\"swiper-slide-contents\"><\/div><\/div><\/div>\t\t\t\t<\/div>\n\t\t\t\t\t\t\t<\/div>\n\t\t\t\t<\/div>\n\t\t\t\t\t\t\t\t<\/div>\n\t\t\t\t<\/div>\n\t\t\t\t<\/div>\n\t\t<div class=\"elementor-element elementor-element-708252d e-flex e-con-boxed e-con e-parent\" data-id=\"708252d\" data-element_type=\"container\" data-settings=\"{&quot;jet_parallax_layout_list&quot;:[]}\">\n\t\t\t\t\t<div class=\"e-con-inner\">\n\t\t\t\t<div class=\"elementor-element elementor-element-09771b1 elementor-widget elementor-widget-heading\" data-id=\"09771b1\" data-element_type=\"widget\" data-widget_type=\"heading.default\">\n\t\t\t\t<div class=\"elementor-widget-container\">\n\t\t\t\t\t<h1 class=\"elementor-heading-title elementor-size-default\">CV<\/h1>\t\t\t\t<\/div>\n\t\t\t\t<\/div>\n\t\t\t\t<div class=\"elementor-element elementor-element-ab4de37 elementor-widget elementor-widget-heading\" data-id=\"ab4de37\" data-element_type=\"widget\" data-widget_type=\"heading.default\">\n\t\t\t\t<div class=\"elementor-widget-container\">\n\t\t\t\t\t<h2 class=\"elementor-heading-title elementor-size-default\">Dr Cris Piessens\n<\/h2>\t\t\t\t<\/div>\n\t\t\t\t<\/div>\n\t\t\t\t\t<\/div>\n\t\t\t\t<\/div>\n\t\t<div class=\"elementor-element elementor-element-e6d6239 e-flex e-con-boxed e-con e-parent\" data-id=\"e6d6239\" data-element_type=\"container\" data-settings=\"{&quot;jet_parallax_layout_list&quot;:[]}\">\n\t\t\t\t\t<div class=\"e-con-inner\">\n\t\t<div class=\"elementor-element elementor-element-94a3da8 e-con-full e-flex e-con e-child\" data-id=\"94a3da8\" data-element_type=\"container\" data-settings=\"{&quot;background_background&quot;:&quot;classic&quot;,&quot;jet_parallax_layout_list&quot;:[]}\">\n\t\t\t\t<div class=\"elementor-element elementor-element-70d494c elementor-widget-mobile__width-initial elementor-widget elementor-widget-heading\" data-id=\"70d494c\" data-element_type=\"widget\" data-widget_type=\"heading.default\">\n\t\t\t\t<div class=\"elementor-widget-container\">\n\t\t\t\t\t<h2 class=\"elementor-heading-title elementor-size-default\">Dr Cris Piessens<\/h2>\t\t\t\t<\/div>\n\t\t\t\t<\/div>\n\t\t\t\t<div class=\"elementor-element elementor-element-0ed7cf5 elementor-widget elementor-widget-heading\" data-id=\"0ed7cf5\" data-element_type=\"widget\" data-widget_type=\"heading.default\">\n\t\t\t\t<div class=\"elementor-widget-container\">\n\t\t\t\t\t<h2 class=\"elementor-heading-title elementor-size-default\">Dentiste-implantologue<\/h2>\t\t\t\t<\/div>\n\t\t\t\t<\/div>\n\t\t\t\t<\/div>\n\t\t<div class=\"elementor-element elementor-element-36888c8 e-con-full e-flex e-con e-child\" data-id=\"36888c8\" data-element_type=\"container\" data-settings=\"{&quot;jet_parallax_layout_list&quot;:[],&quot;background_background&quot;:&quot;classic&quot;}\">\n\t\t\t\t<div class=\"elementor-element elementor-element-ac9e318 elementor-widget elementor-widget-text-editor\" data-id=\"ac9e318\" data-element_type=\"widget\" data-widget_type=\"text-editor.default\">\n\t\t\t\t<div class=\"elementor-widget-container\">\n\t\t\t\t\t\t\t\t\t<p class=\"Body\"><span style=\"font-size: 10.0pt;\">Sp\u00e9cialiste de la r\u00e9g\u00e9n\u00e9ration en implantologie dentaire et parodontologie<\/span><\/p>\t\t\t\t\t\t\t\t<\/div>\n\t\t\t\t<\/div>\n\t\t\t\t<div class=\"elementor-element elementor-element-60e4af5 elementor-widget elementor-widget-text-editor\" data-id=\"60e4af5\" data-element_type=\"widget\" data-widget_type=\"text-editor.default\">\n\t\t\t\t<div class=\"elementor-widget-container\">\n\t\t\t\t\t\t\t\t\t<p>Le Dr Cris Piessens, de nationalit\u00e9 belge, a commenc\u00e9 sa carri\u00e8re en tant qu\u2019implantologue en 1987, apr\u00e8s un postdoctorat en exclusif pendant 1 an avec le Prof Chantal Malevez.<\/p><p>Gr\u00e2ce \u00e0 sa vaste exp\u00e9rience clinique et aux formations internationales continues, le Dr Cris Piessens est un professionnel r\u00e9put\u00e9 et leader dans le domaine de la chirurgie, de l\u2019implantologie et de la r\u00e9habilitation orale.\u00a0<\/p><p>Formateur et conf\u00e9rencier international en implantologie et r\u00e9habilitation orale.<\/p><p>Plus de 30 ans d\u2019exp\u00e9rience.<\/p><p>Membre n.\u00ba 1201 de l\u2019Ordre portugais des chirurgiens-dentistes (OMD)  Parle couramment 5 langues : n\u00e9erlandais, anglais, portugais, fran\u00e7ais et allemand.<\/p>\t\t\t\t\t\t\t\t<\/div>\n\t\t\t\t<\/div>\n\t\t\t\t<\/div>\n\t\t\t\t\t<\/div>\n\t\t\t\t<\/div>\n\t\t<div class=\"elementor-element elementor-element-a5cb5b4 e-flex e-con-boxed e-con e-parent\" data-id=\"a5cb5b4\" data-element_type=\"container\" data-settings=\"{&quot;jet_parallax_layout_list&quot;:[]}\">\n\t\t\t\t\t<div class=\"e-con-inner\">\n\t\t\t\t<div class=\"elementor-element elementor-element-20296f0 elementor-widget elementor-widget-spacer\" data-id=\"20296f0\" data-element_type=\"widget\" data-widget_type=\"spacer.default\">\n\t\t\t\t<div class=\"elementor-widget-container\">\n\t\t\t\t\t\t\t<div class=\"elementor-spacer\">\n\t\t\t<div class=\"elementor-spacer-inner\"><\/div>\n\t\t<\/div>\n\t\t\t\t\t\t<\/div>\n\t\t\t\t<\/div>\n\t\t\t\t\t<\/div>\n\t\t\t\t<\/div>\n\t\t<div class=\"elementor-element elementor-element-a35bf09 e-flex e-con-boxed e-con e-parent\" data-id=\"a35bf09\" data-element_type=\"container\" data-settings=\"{&quot;jet_parallax_layout_list&quot;:[]}\">\n\t\t\t\t\t<div class=\"e-con-inner\">\n\t\t<div class=\"elementor-element elementor-element-96c0b43 e-con-full e-flex e-con e-child\" data-id=\"96c0b43\" data-element_type=\"container\" data-settings=\"{&quot;jet_parallax_layout_list&quot;:[]}\">\n\t\t\t\t<div class=\"elementor-element elementor-element-6d714f2 elementor-widget elementor-widget-text-editor\" data-id=\"6d714f2\" data-element_type=\"widget\" data-widget_type=\"text-editor.default\">\n\t\t\t\t<div class=\"elementor-widget-container\">\n\t\t\t\t\t\t\t\t\t<p><b>1986: <\/b>Formation en M\u00e9decine dentaire de la\nFacult\u00e9 de M\u00e9decine de l\u2019Universit\u00e9 Libre de\nBruxelles (ULB), <b>Bruxelles, Belgique<\/b><\/p><p><b>1986\/87:<\/b> Service militaire en tant que M\u00e9decin\ndentiste de l\u2019Arm\u00e9e belge, \u00c9cole Royale de\nGendarmerie - <b>Bruxelles, Belgique<\/b><\/p><p><b>1987: <\/b>Sp\u00e9cialisation en Implantologie, M\u00e9decin\nassistant chirurgie avec le <u>Prof. Chantal Malevez<\/u>, H\u00f4pital St. Pierre-Universit\u00e9 Libre de Bruxelles (ULB), <b>Bruxelles, Belgique<\/b><\/p><p><b>1988:<\/b> Premier cours d\u2019Ost\u00e9oint\u00e9gration ad\nmodum Br\u00e5nemark, <u>Prof. Dr. G. Watzek<\/u> &amp; <u>Prof. Dr. R. Slavicek<\/u>, Universit\u00e4tsklinik f\u00fcr Zahn-,Mund- und Kieferheilkunde, <b>Vienne, Autriche<\/b><\/p><p><b>1989:<\/b> S\u00e9minaire \u00ab Implant ost\u00e9oint\u00e9gr\u00e9 IMZ\ncomme modalit\u00e9 pour la r\u00e9habilitation orale et\nmaxillofaciale \u00bb, H\u00f4pital St. Pierre-Universit\u00e9 Libre\nde Bruxelles (ULB) - <b>Bruxelles, Belgique<\/b><\/p><p><b>1989:<\/b> Cours post-universitaire d\u2019Implantologie\norale, Academisch Centrum Tandheelkunde\nAmsterdam (ACTA) - <b>Amsterdam, Pays-Bas<\/b><\/p><p><b>1990: <\/b>Cours post-universitaire de \u00ab Situations\nd\u2019urgence m\u00e9dicale au cabinet dentaire \u00bb,\nAcademisch Centrum Tandheelkunde Amsterdam\n(ACTA) - <b>Amsterdam, Pays-Bas<\/b><\/p><p><b>1991:<\/b> Participation au Congr\u00e8s scientifique de la\nSoci\u00e9t\u00e9 n\u00e9erlandaise d\u2019implantologie orale (NVOI) - <b>Amsterdam, Pays-Bas<\/b><\/p><p><b>1991:<\/b> Formation dans la clinique priv\u00e9e du Dr\nKenneth Judy, Pr\u00e9sident du Congr\u00e8s international\nd\u2019implantologistes oraux (ICOI) \u2013 <b>New York, USA<\/b><\/p><p><b>1992: <\/b>Participation au s\u00e9minaire sur la\n\u00ab R\u00e9g\u00e9n\u00e9ration tissulaire guid\u00e9e \u00bb (mat\u00e9riaux\nr\u00e9g\u00e9n\u00e9ratifs GORE\u00ae), GORE Creative Technologies\nWorldwide - <b>Hertogenbosch, Pays-Bas<\/b><\/p><p><b>1992:<\/b> Participation au premier congr\u00e8s europ\u00e9en\ndu Congr\u00e8s international d\u2019implantologistes (ICOI) - <b>Estoril, Portugal<\/b><\/p><p><b>1992: <\/b>Cours post-universitaire de \u00ab Traitements\nrestauratifs avanc\u00e9s \u00bb, A.Z.-St.-Jan<b> Bruges, Belgique<\/b><\/p><p><b>1994: <\/b>Cours sur les \u00ab Techniques avanc\u00e9es en\nr\u00e9habilitation avec implants Br\u00e5nemark System\u00ae \u00bb, Nobelpharma - <b>Madrid, Espagne<\/b><\/p><p><b>1997: <\/b>Cours sur les \u00ab Succ\u00e8s et complications\navanc\u00e9s dans la th\u00e9rapie avec implants dentaires\net p\u00e9riodontie \u00bb, New York University College of\nDentistry (NYUCD) - <b>Lisbonne, Portugal<\/b><\/p><p><b>1997: <\/b>Participation au 6e Symposium annuel\nd\u2019implantologie de la NYU \u00ab Exploration des\noptions dans la th\u00e9rapie avec implants dentaires\net p\u00e9riodontie \u00bb, New York University College of\nDentistry (NYUCD) - <b>Barcelone, Espagne<\/b><\/p><p><b>1998: <\/b>Dipl\u00f4me en \u00ab Esth\u00e9tique avanc\u00e9e de\nproth\u00e8ses sur implants \u00bb, Br\u00e5nemark <b>Lisbonne, Portugal<\/b><\/p><p><strong>2001:<\/strong> Orateur Biohorizons du Congr\u00e8s Europ\u00e9en \u2013<strong>Cascais, Portugal<\/strong><\/p><p><b>2002: <\/b>Cours sur les \u00ab Hormones de croissance\nen implantologie \u00bb, BTI \u2013 Prof E. Anitua - <u>Prof E. Anitua<\/u>, <b>Vitoria-Gasteiz, Espagne<\/b><\/p><p><b>2003\/04: <\/b>Dipl\u00f4me d\u2019Implantologie dentaire, <u>Dr Carlos Apar\u00edcio<\/u>, Universit\u00e9s de <b>Barcelone, Espagne<\/b> et <b>G\u00f6teborg, Su\u00e8de<\/b><\/p><p><b>2004:<\/b> Cours sur les \u00ab \u00c9tudes internationales\navanc\u00e9es en implantologie chirurgicale dentaire\n\u00bb, <u>Prof. Sascha Jovanovic<\/u>, University of California (UCLA) School of Dentistry, <b>Los Angeles, USA<\/b><\/p><p><b>2004: <\/b>Cours certifi\u00e9 \u00ab Implantologie dentaire de\nA \u00e0 Z \u00bb (cycle de 12 colloques), Global Institute for\nDental Education (GIDE) - <b>Los Angeles,\u00a0<\/b><b style=\"color: var( --e-global-color-text ); text-align: var(--text-align); font-size: 1rem;\">USA\u00a0<\/b><\/p><p><b>2004: <\/b>Participation au s\u00e9minaire sur les \u00ab Incisions\net sutures en chirurgie orale \u00bb, int\u00e9gr\u00e9 dans le 13e\nCongr\u00e8s annuel de l\u2019Ordre des m\u00e9decins-dentistes\n(OMD), - <b>Lisbonne, Portugal<\/b><\/p><p><b>2004:<\/b> Membre du Congr\u00e8s international\nd\u2019implantologistes oraux - (ICOI)<\/p><p><b>2004: <\/b>WebLIVE! Cours en ligne sur la \u00ab Th\u00e9rapie\navanc\u00e9e avec implants dentaires \u00bb, Dr Sascha A.\nJovanovic, Global Institute for Dental Education\n(GIDE) - <b>Los Angeles, USA<\/b><\/p><p><b>2005:<\/b> Participation au 10e Anniversaire du\nSymposium de Nobel Biocare, \u00ab Implantologie\nRestauratrice et Odontologie : perspectives\nd\u2019avenir \u00bb - <b>Madrid, Espagne<\/b><\/p><p><b>2005:<\/b> Cours de formation du Programme de\nplanification d\u2019images 3D SimPlant, Materialise - <b>Leuven, Belgique<\/b><\/p><p><b>2005: <\/b>Cours sur les \u00ab Concepts actuels de fonction\nimm\u00e9diate en implantologie esth\u00e9tique \u00bb, Nobel\nBiocare - <b>Algarve, Portugal<\/b><\/p><p><b>2005\/06: <\/b>Membre du Congr\u00e8s international\nd\u2019implantologistes oraux - (ICOI)<\/p><p><b>2006: <\/b>Membre de l\u2019Acad\u00e9mie SimPlant<\/p><p class=\"p1\"><b>2007 : <\/b>Participation \u00e0 la conf\u00e9rence Nobel Biocare \u2013 <b>Las Vegas, USA<span class=\"Apple-converted-space\">\u00a0<\/span><\/b><\/p><p><b>2009:<\/b> Orateur du Congr\u00e8s europ\u00e9en de\nBioHorizons - <b>Cascais, Portugal<\/b><\/p><p><b>2012:<\/b> Cours sur la S\u00e9dation consciente, Lx Clinic\nOral Care Center, <b>Lisbonne, Portugal<\/b><\/p><p><b>2013: <\/b>Participation au s\u00e9minaire sur la \u00ab\nManipulation de tissus en implantologie - Cours\npratique \u00bb, MIS Implantology Training Center and\nSame Day Solutions (SDS) - <b>Portim\u00e3o, Portugal<\/b><\/p><p><b>2014:<\/b> Participation au symposium Nobel Biocare - <b>Sintra, Portugal<\/b><\/p><p><b>2014:<\/b> Cours sur la \u00ab Chirurgie esth\u00e9tique mucogingivale \u00bb, Prof Giovanni Zucchelli, The Royal College of Physicians - <b>Londres, Angleterre<\/b><\/p><p><b>2014\/15:<\/b> Membre associ\u00e9 de la Foundation for Oral Reabilitation (FOR)<\/p><p><b>2014: <\/b>S\u00e9minaire sur les \u00ab Proc\u00e9d\u00e9s avanc\u00e9s\nen implantologie chirurgicale avanc\u00e9e \u00bb, <u>Prof. Carlos E. Nemcovsky,<\/u> The Maurice and Gabriela Goldschleger School of Dental Medicine, Tel Aviv University - <b>Tel Aviv, Isra\u00ebl<\/b><\/p><p><b>2014: <\/b>Cours sur les \u00ab Concepts avanc\u00e9s en\nimplantologie dentaire, traitement de cas\ncomplexes : simplification, reproductibilit\u00e9, fiabilit\u00e9\n\u00bb, Dr Patrick Palacci et Dr Ulf Nannmark, Br\u00e5nemark Osseointegration Center - <b>Marseille, France<\/b><\/p>\t\t\t\t\t\t\t\t<\/div>\n\t\t\t\t<\/div>\n\t\t\t\t<\/div>\n\t\t<div class=\"elementor-element elementor-element-f7b89f8 e-con-full e-flex e-con e-child\" data-id=\"f7b89f8\" data-element_type=\"container\" data-settings=\"{&quot;jet_parallax_layout_list&quot;:[]}\">\n\t\t\t\t<div class=\"elementor-element elementor-element-5736b5e elementor-widget elementor-widget-text-editor\" data-id=\"5736b5e\" data-element_type=\"widget\" data-widget_type=\"text-editor.default\">\n\t\t\t\t<div class=\"elementor-widget-container\">\n\t\t\t\t\t\t\t\t\t<p><b>2014:<\/b> Cours \u00ab Applications cliniques de PRF\net I-PRF avanc\u00e9s en p\u00e9riodontie, \u00e9l\u00e9vation du\nsinus paranasal et greffe osseuse \u00bb, <u>Dr. Joseph Choukroun,<\/u> International Symposium on Growth\nFactors (SY-FAC) conjointement avec le Kiev\nEducational Center - <b>Kiev, Ukraine<\/b><\/p><p><b>2015:<\/b> Participation au congr\u00e8s Nobel Biocare \u00ab\nPoursuivre l\u2019oeuvre \u00bb - <b>Algarve, Portugal<\/b><\/p><p><b>2015:<\/b> Cours \u00ab Imagerie 3D et diagnostic \u00bb, Nordic Institute of Dental Education (NIDE), conjointement avec Planmeca et l\u2019Universit\u00e9 de Turku - <b>Helsinki, Finlande<\/b><\/p><p><b>2015: <\/b>Participation au congr\u00e8s EuroPerio8 -<b> Londres, Angleterre<\/b><\/p><p><b>2015:<\/b> Cours sur les \u00ab Techniques avanc\u00e9es de\nr\u00e9g\u00e9n\u00e9ration osseuse dans la th\u00e9rapie avec\nimplants dentaires \u00bb, <u>Dr. Istv\u00e1n Urb\u00e1n<\/u>,\u00a0Nobel Biocare, Urban Regeneration Institute - <b>Budapest, Hongrie<\/b><\/p><p><b>2015:<\/b> Formation clinique \u00ab Travailler dans la zone\nesth\u00e9tique, une analyse approfondie de la gestion\nde tissus mous et protocoles pour la mise en place\nd\u2019implants pour maximiser les r\u00e9sultats esth\u00e9tiques optimaux \u00bb, Dr Eric Van Dooren, MIS Implantology Training Center et Same Day Solutions (SDS), Cl\u00ednica Dent\u00e1ria d\u2019Avenida - <b>Vila Nova de Gaia, Portugal<\/b><\/p><p><b>2015:<\/b> Orateur \u00ab Implantologie en clinique : cas\ncomplexes, solutions simples \u00bb, Same Day Solutions (SDS), int\u00e9gr\u00e9 dans la 24e Rencontre annuelle de l\u2019Ordre des m\u00e9decins dentistes (OMD) - <b>Lisbonne, Portugal<\/b><\/p><p><b>2015:<\/b> Cours \u00ab Lamin\u00e9s c\u00e9ramiques \u2013 planification\net ex\u00e9cution \u00bb, <u>Dr.<\/u> <u>Nelson Massing<\/u>, <b>Faro, Portugal<\/b><\/p><p><b>2016:<\/b> Cours \u00ab R\u00e9habilitation imm\u00e9diate des\nmandibules \u00e9dent\u00e9es \u00bb, MIS Implantology Training\nCenter et Same Day Solutions (SDS) - <b>Palmela, Portugal<\/b><\/p><p><b>2016: <\/b>Cours d\u2019Immersion en restauration dentoalv\u00e9olaire\nimm\u00e9diate (RDI), <u>Dr. Jos\u00e9 Carlos da Rosa,<\/u> Rosa Odontologia, <b>Caxias do Sul, Br\u00e9sil<\/b><\/p><p><b>2016: <\/b>Cours avanc\u00e9 en Restauration dentoalv\u00e9olaire\nimm\u00e9diate (RDI), <u>Dr. Jos\u00e9 Carlos Martins da Rosa<\/u>, Rosa Odontologia, <b>Caxias do<\/b> <b>Sul, Br\u00e9sil<\/b><\/p><p><b>2016:<\/b> Orateur\/Organisateur : Formation clinique\n\u00ab All-On-4 : charge imm\u00e9diate et r\u00e9habilitation de\nl\u2019arcade compl\u00e8te \u00bb (1e, 2e, 3e \u00e9ditions), CP Clinic - <b>Albufeira, Portugal<\/b><\/p><p><b>2017: <\/b>Cours \u00ab Occlusion \u00bb, <u>Dr Lu\u00eds Redinha<\/u>, <b>Lisbonne, Portugal<\/b><\/p><p><b>2017:<\/b> Cours avanc\u00e9 \u00ab All-On-4 : charge imm\u00e9diate\net r\u00e9habilitation de l\u2019arcade compl\u00e8te \u00bb, <u>Dr Anthony Sclar,<\/u>&nbsp;Anthony Sclar Center <b>Miami, USA<\/b><\/p><p><b>2017: <\/b>Orateur invit\u00e9\/Conf\u00e9rencier sur le th\u00e8me \u00ab\nAll-On-4 avec charge imm\u00e9diate \u00bb, H\u00f4pital militaire <b>Porto, Portugal<\/b><\/p><p><b>2017:<\/b> Orateur invit\u00e9\/Conf\u00e9rencier sur le th\u00e8me\n\u00ab Dysmorphie dentofaciale \u00bb, int\u00e9gr\u00e9 dans le IVe\nCongr\u00e8s international de DTM et DOF \u2013 Universit\u00e9\nde M\u00e9decine dentaire de Porto, H\u00f4pital de S\u00e3o\nJo\u00e3o - <b>Porto, Portugal<\/b><\/p><p><b>2017:<\/b> Orateur\/Organisateur : formation clinique\n\u00ab All-On-4 : charge imm\u00e9diate et r\u00e9habilitation\nde l\u2019arcade compl\u00e8te \u00bb (4e, 5e \u00e9ditions), CP Clinic - <b>Albufeira, Portugal<\/b><\/p><p><b>2017:<\/b> Orateur invit\u00e9\/Conf\u00e9rencier international\nsur le th\u00e8me \u00ab All-On-4 : charge imm\u00e9diate et\nr\u00e9habilitation de l\u2019arcade compl\u00e8te \u00bb, Anthogyr - <b>Sallanches, France<\/b><\/p><p><b>2018: <\/b>Orateur invit\u00e9 international sur le th\u00e8me \u00ab All-On-4 : charge imm\u00e9diate et r\u00e9habilitation de\nl\u2019arcade compl\u00e8te \u00bb, Anthogyr - <b>Sallanches, France<\/b><\/p><p><b>2018:<\/b> Orateur invit\u00e9\/ Conf\u00e9rencier sur le th\u00e8me\n\u00ab All-On-4 : charge imm\u00e9diate et r\u00e9habilitation de\nl\u2019arcade compl\u00e8te \u00bb, Anthogyr Axiom Multi Level\nTour - <b>Lisbonne, Portugal<\/b><\/p><p><b>2018: <\/b>Orateur invit\u00e9\/ Conf\u00e9rencier sur le th\u00e8me\n\u00ab All-On-4 : charge imm\u00e9diate et r\u00e9habilitation de\nl\u2019arcade compl\u00e8te \u00bb, Anthogyr Axiom Multi Level\nTour - <b>Porto, Portugal<\/b><\/p><p><b>2019:<\/b> Cours \u00ab Dental Regeneration Specialist \u00bb\n- initi\u00e9 par le University Medical Centre Hamburg -\nEppendorf (UKE) - <u>Prof Dr P\u00e9ter Windisch<\/u> \/ <u>Prof Dr Adrian Kasaj<\/u> &#8211; <b>Berlin - Allemagne<\/b><\/p><p><b>2019: <\/b>Orateur du Congr\u00e8s europ\u00e9en MIS - <b>Lisbonne, Portugal<span class=\"Apple-converted-space\">\u00a0<\/span><\/b><\/p><p><b>2019:<\/b> Orateur invit\u00e9\/Conf\u00e9rencier sur le th\u00e8me\n\u00ab All-On-4 : charge imm\u00e9diate et r\u00e9habilitation de\nl\u2019arcade compl\u00e8te \u00bb - <b>Lisbonne, Portugal<\/b><\/p><p><b>2019:<\/b> CP Clinic - INEM : Premiers secours - <b>Albufeira, Portugal<\/b><\/p><p><b>2019:<\/b> Sp\u00e9cialiste de la r\u00e9g\u00e9n\u00e9ration dentaire \u2013\niniti\u00e9 par le University Medical Centre Hamburg\n- Eppendorf (UKE) - <u>Prof Dr Marius Steigmann<\/u> &#8211; <b>Berlin - Allemagne<\/b><\/p><p><b>2019:<\/b> Sp\u00e9cialiste de la r\u00e9g\u00e9n\u00e9ration dentaire \u2013\niniti\u00e9 par le University Medical Centre Hamburg\n- Eppendorf (UKE) - <u>Prof Dr Daniel Rothamel<\/u> &#8211; <b>Berlin - Allemagne<\/b><\/p><p><b>2019: <\/b>Orateur invit\u00e9 sur le th\u00e8me \u00ab All-On-4 :\ncharge imm\u00e9diate et r\u00e9habilitation de l\u2019arcade\ncompl\u00e8te \u00bb - APAD - <b>Albufeira, Portugal<\/b><\/p><p><b>2019:<\/b> Vivre au Portugal \u2013 Orateur invit\u00e9 sur\nle th\u00e8me \u00ab All-On-4 : charge imm\u00e9diate et\nr\u00e9habilitation de l\u2019arcade compl\u00e8te \u00bb <b>Manchester, Angleterre<\/b><\/p><p><b>2019:<\/b> Sp\u00e9cialiste de la r\u00e9g\u00e9n\u00e9ration dentaire \u2013\niniti\u00e9 par le University Medical Centre Hamburg\n- Eppendorf (UKE) - Prof Dr Ralph Smeets - <b>Hambourg, Allemagne<\/b><\/p><p><b>2020:<\/b> Sp\u00e9cialiste de la r\u00e9g\u00e9n\u00e9ration dentaire \u2013\niniti\u00e9 par le University Medical Centre Hamburg\n- Eppendorf (UKE) - <u>Dr Theodor Thiele \/ Prof Dr<\/u> Stavros Pelikanos \u2013 Cours pratique sur cadavres\nhumains -<b> Hambourg, Allemagne<\/b><\/p><p><b>2020:<\/b> Le Cercle \u2013 3e rencontre scientifique - Le\nCercle - Anthogyr - <b>Sallanches \/ Chamonix, France<\/b><\/p><p><b>2020:<\/b> Cours \u00ab All on 4 - charge imm\u00e9diate : flux de\ntravail prosth\u00e9tique \u00bb pour m\u00e9decins dentistes et\ntechniciens de proth\u00e8ses dentaires, Conf\u00e9rencier et organisateur - <b>Algarve &#8211; Portugal<\/b><\/p><p><b>2021:<\/b> Cours post-universitaire de Sp\u00e9cialiste\nde la r\u00e9g\u00e9n\u00e9ration en Implantodontie et\nParodontie - University Medical Center Hamburg-\nEppendorf (UKE) - Prof Dr Ralf Smeets \/ Dr Alireza\nHoushmand - <b>Hambourg, Allemagne<\/b><\/p><p><b>2022:<\/b> Cours avanc\u00e9 en \u00ab Chirurgie plastique de\nreconstruction parodontale dans la zone esth\u00e9tique \u00bb - Societ\u00e0 di Aggiornamento Stomatologico - Prof Giovanni Zucchelli - <b>Bologne, Italie<\/b><\/p><p><b><span data-slate-fragment=\"JTVCJTdCJTIyY2hpbGRyZW4lMjIlM0ElNUIlN0IlMjJ0eXBlJTIyJTNBJTIycGFyYWdyYXBoJTIyJTJDJTIyY2hpbGRyZW4lMjIlM0ElNUIlN0IlMjJ0ZXh0JTIyJTNBJTIyMjAyMyUyMiU3RCU1RCU3RCU1RCU3RCU1RA==\">2023<\/span>:<\/b> Sp\u00e9cialiste \u2013 Implants \u2013 Cours pratique en pr\u00e9sentiel \u2013 Heidelberg, Allemagne <strong>Heidelberg, Germany<\/strong><\/p>\t\t\t\t\t\t\t\t<\/div>\n\t\t\t\t<\/div>\n\t\t\t\t<\/div>\n\t\t\t\t\t<\/div>\n\t\t\t\t<\/div>\n\t\t\t\t<\/div>","protected":false},"excerpt":{"rendered":"<p>Curriculum Dr. Cris Piessens Dr. Cris Piessens Dentist-Implantologist Regeneration Specialist in Dental Implantology and Periodontology Dr. Cris Piessens, a Belgian national, began his career as an Implantologists in 1987, after a 1-year specialisation exclusively with Professor Dra. Chantal Malevez. His extensive clinical experience and continuous international courses have made him a renowned professional and leader [&hellip;]<\/p>","protected":false},"author":1,"featured_media":0,"parent":0,"menu_order":0,"comment_status":"closed","ping_status":"closed","template":"elementor_header_footer","meta":{"_joinchat":[],"footnotes":""},"class_list":["post-925","page","type-page","status-publish","hentry"],"_links":{"self":[{"href":"https:\/\/algarvedentalimplants.com\/fr\/wp-json\/wp\/v2\/pages\/925","targetHints":{"allow":["GET"]}}],"collection":[{"href":"https:\/\/algarvedentalimplants.com\/fr\/wp-json\/wp\/v2\/pages"}],"about":[{"href":"https:\/\/algarvedentalimplants.com\/fr\/wp-json\/wp\/v2\/types\/page"}],"author":[{"embeddable":true,"href":"https:\/\/algarvedentalimplants.com\/fr\/wp-json\/wp\/v2\/users\/1"}],"replies":[{"embeddable":true,"href":"https:\/\/algarvedentalimplants.com\/fr\/wp-json\/wp\/v2\/comments?post=925"}],"version-history":[{"count":0,"href":"https:\/\/algarvedentalimplants.com\/fr\/wp-json\/wp\/v2\/pages\/925\/revisions"}],"wp:attachment":[{"href":"https:\/\/algarvedentalimplants.com\/fr\/wp-json\/wp\/v2\/media?parent=925"}],"curies":[{"name":"wp","href":"https:\/\/api.w.org\/{rel}","templated":true}]}}