{"id":1253,"date":"2024-01-05T15:25:25","date_gmt":"2024-01-05T15:25:25","guid":{"rendered":"https:\/\/algarvedentalimplants.com\/?page_id=1253"},"modified":"2025-05-20T14:02:01","modified_gmt":"2025-05-20T14:02:01","slug":"privacy-policy-rgpd","status":"publish","type":"page","link":"https:\/\/algarvedentalimplants.com\/pt\/privacy-policy-rgpd\/","title":{"rendered":"Pol\u00edtica de Privacidade RGPD"},"content":{"rendered":"<div data-elementor-type=\"wp-page\" data-elementor-id=\"1253\" class=\"elementor elementor-1253\" data-elementor-post-type=\"page\">\n\t\t\t\t<div class=\"elementor-element elementor-element-a324c55 e-con-full e-flex e-con e-parent\" data-id=\"a324c55\" data-element_type=\"container\" data-settings=\"{&quot;jet_parallax_layout_list&quot;:[]}\">\n\t\t<div class=\"elementor-element elementor-element-6fb93fd e-con-full e-flex e-con e-child\" data-id=\"6fb93fd\" data-element_type=\"container\" data-settings=\"{&quot;jet_parallax_layout_list&quot;:[]}\">\n\t\t\t\t<div class=\"elementor-element elementor-element-4720adf elementor--v-position-bottom elementor-arrows-position-inside elementor-pagination-position-inside elementor-widget elementor-widget-slides\" data-id=\"4720adf\" data-element_type=\"widget\" data-settings=\"{&quot;navigation&quot;:&quot;both&quot;,&quot;autoplay&quot;:&quot;yes&quot;,&quot;pause_on_hover&quot;:&quot;yes&quot;,&quot;pause_on_interaction&quot;:&quot;yes&quot;,&quot;autoplay_speed&quot;:5000,&quot;infinite&quot;:&quot;yes&quot;,&quot;transition&quot;:&quot;slide&quot;,&quot;transition_speed&quot;:500}\" data-widget_type=\"slides.default\">\n\t\t\t\t<div class=\"elementor-widget-container\">\n\t\t\t\t\t\t\t\t\t<div class=\"elementor-swiper\">\n\t\t\t\t\t<div class=\"elementor-slides-wrapper elementor-main-swiper swiper\" role=\"region\" aria-roledescription=\"carousel\" aria-label=\"Slides\" dir=\"ltr\" data-animation=\"fadeInUp\">\n\t\t\t\t<div class=\"swiper-wrapper elementor-slides\">\n\t\t\t\t\t\t\t\t\t\t<div class=\"elementor-repeater-item-5bf1270 swiper-slide\" role=\"group\" aria-roledescription=\"slide\"><div class=\"swiper-slide-bg\" role=\"img\" aria-label=\"why algarve main reasons to travel to algarve\"><\/div><div class=\"elementor-background-overlay\"><\/div><div class=\"swiper-slide-inner\" ><div class=\"swiper-slide-contents\"><\/div><\/div><\/div>\t\t\t\t<\/div>\n\t\t\t\t\t\t\t<\/div>\n\t\t\t\t<\/div>\n\t\t\t\t\t\t\t\t<\/div>\n\t\t\t\t<\/div>\n\t\t\t\t<\/div>\n\t\t\t\t<\/div>\n\t\t<div class=\"elementor-element elementor-element-39453ec e-flex e-con-boxed e-con e-parent\" data-id=\"39453ec\" data-element_type=\"container\" data-settings=\"{&quot;jet_parallax_layout_list&quot;:[]}\">\n\t\t\t\t\t<div class=\"e-con-inner\">\n\t\t\t\t<div class=\"elementor-element elementor-element-91c7296 elementor-widget elementor-widget-heading\" data-id=\"91c7296\" data-element_type=\"widget\" data-widget_type=\"heading.default\">\n\t\t\t\t<div class=\"elementor-widget-container\">\n\t\t\t\t\t<h1 class=\"elementor-heading-title elementor-size-default\">Pol\u00edtica de Privacidade RGPD<\/h1>\t\t\t\t<\/div>\n\t\t\t\t<\/div>\n\t\t\t\t<div class=\"elementor-element elementor-element-1d782f6 elementor-widget elementor-widget-heading\" data-id=\"1d782f6\" data-element_type=\"widget\" data-widget_type=\"heading.default\">\n\t\t\t\t<div class=\"elementor-widget-container\">\n\t\t\t\t\t<h2 class=\"elementor-heading-title elementor-size-default\">Regulamento Geral de Prote\u00e7\u00e3o de Dados<\/h2>\t\t\t\t<\/div>\n\t\t\t\t<\/div>\n\t\t\t\t\t<\/div>\n\t\t\t\t<\/div>\n\t\t<div class=\"elementor-element elementor-element-dd1d2a6 e-flex e-con-boxed e-con e-parent\" data-id=\"dd1d2a6\" data-element_type=\"container\" data-settings=\"{&quot;jet_parallax_layout_list&quot;:[]}\">\n\t\t\t\t\t<div class=\"e-con-inner\">\n\t\t\t\t<div class=\"elementor-element elementor-element-ae03b42 elementor-widget elementor-widget-text-editor\" data-id=\"ae03b42\" data-element_type=\"widget\" data-widget_type=\"text-editor.default\">\n\t\t\t\t<div class=\"elementor-widget-container\">\n\t\t\t\t\t\t\t\t\t<p>Nesta pol\u00edtica informamos o Utilizador do Site informa\u00e7\u00f5es sobre a forma como a empresa Worldetails, Lda. recolhe e trata os seus dados pessoais, atrav\u00e9s da utiliza\u00e7\u00e3o do site <a href=\"https:\/\/algarvedentalimplants.com\/pt\/\">https:\/\/algarvedentalimplants.com\/<\/a>de acordo com as regras do Regulamento (UE) 2016\/679 de 27 de abril de 2016 (Regulamento Geral de Prote\u00e7\u00e3o de Dados Pessoais) e da Lei n\u00ba 58\/2019 de 8 de agosto, incluindo quaisquer dados que possa fornecer atrav\u00e9s deste Site.<\/p><p>\u00c9 importante que o Utilizador leia esta pol\u00edtica de privacidade para que esteja plenamente consciente de como estamos a utilizar os seus dados e porqu\u00ea.<\/p><p>Esta Pol\u00edtica de Privacidade \u00e9 atualizada regulamente, podendo ser alterada sem aviso pr\u00e9vio. Para estar sempre atualizado, recomendamos que o Utilizador a consulte com regularidade.<\/p><p>A presente vers\u00e3o est\u00e1 em vigor a partir de 8 de abril de 2024.<\/p><p><strong>1.\tRespons\u00e1vel pelo tratamento dos dados pessoais e contactos<\/strong><\/p><p>1.1.\tA entidade respons\u00e1vel pelo tratamento dos dados pessoais disponibilizados pelo Utilizador no site Algarve Dental Implants \u00e9 a Worldetails, Lda., sociedade por quotas com sede na Av. da Liberdade 96, 1\u00ba C\/D, 8200-002 Albufeira, registada na Conservat\u00f3ria do Registo Comercial de \u00cdlhavo, sob o n\u00famero \u00fanico de matr\u00edcula e fiscal 510 798 497, que atua no mercado com a marca registada Algarve Dental Implants.<\/p><p>1.2.\tCaso o Utilizador tenha alguma d\u00favida sobre o tratamento de dados pessoais no Site, incluindo qualquer pedido para exercer os seus direitos neste dom\u00ednio, poder\u00e1 contactar a empresa atrav\u00e9s do e-mail <a href=\"mailto:info@dentalimplantsportugal.com\">info@dentalimplantsportugal.com<\/a> ou de carta enviada \u00e0 Algarve Dental Implants\/Worldetails, para Av. da Liberdade 96, 1\u00ba C\/D, 8200-002 Albufeira.<\/p><div>\u00a0<\/div><p><strong>2.\tDados pessoais tratados<\/strong><\/p><p>2.1.\tOs dados pessoais a que nos referimos nesta pol\u00edtica de privacidade s\u00e3o as informa\u00e7\u00f5es relativas ao Utilizador, que nos permitem identific\u00e1-lo direta ou indiretamente. Podemos recolher, utilizar, armazenar e transferir diferentes tipos de dados pessoais sobre o Utilizador, que agrup\u00e1mos da seguinte forma:<\/p><div>\u00a0<\/div><p><strong>2.1.1.\tContactos por e-mail<\/strong><\/p><p>Quando o Utilizador nos envia uma mensagem por e-mail, utilizando o endere\u00e7o disponibilizado no Site, por exemplo a solicitar informa\u00e7\u00f5es sobre os nossos servi\u00e7os ou sobre a cl\u00ednica, trataremos os seus dados de contacto (o e-mail, nome e outros dados que nos forne\u00e7a) e o conte\u00fado da sua mensagem para responder ao seu pedido de contacto, com base nos fundamentos legais da necessidade de efetuar dilig\u00eancias pr\u00e9-contratuais a seu pedido ou do interesse leg\u00edtimo da Algarve Dental Implants em responder aos pedidos de contacto que lhe s\u00e3o dirigidos, consoante o objetivo da sua comunica\u00e7\u00e3o.<\/p><p><strong>2.1.2.\tFormul\u00e1rio de contacto <\/strong><\/p><p>Quando o Utilizador nos contacta atrav\u00e9s do formul\u00e1rio dispon\u00edvel no Site, guardamos os dados de contacto que preencher (servi\u00e7o em que o Utilizador est\u00e1 interessado, nome, e-mail, telefone e indicativo do pa\u00eds) e a mensagem para responder ao seu pedido de forma personalizada, com base nos fundamentos legais da necessidade de efetuar dilig\u00eancias pr\u00e9-contratuais a seu pedido ou do interesse leg\u00edtimo da Algarve Dental Implants em responder aos pedidos de contacto que lhe s\u00e3o dirigidos, consoante o objetivo da sua comunica\u00e7\u00e3o.<\/p><p><strong>2.1.3.\tChat<\/strong><\/p><p>Quando o Utilizador nos contacta por WhatsApp utilizando a funcionalidade de chat dispon\u00edvel no Site, trataremos os seus dados de contacto (nome e n\u00ba de telem\u00f3vel) e as mensagens trocadas para responder ao seu pedido de forma personalizada, com base no fundamento legal do interesse leg\u00edtimo da Algarve Dental Implants em responder aos pedidos de contacto que lhe s\u00e3o dirigidos e em apoiar os seus pacientes durante o processo de tratamento.<\/p><p><strong>2.1.4 &#8211; Newsletter<\/strong><\/p><p>A Algarve Dental Implants envia regularmente newsletters aos Utilizadores que a subscreveram no Site, para os informar sobre as atividades da cl\u00ednica, os seus servi\u00e7os, t\u00e9cnicas, procedimentos e profissionais e sobre not\u00edcias relevantes no dom\u00ednio da implantologia, da sa\u00fade oral e da regi\u00e3o algarvia. O fundamento legal para o tratamento destes dados \u00e9 o consentimento dado pelo Utilizador quando efetua a subscri\u00e7\u00e3o no Site.\nAs newsletters enviadas cont\u00eam um pixel de rastreio. Este pixel \u00e9 um pequeno gr\u00e1fico inserido no ficheiro, que fornece indica\u00e7\u00f5es sobre a abertura das newsletters e dos links que possam ter sido inclu\u00eddos e nos ajuda a otimizar o envio das newsletters e a identificar os conte\u00fados que mais interessam aos nossos subscritores.<\/p><p>O Utilizador que a tenha subscrito poder\u00e1 cancelar a rece\u00e7\u00e3o da newsletter a qualquer momento e sem custos, clicando no link apresentado no rodap\u00e9 da newsletter. Se o fizer, ap\u00f3s confirma\u00e7\u00e3o de que \u00e9 essa a sua vontade, o e-mail do Utilizador ser\u00e1 automaticamente eliminado da lista de destinat\u00e1rios e deixar\u00e1 de receber a newsletter.<\/p><p><strong>2.1.5 &#8211; Cookies<\/strong><\/p><p>A Algarve Dental Implants utiliza cookies, p\u00edxeis e dispositivos similares para recolher dados do Utilizador do Site, incluindo informa\u00e7\u00f5es como o endere\u00e7o de IP, a data e hora do acesso ao site, tipo e vers\u00e3o do browser utilizado, sistema operativo e plataforma, outras tecnologias existentes nos dispositivos que utiliza para aceder ao website e as p\u00e1ginas acedidas. Estes dados s\u00e3o usados de forma agregada para analisar o tr\u00e1fego das visitas ao Site e suportar decis\u00f5es sobre as nossas atividades de marketing. O fundamento legal para o tratamento destes dados s\u00e3o o consentimento do Utilizador dado quando acede pela primeira vez ao Site, pelo que os cookies s\u00f3 ser\u00e3o instalados com a sua autoriza\u00e7\u00e3o. Sugerimos que leia a nossa <a href=\"https:\/\/algarvedentalimplants.com\/pt\/cookie-policy\/\">Pol\u00edtica de Cookies<\/a> para saber com mais detalhe quais s\u00e3o os cookies que utilizamos e a sua finalidade.<\/p><p><strong>2.1.6.\tSeguran\u00e7a do Site<\/strong><\/p><p>Os dados recolhidos atrav\u00e9s de cookies e outros dispositivos, como o endere\u00e7o de IP, o browser usado pelo Utilizador e o dia e a hora de acesso, s\u00e3o tamb\u00e9m utilizados para prevenir e identificar incidentes de seguran\u00e7a no Site, com base no fundamento legal da obriga\u00e7\u00e3o legal que a Algarve Dental Implants tem de garantir a seguran\u00e7a do seu site. Nos casos em que ocorram incidentes, esses dados poder\u00e3o ser transmitidos \u00e0s autoridades competentes.<\/p><p><strong>3.\tPer\u00edodo de conserva\u00e7\u00e3o dos seus dados pessoais <\/strong><\/p><p>3.1.\tOs dados que a Algarve Dental Implants recolhe atrav\u00e9s do Site ser\u00e3o tratados durante o tempo estritamente necess\u00e1rio para cumprir as finalidades para que foram obtidos. Quando o prazo m\u00e1ximo \u00e9 atingido, os dados pessoais ser\u00e3o anonimizados ou eliminados de forma segura. Os prazos mais relevantes s\u00e3o os seguintes:<\/p><div>\u00a0<\/div><p><strong>3.1.1.\tContactos por e-mail<\/strong> Trataremos os dados durante o tempo necess\u00e1rio para responder ao pedido de contacto do Utilizador. Estes dados ser\u00e3o depois arquivados em conjunto com a documenta\u00e7\u00e3o que integra a ficha do paciente, se vierem a ser contratados servi\u00e7os \u00e0 Algarve Dental Implants. Se os contactos n\u00e3o tiverem seguimento, ser\u00e3o eliminados ao fim de 3 meses.<\/p><p><strong>3.1.2 &#8211; Contact Form<\/strong> Trataremos os dados durante o tempo necess\u00e1rio para responder ao pedido de contacto do Utilizador. Estes dados ser\u00e3o depois arquivados em conjunto com a documenta\u00e7\u00e3o que integra a ficha do paciente, se vierem a ser contratados servi\u00e7os \u00e0 Algarve Dental Implants. Se os contactos n\u00e3o tiverem seguimento, ser\u00e3o eliminados ao fim de 3 meses.<\/p><p><strong>3.1.3 &#8211; Chat<\/strong> Os dados do Utilizador ser\u00e3o tratados durante o tempo necess\u00e1rio para responder ao seu pedido. Estes dados ser\u00e3o eliminados ao fim de uma semana.<\/p><p><strong>3.1.4 &#8211; Newsletter<\/strong> Os dados do Utilizador ser\u00e3o tratados at\u00e9 que este nos comunique que n\u00e3o quer continuar a receber a newsletter ou enquanto se mantiver como subscritor ativo, sendo considerado como tal o subscritor que abra a newsletter e\/ou clique num dos seus links pelo menos uma vez no per\u00edodo de 2 anos. Os utilizadores inativos, que n\u00e3o tenham aberto nenhuma newsletter nos \u00faltimos 2 anos, ser\u00e3o exclu\u00eddos da base de dados e os seus dados ser\u00e3o eliminados.<\/p><p><strong>3.1.5 &#8211; Cookies<\/strong> Trataremos os dados do Utilizador durante os prazos em que os cookies se mantiverem ativos. Recomendamos a consulta desses prazos na nossa <a href=\"https:\/\/algarvedentalimplants.com\/pt\/cookie-policy\/\"><u>pol\u00edtica de cookies.<\/u><\/a><\/p><p><strong>3.1.6.\tSeguran\u00e7a do Site<\/strong> Os dados do Utilizador ser\u00e3o tratados pelo per\u00edodo m\u00e1ximo de 90 dias, per\u00edodo ao fim do qual s\u00e3o eliminados, salvo se tiver existido algum incidente de seguran\u00e7a que exija a conserva\u00e7\u00e3o dos dados por um per\u00edodo superior.<\/p><ol start=\"4\"><li><strong>Destinat\u00e1rios dos dados pessoais recolhidos <\/strong><\/li><\/ol><p>4.1.\tOs dados pessoais que a Algarve Dental Implants trata poder\u00e3o ser disponibilizados aos seus colaboradores e a entidades por ela subcontratadas para lhe prestarem apoio, por sua conta e sob a sua responsabilidade e supervis\u00e3o. Entre essas entidades incluem-se:<\/p><p>4.1.1.\tPrestadores de servi\u00e7os tecnol\u00f3gicos e os seus subcontratantes e parceiros<\/p><p>4.1.2.\tPrestadores de servi\u00e7os de marketing digital<\/p><div>\u00a0<\/div><ol start=\"5\"><li><strong>Transfer\u00eancia de dados para fora da Uni\u00e3o Europeia<\/strong><\/li><\/ol><p>5.1.\tNa maioria das situa\u00e7\u00f5es, os dados pessoais recolhidos pela Algarve Dental Implants ser\u00e3o tratados em Portugal ou nos pa\u00edses da Uni\u00e3o Europeia. Alguns dados, como os que s\u00e3o recolhidos por via de cookies pela Google e Facebook e os da newsletter, poder\u00e3o ser acedidos e tratados nos Estados Unidos da Am\u00e9rica.<\/p><p>5.2.\tPara transferirmos dados para estes parceiros, exigimos que nos apresentem evid\u00eancias de que praticam um n\u00edvel de prote\u00e7\u00e3o adequado dos dados pessoais, em compara\u00e7\u00e3o com os padr\u00f5es exigidos pela Uni\u00e3o Europeia, nomeadamente que estejam devidamente certificados e inscritos no Quadro de Privacidade dos Dados Pessoais UE-EUA.<\/p><div>\u00a0<\/div><ol start=\"6\"><li><strong>Que medidas de seguran\u00e7a protegem os seus dados<\/strong><\/li><\/ol><p>\u00a0<span style=\"color: var( --e-global-color-text ); text-align: var(--text-align); font-size: 1rem;\">6.1.\tA Algarve Dental Implants recorre a medidas de seguran\u00e7a f\u00edsicas, tecnol\u00f3gicas e organizativas para proteger os dados pessoais contra a destrui\u00e7\u00e3o, perda, altera\u00e7\u00e3o, divulga\u00e7\u00e3o ou acesso n\u00e3o autorizados. Entre essas medidas, destacamos as seguintes:<\/span><\/p><p>6.1.1.\tO Site utiliza uma liga\u00e7\u00e3o encriptada HTTPS \/ SSL, respeitado as melhores pr\u00e1ticas de seguran\u00e7a recomendadas;<\/p><p>6.1.2.\tA Algarve Dental Implants guarda os dados que obt\u00e9m em bases de dados encriptadas, fazendo backups peri\u00f3dicos, para reduzir a possibilidade de perda de informa\u00e7\u00e3o em caso de falha no sistema. O servidor de alojamento conta ainda com um sistema de firewall e de prote\u00e7\u00e3o standard para alojamentos web;<\/p><p>6.1.3.\tA Algarve Dental Implants monitoriza os acessos ao Site para prevenir, detetar e impedir acessos indevidos. A plataforma utilizada est\u00e1 protegida com um m\u00f3dulo de seguran\u00e7a que limita e bloqueia as tentativas de acesso indevido e analisa e bloqueia ataques de malware;<\/p><p>6.1.4.\tO n\u00famero de pessoas com acesso aos dados do Utilizador \u00e9 restrito e limitado \u00e0s finalidades acima indicadas;<\/p><p>6.1.5.\tAos parceiros e fornecedores subcontratados que tratam dados pessoais, a Algarve Dental Implants exige que apresentem provas de que praticam um n\u00edvel de seguran\u00e7a id\u00eantico.<\/p><div>\u00a0<\/div><ol start=\"7\"><li><strong>Direitos do Utilizador e como os pode exercer<\/strong><\/li><\/ol><p>7.1.\tConsoante a finalidade e o fundamento jur\u00eddico em que assenta o tratamento dos seus dados, o Utilizador pode exercer os seguintes direitos:<\/p><p>7.1.1.\tAceder, atualizar ou corrigir dados imprecisos que a Algarve Dental Implants tenha sobre ele.<\/p><p>7.1.2.\tPedir-nos que eliminemos os seus dados pessoais, quando estes j\u00e1 n\u00e3o forem necess\u00e1rios para as finalidades para que foram recolhidos ou quando a Algarve Dental Implants j\u00e1 n\u00e3o tiver fundamento legal para os tratar;<\/p><p>7.1.3.\tPedir-nos que cancelemos ou limitemos a utiliza\u00e7\u00e3o dos seus dados, quando estes possam n\u00e3o ser exatos ou j\u00e1 n\u00e3o ser necess\u00e1rios para a finalidade de tratamento original, mas n\u00e3o possam ou n\u00e3o queira que sejam apagados;<\/p><p>7.1.4.\tQuando os dados s\u00e3o tratados com base no seu consentimento, o Utilizador tem o direito de o retirar a qualquer momento.<\/p><p>7.1.5.\tNos casos em que o fundamento jur\u00eddico para o tratamento dos dados \u00e9 o consentimento ou um contrato celebrado com a Algarve Dental Implants, o Utilizador pode tamb\u00e9m pedir-nos a portabilidade dos dados pessoais que forneceu, num formato estruturado, de uso corrente e de leitura autom\u00e1tica, para poder transmiti-los a outra entidade.<\/p><p>7.1.6.\tQuando os dados s\u00e3o tratados com base no interesse leg\u00edtimo da Algarve Dental Implants, o Utilizador poder\u00e1 opor-se ao tratamento dos seus dados;<\/p><p>7.1.7.\tO Utilizador tem ainda o direito de apresentar reclama\u00e7\u00e3o \u00e0 Comiss\u00e3o Nacional de Prote\u00e7\u00e3o de Dados \u2013 CNPD quanto a qualquer quest\u00e3o relativa ao tratamento dos seus dados pessoais, se considerar que os seus direitos n\u00e3o foram devidamente garantidos ou se n\u00e3o estiver satisfeito com a nossa resposta a um pedido de exerc\u00edcio dos seus direitos. A CNPD poder\u00e1 ser contactada atrav\u00e9s do e-mail <a href=\"mailto:geral@cnpd.pt\">geral@cnpd.pt<\/a> ou dos formul\u00e1rios dispon\u00edveis no site <a href=\"https:\/\/www.cnpd.pt\/\" target=\"_blank\" rel=\"noopener\">https:\/\/www.cnpd.pt\/<\/a><\/p>\t\t\t\t\t\t\t\t<\/div>\n\t\t\t\t<\/div>\n\t\t\t\t\t<\/div>\n\t\t\t\t<\/div>\n\t\t<div class=\"elementor-element elementor-element-ad54b58 e-flex e-con-boxed e-con e-parent\" data-id=\"ad54b58\" data-element_type=\"container\" data-settings=\"{&quot;jet_parallax_layout_list&quot;:[]}\">\n\t\t\t\t\t<div class=\"e-con-inner\">\n\t\t\t\t<div class=\"elementor-element elementor-element-0481273 elementor-widget elementor-widget-spacer\" data-id=\"0481273\" data-element_type=\"widget\" data-widget_type=\"spacer.default\">\n\t\t\t\t<div class=\"elementor-widget-container\">\n\t\t\t\t\t\t\t<div class=\"elementor-spacer\">\n\t\t\t<div class=\"elementor-spacer-inner\"><\/div>\n\t\t<\/div>\n\t\t\t\t\t\t<\/div>\n\t\t\t\t<\/div>\n\t\t\t\t\t<\/div>\n\t\t\t\t<\/div>\n\t\t\t\t<\/div>","protected":false},"excerpt":{"rendered":"<p>Privacy Policy RGPD General Regulation of Data Protection In this policy, we inform the user of the website information on how the company Worldetails, Lda. collects and processes your personal data through the use of the website https:\/\/algarvedentalimplants.com\/, in accordance with the rules of Regulation (EU) 2016\/679 of 27 April 2016 (General Regulation for the [&hellip;]<\/p>","protected":false},"author":1,"featured_media":0,"parent":0,"menu_order":0,"comment_status":"closed","ping_status":"closed","template":"elementor_header_footer","meta":{"_joinchat":[],"footnotes":""},"class_list":["post-1253","page","type-page","status-publish","hentry"],"_links":{"self":[{"href":"https:\/\/algarvedentalimplants.com\/pt\/wp-json\/wp\/v2\/pages\/1253","targetHints":{"allow":["GET"]}}],"collection":[{"href":"https:\/\/algarvedentalimplants.com\/pt\/wp-json\/wp\/v2\/pages"}],"about":[{"href":"https:\/\/algarvedentalimplants.com\/pt\/wp-json\/wp\/v2\/types\/page"}],"author":[{"embeddable":true,"href":"https:\/\/algarvedentalimplants.com\/pt\/wp-json\/wp\/v2\/users\/1"}],"replies":[{"embeddable":true,"href":"https:\/\/algarvedentalimplants.com\/pt\/wp-json\/wp\/v2\/comments?post=1253"}],"version-history":[{"count":0,"href":"https:\/\/algarvedentalimplants.com\/pt\/wp-json\/wp\/v2\/pages\/1253\/revisions"}],"wp:attachment":[{"href":"https:\/\/algarvedentalimplants.com\/pt\/wp-json\/wp\/v2\/media?parent=1253"}],"curies":[{"name":"wp","href":"https:\/\/api.w.org\/{rel}","templated":true}]}}