{"id":170,"date":"2023-10-13T14:18:44","date_gmt":"2023-10-13T14:18:44","guid":{"rendered":"https:\/\/algarvedentalimplants.com\/?page_id=170"},"modified":"2025-05-20T11:51:22","modified_gmt":"2025-05-20T11:51:22","slug":"dr-cris-piessens","status":"publish","type":"page","link":"https:\/\/algarvedentalimplants.com\/pt\/dr-cris-piessens\/","title":{"rendered":"Dr. Cris Piessens"},"content":{"rendered":"<div data-elementor-type=\"wp-post\" data-elementor-id=\"170\" class=\"elementor elementor-170\" data-elementor-post-type=\"page\">\n\t\t\t\t<div class=\"elementor-element elementor-element-4dc8062 e-con-full e-flex e-con e-parent\" data-id=\"4dc8062\" data-element_type=\"container\" data-settings=\"{&quot;jet_parallax_layout_list&quot;:[],&quot;background_background&quot;:&quot;classic&quot;}\">\n\t\t\t\t<\/div>\n\t\t<div class=\"elementor-element elementor-element-708252d e-flex e-con-boxed e-con e-parent\" data-id=\"708252d\" data-element_type=\"container\" data-settings=\"{&quot;jet_parallax_layout_list&quot;:[]}\">\n\t\t\t\t\t<div class=\"e-con-inner\">\n\t\t\t\t<div class=\"elementor-element elementor-element-09771b1 elementor-widget elementor-widget-heading\" data-id=\"09771b1\" data-element_type=\"widget\" data-widget_type=\"heading.default\">\n\t\t\t\t<div class=\"elementor-widget-container\">\n\t\t\t\t\t<h1 class=\"elementor-heading-title elementor-size-default\">Dr. Cris Piessens<\/h1>\t\t\t\t<\/div>\n\t\t\t\t<\/div>\n\t\t\t\t<div class=\"elementor-element elementor-element-ab4de37 elementor-widget elementor-widget-heading\" data-id=\"ab4de37\" data-element_type=\"widget\" data-widget_type=\"heading.default\">\n\t\t\t\t<div class=\"elementor-widget-container\">\n\t\t\t\t\t<h2 class=\"elementor-heading-title elementor-size-default\">Mais de 30 anos de Experi\u00eancia<\/h2>\t\t\t\t<\/div>\n\t\t\t\t<\/div>\n\t\t\t\t\t<\/div>\n\t\t\t\t<\/div>\n\t\t<div class=\"elementor-element elementor-element-e6d6239 e-flex e-con-boxed e-con e-parent\" data-id=\"e6d6239\" data-element_type=\"container\" data-settings=\"{&quot;jet_parallax_layout_list&quot;:[]}\">\n\t\t\t\t\t<div class=\"e-con-inner\">\n\t\t<div class=\"elementor-element elementor-element-36888c8 e-con-full e-flex e-con e-child\" data-id=\"36888c8\" data-element_type=\"container\" data-settings=\"{&quot;jet_parallax_layout_list&quot;:[]}\">\n\t\t\t\t<div class=\"elementor-element elementor-element-8b5b6eb elementor-position-left elementor-view-default elementor-mobile-position-top elementor-widget elementor-widget-icon-box\" data-id=\"8b5b6eb\" data-element_type=\"widget\" data-widget_type=\"icon-box.default\">\n\t\t\t\t<div class=\"elementor-widget-container\">\n\t\t\t\t\t\t\t<div class=\"elementor-icon-box-wrapper\">\n\n\t\t\t\t\t\t<div class=\"elementor-icon-box-icon\">\n\t\t\t\t<span  class=\"elementor-icon\">\n\t\t\t\t<svg xmlns=\"http:\/\/www.w3.org\/2000\/svg\" width=\"101.514\" height=\"86.287\" viewbox=\"0 0 101.514 86.287\"><path id=\"Caminho_1613\" data-name=\"Caminho 1613\" d=\"M63.831-145.657H25.071v-21.379q0-20.149,5-34.838t16.842-30.07L61.985-220.1A95.807,95.807,0,0,0,53.6-205.8a105.445,105.445,0,0,0-5.306,16H63.831Zm62.754,0H87.825v-21.379q0-20.149,4.922-34.838t16.919-30.07L124.739-220.1a95.807,95.807,0,0,0-8.383,14.3,105.445,105.445,0,0,0-5.306,16h15.535Z\" transform=\"translate(-25.071 231.943)\" fill=\"#d7af77\"><\/path><\/svg>\t\t\t\t<\/span>\n\t\t\t<\/div>\n\t\t\t\n\t\t\t\t\t\t<div class=\"elementor-icon-box-content\">\n\n\t\t\t\t\n\t\t\t\t\t\t\t\t\t<p class=\"elementor-icon-box-description\">\n\t\t\t\t\t\tQuem trabalha com as <strong><strong>m\u00e3os <\/strong><\/strong><\/br>\n\u00e9 um <strong><strong>oper\u00e1rio.<\/strong><\/strong>\n<\/br><\/br>\nQuem trabalha com as <strong><strong>m\u00e3os<\/strong><\/strong> <\/br>\ne o <strong><strong>c\u00e9rebro<\/strong><\/strong> <\/br>\n\u00e9 um <strong><strong>artes\u00e3o.<\/strong><\/strong><\/br><\/br>\n\nQuem trabalha com as <strong><strong>m\u00e3os, <\/strong><\/strong><\/br>\no <strong><strong>c\u00e9rebro<\/strong><\/strong> e o <strong><strong>cora\u00e7\u00e3o<\/strong><\/strong> <\/br>\n\u00e9 um <strong><strong>artista. <\/strong><\/strong>\t\t\t\t\t<\/p>\n\t\t\t\t\n\t\t\t<\/div>\n\t\t\t\n\t\t<\/div>\n\t\t\t\t\t\t<\/div>\n\t\t\t\t<\/div>\n\t\t\t\t<\/div>\n\t\t<div class=\"elementor-element elementor-element-23fbd9b e-con-full e-flex e-con e-child\" data-id=\"23fbd9b\" data-element_type=\"container\" data-settings=\"{&quot;jet_parallax_layout_list&quot;:[]}\">\n\t\t\t\t<div class=\"elementor-element elementor-element-93d27d9 elementor-widget elementor-widget-text-editor\" data-id=\"93d27d9\" data-element_type=\"widget\" data-widget_type=\"text-editor.default\">\n\t\t\t\t<div class=\"elementor-widget-container\">\n\t\t\t\t\t\t\t\t\t<p>O Dr. Cris Piessens tornou-se a escolha para muitos pacientes europeus que viajam para o Algarve em busca de implantes dent\u00e1rios com servi\u00e7o qualificado a pre\u00e7o justo, <strong><strong>implantes dent\u00e1rios acess\u00edveis.<\/strong><\/strong><\/p><p>A nossa filosofia consiste em fornecer servi\u00e7os m\u00e9dicos de excel\u00eancia, sem descurar as dimens\u00f5es f\u00edsicas e humanas indispens\u00e1veis para oferecer qualidade aos nossos pacientes.<\/p><p>O Dr. Cris Piessens \u00e9 um dos implantologistas mais experientes da Europa Ocidental e coloca <strong><a href=\"https:\/\/algarvedentalimplants.com\/pt\/dental-implants\/\">implantes dent\u00e1rios<\/a><\/strong> desde 1987. A sua vasta experi\u00eancia cl\u00ednica e os seus v\u00e1rios cursos de p\u00f3s-gradua\u00e7\u00e3o tornaram-no um profissional l\u00edder na \u00e1rea dos implantes dent\u00e1rios e da reabilita\u00e7\u00e3o oral.<\/p>\t\t\t\t\t\t\t\t<\/div>\n\t\t\t\t<\/div>\n\t\t\t\t<div class=\"elementor-element elementor-element-381b6f1 elementor-widget elementor-widget-button\" data-id=\"381b6f1\" data-element_type=\"widget\" data-widget_type=\"button.default\">\n\t\t\t\t<div class=\"elementor-widget-container\">\n\t\t\t\t\t\t\t\t\t<div class=\"elementor-button-wrapper\">\n\t\t\t\t\t<a class=\"elementor-button elementor-button-link elementor-size-sm\" href=\"https:\/\/algarvedentalimplants.com\/pt\/cris-piessens\/\">\n\t\t\t\t\t\t<span class=\"elementor-button-content-wrapper\">\n\t\t\t\t\t\t<span class=\"elementor-button-icon\">\n\t\t\t\t<svg xmlns=\"http:\/\/www.w3.org\/2000\/svg\" width=\"34.545\" height=\"22.96\" viewbox=\"0 0 34.545 22.96\"><g id=\"Grupo_521\" data-name=\"Grupo 521\" transform=\"translate(-1523.924 -11944.762)\"><path id=\"Caminho_1426\" data-name=\"Caminho 1426\" d=\"M119.407,289.306l13-11.152a.317.317,0,0,0,0-.473l-13-11.156a.484.484,0,0,0-.556,0l-1.659,1.428,10.237,8.783H99.489a1.437,1.437,0,0,0-1.522,1.3h0a1.439,1.439,0,0,0,1.522,1.185h27.8l-10.1,8.661,1.659,1.423a.47.47,0,0,0,.556,0Z\" transform=\"translate(1425.957 11678.325)\" fill=\"#003b68\" fill-rule=\"evenodd\"><\/path><\/g><\/svg>\t\t\t<\/span>\n\t\t\t\t\t\t\t\t\t<span class=\"elementor-button-text\">VER MAIS<\/span>\n\t\t\t\t\t<\/span>\n\t\t\t\t\t<\/a>\n\t\t\t\t<\/div>\n\t\t\t\t\t\t\t\t<\/div>\n\t\t\t\t<\/div>\n\t\t\t\t<\/div>\n\t\t\t\t\t<\/div>\n\t\t\t\t<\/div>\n\t\t<div class=\"elementor-element elementor-element-b568e4b e-flex e-con-boxed e-con e-parent\" data-id=\"b568e4b\" data-element_type=\"container\" data-settings=\"{&quot;jet_parallax_layout_list&quot;:[]}\">\n\t\t\t\t\t<div class=\"e-con-inner\">\n\t\t\t\t<div class=\"elementor-element elementor-element-66e1782 elementor-widget elementor-widget-spacer\" data-id=\"66e1782\" data-element_type=\"widget\" data-widget_type=\"spacer.default\">\n\t\t\t\t<div class=\"elementor-widget-container\">\n\t\t\t\t\t\t\t<div class=\"elementor-spacer\">\n\t\t\t<div class=\"elementor-spacer-inner\"><\/div>\n\t\t<\/div>\n\t\t\t\t\t\t<\/div>\n\t\t\t\t<\/div>\n\t\t\t\t\t<\/div>\n\t\t\t\t<\/div>\n\t\t<div class=\"elementor-element elementor-element-7e642a8 e-flex e-con-boxed e-con e-parent\" data-id=\"7e642a8\" data-element_type=\"container\" data-settings=\"{&quot;background_background&quot;:&quot;classic&quot;,&quot;jet_parallax_layout_list&quot;:[]}\">\n\t\t\t\t\t<div class=\"e-con-inner\">\n\t\t\t\t<div class=\"elementor-element elementor-element-59644fe elementor-widget elementor-widget-spacer\" data-id=\"59644fe\" data-element_type=\"widget\" data-widget_type=\"spacer.default\">\n\t\t\t\t<div class=\"elementor-widget-container\">\n\t\t\t\t\t\t\t<div class=\"elementor-spacer\">\n\t\t\t<div class=\"elementor-spacer-inner\"><\/div>\n\t\t<\/div>\n\t\t\t\t\t\t<\/div>\n\t\t\t\t<\/div>\n\t\t\t\t<div class=\"elementor-element elementor-element-ac119d6 elementor-widget elementor-widget-heading\" data-id=\"ac119d6\" data-element_type=\"widget\" data-widget_type=\"heading.default\">\n\t\t\t\t<div class=\"elementor-widget-container\">\n\t\t\t\t\t<h2 class=\"elementor-heading-title elementor-size-default\">Uma Nova Denti\u00e7\u00e3o no Mesmo Dia<\/h2>\t\t\t\t<\/div>\n\t\t\t\t<\/div>\n\t\t\t\t<div class=\"elementor-element elementor-element-2741efd elementor-widget elementor-widget-heading\" data-id=\"2741efd\" data-element_type=\"widget\" data-widget_type=\"heading.default\">\n\t\t\t\t<div class=\"elementor-widget-container\">\n\t\t\t\t\t<h2 class=\"elementor-heading-title elementor-size-default\">Implantes Dent\u00e1rios<\/h2>\t\t\t\t<\/div>\n\t\t\t\t<\/div>\n\t\t\t\t<div class=\"elementor-element elementor-element-e5d1441 elementor-widget elementor-widget-heading\" data-id=\"e5d1441\" data-element_type=\"widget\" data-no-translation=\"\" data-widget_type=\"heading.default\">\n\t\t\t\t<div class=\"elementor-widget-container\">\n\t\t\t\t\t<style>.elementor-element-e5d1441{display:none !important}<\/style>\t\t\t\t<\/div>\n\t\t\t\t<\/div>\n\t\t\t\t<div class=\"elementor-element elementor-element-fc2eb7d elementor-widget elementor-widget-heading\" data-id=\"fc2eb7d\" data-element_type=\"widget\" data-no-translation=\"\" data-widget_type=\"heading.default\">\n\t\t\t\t<div class=\"elementor-widget-container\">\n\t\t\t\t\t<style>.elementor-element-fc2eb7d{display:none !important}<\/style>\t\t\t\t<\/div>\n\t\t\t\t<\/div>\n\t\t\t\t<div class=\"elementor-element elementor-element-9c4c73d elementor-widget elementor-widget-video\" data-id=\"9c4c73d\" data-element_type=\"widget\" data-settings=\"{&quot;youtube_url&quot;:&quot;https:\\\/\\\/youtu.be\\\/e1arfc45kUc&quot;,&quot;video_type&quot;:&quot;youtube&quot;,&quot;controls&quot;:&quot;yes&quot;}\" data-widget_type=\"video.default\">\n\t\t\t\t<div class=\"elementor-widget-container\">\n\t\t\t\t\t\t\t<div class=\"elementor-wrapper elementor-open-inline\">\n\t\t\t<div class=\"elementor-video\"><\/div>\t\t<\/div>\n\t\t\t\t\t\t<\/div>\n\t\t\t\t<\/div>\n\t\t\t\t<div class=\"elementor-element elementor-element-1696ced elementor-widget elementor-widget-spacer\" data-id=\"1696ced\" data-element_type=\"widget\" data-widget_type=\"spacer.default\">\n\t\t\t\t<div class=\"elementor-widget-container\">\n\t\t\t\t\t\t\t<div class=\"elementor-spacer\">\n\t\t\t<div class=\"elementor-spacer-inner\"><\/div>\n\t\t<\/div>\n\t\t\t\t\t\t<\/div>\n\t\t\t\t<\/div>\n\t\t\t\t\t<\/div>\n\t\t\t\t<\/div>\n\t\t\t\t<\/div>","protected":false},"excerpt":{"rendered":"<p>Dr. Cris Piessens More Than 30 Years Of Experience He who works with his hands is a laborer. He who works with his hands and his brain is a craftsman. He who works with his hands, his brain and his heart is an artist. \u201d Dr. Cris Piessens has become the choice for many European [&hellip;]<\/p>","protected":false},"author":1,"featured_media":0,"parent":0,"menu_order":0,"comment_status":"closed","ping_status":"closed","template":"elementor_header_footer","meta":{"_joinchat":[],"footnotes":""},"class_list":["post-170","page","type-page","status-publish","hentry"],"_links":{"self":[{"href":"https:\/\/algarvedentalimplants.com\/pt\/wp-json\/wp\/v2\/pages\/170","targetHints":{"allow":["GET"]}}],"collection":[{"href":"https:\/\/algarvedentalimplants.com\/pt\/wp-json\/wp\/v2\/pages"}],"about":[{"href":"https:\/\/algarvedentalimplants.com\/pt\/wp-json\/wp\/v2\/types\/page"}],"author":[{"embeddable":true,"href":"https:\/\/algarvedentalimplants.com\/pt\/wp-json\/wp\/v2\/users\/1"}],"replies":[{"embeddable":true,"href":"https:\/\/algarvedentalimplants.com\/pt\/wp-json\/wp\/v2\/comments?post=170"}],"version-history":[{"count":0,"href":"https:\/\/algarvedentalimplants.com\/pt\/wp-json\/wp\/v2\/pages\/170\/revisions"}],"wp:attachment":[{"href":"https:\/\/algarvedentalimplants.com\/pt\/wp-json\/wp\/v2\/media?parent=170"}],"curies":[{"name":"wp","href":"https:\/\/api.w.org\/{rel}","templated":true}]}}