{"id":187,"date":"2023-10-13T15:41:58","date_gmt":"2023-10-13T15:41:58","guid":{"rendered":"https:\/\/algarvedentalimplants.com\/?page_id=187"},"modified":"2025-05-20T11:44:30","modified_gmt":"2025-05-20T11:44:30","slug":"why-the-chameleon","status":"publish","type":"page","link":"https:\/\/algarvedentalimplants.com\/pt\/why-the-chameleon\/","title":{"rendered":"Porqu\u00ea o Camale\u00e3o?"},"content":{"rendered":"<div data-elementor-type=\"wp-post\" data-elementor-id=\"187\" class=\"elementor elementor-187\" data-elementor-post-type=\"page\">\n\t\t\t\t<div class=\"elementor-element elementor-element-6480c09 e-con-full e-flex e-con e-parent\" data-id=\"6480c09\" data-element_type=\"container\" data-settings=\"{&quot;jet_parallax_layout_list&quot;:[],&quot;background_background&quot;:&quot;classic&quot;}\">\n\t\t\t\t<\/div>\n\t\t<div class=\"elementor-element elementor-element-708252d e-flex e-con-boxed e-con e-parent\" data-id=\"708252d\" data-element_type=\"container\" data-settings=\"{&quot;jet_parallax_layout_list&quot;:[]}\">\n\t\t\t\t\t<div class=\"e-con-inner\">\n\t\t\t\t<div class=\"elementor-element elementor-element-09771b1 elementor-widget elementor-widget-heading\" data-id=\"09771b1\" data-element_type=\"widget\" data-widget_type=\"heading.default\">\n\t\t\t\t<div class=\"elementor-widget-container\">\n\t\t\t\t\t<h2 class=\"elementor-heading-title elementor-size-default\">Porqu\u00ea o Camale\u00e3o?<\/h2>\t\t\t\t<\/div>\n\t\t\t\t<\/div>\n\t\t\t\t<div class=\"elementor-element elementor-element-ab4de37 elementor-widget elementor-widget-heading\" data-id=\"ab4de37\" data-element_type=\"widget\" data-widget_type=\"heading.default\">\n\t\t\t\t<div class=\"elementor-widget-container\">\n\t\t\t\t\t<h1 class=\"elementor-heading-title elementor-size-default\">A Li\u00e7\u00e3o do Camale\u00e3o<\/h1>\t\t\t\t<\/div>\n\t\t\t\t<\/div>\n\t\t\t\t\t<\/div>\n\t\t\t\t<\/div>\n\t\t<div class=\"elementor-element elementor-element-b568e4b e-flex e-con-boxed e-con e-parent\" data-id=\"b568e4b\" data-element_type=\"container\" data-settings=\"{&quot;jet_parallax_layout_list&quot;:[]}\">\n\t\t\t\t\t<div class=\"e-con-inner\">\n\t\t\t\t<div class=\"elementor-element elementor-element-c321549 elementor-widget elementor-widget-image\" data-id=\"c321549\" data-element_type=\"widget\" data-widget_type=\"image.default\">\n\t\t\t\t<div class=\"elementor-widget-container\">\n\t\t\t\t\t\t\t\t\t\t\t\t\t\t\t<img fetchpriority=\"high\" decoding=\"async\" width=\"546\" height=\"415\" src=\"https:\/\/algarvedentalimplants.com\/wp-content\/uploads\/2023\/10\/Chameleon.svg\" class=\"attachment-full size-full wp-image-224\" alt=\"\" \/>\t\t\t\t\t\t\t\t\t\t\t\t\t\t\t<\/div>\n\t\t\t\t<\/div>\n\t\t\t\t\t<\/div>\n\t\t\t\t<\/div>\n\t\t<div class=\"elementor-element elementor-element-6685e12 e-flex e-con-boxed e-con e-parent\" data-id=\"6685e12\" data-element_type=\"container\" data-settings=\"{&quot;jet_parallax_layout_list&quot;:[]}\">\n\t\t\t\t\t<div class=\"e-con-inner\">\n\t\t\t\t<div class=\"elementor-element elementor-element-ac3c207 elementor-widget elementor-widget-spacer\" data-id=\"ac3c207\" data-element_type=\"widget\" data-widget_type=\"spacer.default\">\n\t\t\t\t<div class=\"elementor-widget-container\">\n\t\t\t\t\t\t\t<div class=\"elementor-spacer\">\n\t\t\t<div class=\"elementor-spacer-inner\"><\/div>\n\t\t<\/div>\n\t\t\t\t\t\t<\/div>\n\t\t\t\t<\/div>\n\t\t\t\t\t<\/div>\n\t\t\t\t<\/div>\n\t\t<div class=\"elementor-element elementor-element-f181d5a e-flex e-con-boxed e-con e-parent\" data-id=\"f181d5a\" data-element_type=\"container\" data-settings=\"{&quot;jet_parallax_layout_list&quot;:[]}\">\n\t\t\t\t\t<div class=\"e-con-inner\">\n\t\t<div class=\"elementor-element elementor-element-55b3aa1 e-flex e-con-boxed e-con e-child\" data-id=\"55b3aa1\" data-element_type=\"container\" data-settings=\"{&quot;jet_parallax_layout_list&quot;:[]}\">\n\t\t\t\t\t<div class=\"e-con-inner\">\n\t\t<div class=\"elementor-element elementor-element-3b1c7c4 e-con-full e-flex e-con e-child\" data-id=\"3b1c7c4\" data-element_type=\"container\" data-settings=\"{&quot;jet_parallax_layout_list&quot;:[]}\">\n\t\t\t\t<div class=\"elementor-element elementor-element-c2a7ff5 elementor-widget elementor-widget-text-editor\" data-id=\"c2a7ff5\" data-element_type=\"widget\" data-widget_type=\"text-editor.default\">\n\t\t\t\t<div class=\"elementor-widget-container\">\n\t\t\t\t\t\t\t\t\t<p>Era uma vez um dentista que vivia no ensolarado Algarve, e um dia, enquanto caminhava no seu jardim, deparou-se com um pequeno amigo...<\/p><p>O seu amiguinho estava a desfrutar do calor agrad\u00e1vel e da natureza pac\u00edfica.<\/p><p>Era ele! O Camale\u00e3o! Um dos habitantes mais carism\u00e1ticos do Algarve!<\/p><p>Quem n\u00e3o fica entusiasmado ao ver este nosso amigo sentado num galho? Constantemente consciente do que o rodeia, o s\u00e1bio r\u00e9ptil sabe tudo sobre a m\u00e3e natureza e compreende como tirar o melhor partido dela. Como resultado, o Camale\u00e3o pode mudar de cor, ajustando-se aos efeitos do clima, do ambiente e do seu estado de esp\u00edrito.<\/p><p>Independentemente de quanto tempo tenha passado e da sua idade, n\u00e3o vale a pena habitar no que se perdeu ou ficou para tr\u00e1s. Para o Camale\u00e3o, tudo pode ser reinventado, tudo pode ser transformado e tudo pode ser recriado! Tal \u00e9 o milagre da natureza.<\/p>\t\t\t\t\t\t\t\t<\/div>\n\t\t\t\t<\/div>\n\t\t\t\t<\/div>\n\t\t<div class=\"elementor-element elementor-element-6abff52 e-con-full e-flex e-con e-child\" data-id=\"6abff52\" data-element_type=\"container\" data-settings=\"{&quot;jet_parallax_layout_list&quot;:[]}\">\n\t\t\t\t<div class=\"elementor-element elementor-element-981fae6 elementor-widget elementor-widget-text-editor\" data-id=\"981fae6\" data-element_type=\"widget\" data-widget_type=\"text-editor.default\">\n\t\t\t\t<div class=\"elementor-widget-container\">\n\t\t\t\t\t\t\t\t\t<p>Ent\u00e3o... naquele momento o Dentista pensou consigo mesmo, porque n\u00e3o havemos de aprender com ele? Misturando o engenho do Camale\u00e3o com a melhor tecnologia e evid\u00eancia cient\u00edfica, a Medicina Dent\u00e1ria tamb\u00e9m pode melhorar e ajustar o nosso aspeto e a forma como pensamos sobre n\u00f3s pr\u00f3prios!<\/p><p><b>QUE LI\u00c7\u00c3O, PENSOU O DENTISTA!<\/b><\/p><p>Lembra-se do sorriso que costumava ter quando era jovem e a sua sa\u00fade oral era diferente? E se lhe diss\u00e9ssemos que, com a cirurgia de implantes, poderia voltar a ter a sua express\u00e3o bonita e saud\u00e1vel?<\/p><p>Se o Camale\u00e3o muda de cor para refletir o que sente, porque \u00e9 que o nosso sorriso n\u00e3o se pode expressar sem limites? Vamos dar a volta \u00e0s coisas a nosso favor! Uma s\u00e1bia li\u00e7\u00e3o de um pequeno r\u00e9ptil local e antigo.<\/p>\t\t\t\t\t\t\t\t<\/div>\n\t\t\t\t<\/div>\n\t\t\t\t<\/div>\n\t\t\t\t\t<\/div>\n\t\t\t\t<\/div>\n\t\t\t\t\t<\/div>\n\t\t\t\t<\/div>\n\t\t<div class=\"elementor-element elementor-element-a3f1530 e-flex e-con-boxed e-con e-parent\" data-id=\"a3f1530\" data-element_type=\"container\" data-settings=\"{&quot;jet_parallax_layout_list&quot;:[]}\">\n\t\t\t\t\t<div class=\"e-con-inner\">\n\t\t\t\t<div class=\"elementor-element elementor-element-22a495e elementor-widget elementor-widget-spacer\" data-id=\"22a495e\" data-element_type=\"widget\" data-widget_type=\"spacer.default\">\n\t\t\t\t<div class=\"elementor-widget-container\">\n\t\t\t\t\t\t\t<div class=\"elementor-spacer\">\n\t\t\t<div class=\"elementor-spacer-inner\"><\/div>\n\t\t<\/div>\n\t\t\t\t\t\t<\/div>\n\t\t\t\t<\/div>\n\t\t\t\t\t<\/div>\n\t\t\t\t<\/div>\n\t\t<div class=\"elementor-element elementor-element-e4a38d5 e-flex e-con-boxed e-con e-parent\" data-id=\"e4a38d5\" data-element_type=\"container\" data-settings=\"{&quot;jet_parallax_layout_list&quot;:[]}\">\n\t\t\t\t\t<div class=\"e-con-inner\">\n\t\t\t\t<div class=\"elementor-element elementor-element-8bfd8f4 elementor-widget elementor-widget-image\" data-id=\"8bfd8f4\" data-element_type=\"widget\" data-widget_type=\"image.default\">\n\t\t\t\t<div class=\"elementor-widget-container\">\n\t\t\t\t\t\t\t\t\t\t\t\t\t\t\t<img decoding=\"async\" width=\"1460\" height=\"1274\" src=\"https:\/\/algarvedentalimplants.com\/wp-content\/uploads\/2023\/10\/Dr-Cris-Piessens-Chameleon.jpg\" class=\"attachment-full size-full wp-image-226\" alt=\"Dr Cris Piessens Chameleon\" srcset=\"https:\/\/algarvedentalimplants.com\/wp-content\/uploads\/2023\/10\/Dr-Cris-Piessens-Chameleon.jpg 1460w, https:\/\/algarvedentalimplants.com\/wp-content\/uploads\/2023\/10\/Dr-Cris-Piessens-Chameleon-600x524.jpg 600w, https:\/\/algarvedentalimplants.com\/wp-content\/uploads\/2023\/10\/Dr-Cris-Piessens-Chameleon-300x262.jpg 300w, https:\/\/algarvedentalimplants.com\/wp-content\/uploads\/2023\/10\/Dr-Cris-Piessens-Chameleon-1024x894.jpg 1024w, https:\/\/algarvedentalimplants.com\/wp-content\/uploads\/2023\/10\/Dr-Cris-Piessens-Chameleon-768x670.jpg 768w\" sizes=\"(max-width: 1460px) 100vw, 1460px\" \/>\t\t\t\t\t\t\t\t\t\t\t\t\t\t\t<\/div>\n\t\t\t\t<\/div>\n\t\t\t\t\t<\/div>\n\t\t\t\t<\/div>\n\t\t<div class=\"elementor-element elementor-element-5577fde elementor-hidden-tablet elementor-hidden-mobile e-flex e-con-boxed e-con e-parent\" data-id=\"5577fde\" data-element_type=\"container\" data-settings=\"{&quot;jet_parallax_layout_list&quot;:[]}\">\n\t\t\t\t\t<div class=\"e-con-inner\">\n\t\t\t\t<div class=\"elementor-element elementor-element-6afce6f elementor-widget elementor-widget-spacer\" data-id=\"6afce6f\" data-element_type=\"widget\" data-widget_type=\"spacer.default\">\n\t\t\t\t<div class=\"elementor-widget-container\">\n\t\t\t\t\t\t\t<div class=\"elementor-spacer\">\n\t\t\t<div class=\"elementor-spacer-inner\"><\/div>\n\t\t<\/div>\n\t\t\t\t\t\t<\/div>\n\t\t\t\t<\/div>\n\t\t\t\t\t<\/div>\n\t\t\t\t<\/div>\n\t\t\t\t<\/div>","protected":false},"excerpt":{"rendered":"<p>Why The Chameleon? The Lesson From The Chameleon Once upon a time, a dentist lived in the sunny Algarve, and one day while walking in his garden, he bumped into a little friend. His little friend was enjoying the pleasant heat and peaceful nature. It was him! The Chameleon! One of the most charismatic inhabitants [&hellip;]<\/p>","protected":false},"author":1,"featured_media":0,"parent":0,"menu_order":0,"comment_status":"closed","ping_status":"closed","template":"elementor_header_footer","meta":{"_joinchat":[],"footnotes":""},"class_list":["post-187","page","type-page","status-publish","hentry"],"_links":{"self":[{"href":"https:\/\/algarvedentalimplants.com\/pt\/wp-json\/wp\/v2\/pages\/187","targetHints":{"allow":["GET"]}}],"collection":[{"href":"https:\/\/algarvedentalimplants.com\/pt\/wp-json\/wp\/v2\/pages"}],"about":[{"href":"https:\/\/algarvedentalimplants.com\/pt\/wp-json\/wp\/v2\/types\/page"}],"author":[{"embeddable":true,"href":"https:\/\/algarvedentalimplants.com\/pt\/wp-json\/wp\/v2\/users\/1"}],"replies":[{"embeddable":true,"href":"https:\/\/algarvedentalimplants.com\/pt\/wp-json\/wp\/v2\/comments?post=187"}],"version-history":[{"count":0,"href":"https:\/\/algarvedentalimplants.com\/pt\/wp-json\/wp\/v2\/pages\/187\/revisions"}],"wp:attachment":[{"href":"https:\/\/algarvedentalimplants.com\/pt\/wp-json\/wp\/v2\/media?parent=187"}],"curies":[{"name":"wp","href":"https:\/\/api.w.org\/{rel}","templated":true}]}}