{"id":2071,"date":"2024-05-14T18:28:53","date_gmt":"2024-05-14T18:28:53","guid":{"rendered":"https:\/\/algarvedentalimplants.com\/?page_id=2071"},"modified":"2025-05-20T13:58:35","modified_gmt":"2025-05-20T13:58:35","slug":"cookie-policy","status":"publish","type":"page","link":"https:\/\/algarvedentalimplants.com\/pt\/cookie-policy\/","title":{"rendered":"Pol\u00edtica de Cookies"},"content":{"rendered":"<div data-elementor-type=\"wp-page\" data-elementor-id=\"2071\" class=\"elementor elementor-2071\" data-elementor-post-type=\"page\">\n\t\t\t\t<div class=\"elementor-element elementor-element-a324c55 e-con-full e-flex e-con e-parent\" data-id=\"a324c55\" data-element_type=\"container\" data-settings=\"{&quot;jet_parallax_layout_list&quot;:[]}\">\n\t\t<div class=\"elementor-element elementor-element-6fb93fd e-con-full e-flex e-con e-child\" data-id=\"6fb93fd\" data-element_type=\"container\" data-settings=\"{&quot;jet_parallax_layout_list&quot;:[]}\">\n\t\t\t\t<div class=\"elementor-element elementor-element-4720adf elementor--v-position-bottom elementor-arrows-position-inside elementor-pagination-position-inside elementor-widget elementor-widget-slides\" data-id=\"4720adf\" data-element_type=\"widget\" data-settings=\"{&quot;navigation&quot;:&quot;both&quot;,&quot;autoplay&quot;:&quot;yes&quot;,&quot;pause_on_hover&quot;:&quot;yes&quot;,&quot;pause_on_interaction&quot;:&quot;yes&quot;,&quot;autoplay_speed&quot;:5000,&quot;infinite&quot;:&quot;yes&quot;,&quot;transition&quot;:&quot;slide&quot;,&quot;transition_speed&quot;:500}\" data-widget_type=\"slides.default\">\n\t\t\t\t<div class=\"elementor-widget-container\">\n\t\t\t\t\t\t\t\t\t<div class=\"elementor-swiper\">\n\t\t\t\t\t<div class=\"elementor-slides-wrapper elementor-main-swiper swiper\" role=\"region\" aria-roledescription=\"carousel\" aria-label=\"Slides\" dir=\"ltr\" data-animation=\"fadeInUp\">\n\t\t\t\t<div class=\"swiper-wrapper elementor-slides\">\n\t\t\t\t\t\t\t\t\t\t<div class=\"elementor-repeater-item-5bf1270 swiper-slide\" role=\"group\" aria-roledescription=\"slide\"><div class=\"swiper-slide-bg\" role=\"img\" aria-label=\"why algarve main reasons to travel to algarve\"><\/div><div class=\"elementor-background-overlay\"><\/div><div class=\"swiper-slide-inner\" ><div class=\"swiper-slide-contents\"><\/div><\/div><\/div>\t\t\t\t<\/div>\n\t\t\t\t\t\t\t<\/div>\n\t\t\t\t<\/div>\n\t\t\t\t\t\t\t\t<\/div>\n\t\t\t\t<\/div>\n\t\t\t\t<\/div>\n\t\t\t\t<\/div>\n\t\t<div class=\"elementor-element elementor-element-39453ec e-flex e-con-boxed e-con e-parent\" data-id=\"39453ec\" data-element_type=\"container\" data-settings=\"{&quot;jet_parallax_layout_list&quot;:[]}\">\n\t\t\t\t\t<div class=\"e-con-inner\">\n\t\t\t\t<div class=\"elementor-element elementor-element-1d782f6 elementor-widget elementor-widget-heading\" data-id=\"1d782f6\" data-element_type=\"widget\" data-widget_type=\"heading.default\">\n\t\t\t\t<div class=\"elementor-widget-container\">\n\t\t\t\t\t<h1 class=\"elementor-heading-title elementor-size-default\">Pol\u00edtica de Cookies<\/h1>\t\t\t\t<\/div>\n\t\t\t\t<\/div>\n\t\t\t\t\t<\/div>\n\t\t\t\t<\/div>\n\t\t<div class=\"elementor-element elementor-element-dd1d2a6 e-flex e-con-boxed e-con e-parent\" data-id=\"dd1d2a6\" data-element_type=\"container\" data-settings=\"{&quot;jet_parallax_layout_list&quot;:[]}\">\n\t\t\t\t\t<div class=\"e-con-inner\">\n\t\t\t\t<div class=\"elementor-element elementor-element-ae03b42 elementor-widget elementor-widget-text-editor\" data-id=\"ae03b42\" data-element_type=\"widget\" data-widget_type=\"text-editor.default\">\n\t\t\t\t<div class=\"elementor-widget-container\">\n\t\t\t\t\t\t\t\t\t<p>Esta pol\u00edtica descreve a forma como os cookies e tecnologias similares s\u00e3o utilizados no site Algarve Dental Implants, dispon\u00edvel no endere\u00e7o <a href=\"https:\/\/algarvedentalimplants.com\/pt\/\">https:\/\/algarvedentalimplants.com\/<\/a>e como o Utilizador pode gerir e configurar a sua instala\u00e7\u00e3o.<\/p>\n<p>A presente vers\u00e3o est\u00e1 em vigor a partir de 8 de abril de 2024.<\/p>\n<ol>\n<li><strong>Respons\u00e1vel pelo Site e contactos<\/strong>\n<\/li>\n<ol>\n<li>A entidade respons\u00e1vel pelo site Algarve Dental Implants \u00e9 a Worldetails, Lda., sociedade por quotas com sede na Av. da Liberdade 96, 1\u00ba C\/D, 8200-002 Albufeira, registada na Conservat\u00f3ria do Registo Comercial de \u00cdlhavo, sob o n\u00famero \u00fanico de matr\u00edcula e fiscal 510 798 497, que atua no mercado com a marca registada Algarve Dental Implants.<\/li>\n<li>Caso o Utilizador tenha alguma d\u00favida sobre o tratamento de dados pessoais recolhidos no Site atrav\u00e9s de cookies, ou se quiser exercer os seus direitos enquanto titular de dados pessoais, poder\u00e1 contactar a empresa atrav\u00e9s do e-mail <a href=\"mailto:info@dentalimplantsportugal.com\">info@dentalimplantsportugal.com<\/a> ou de carta enviada \u00e0 Algarve Dental Implants\/Worldetails, para Av. da Liberdade 96, 1\u00ba C\/D, 8200-002 Albufeira.<\/li>\n<\/ol>\n<\/ol>\n<div><br><\/div>\n<div><\/div>\n<ol start=\"2\">\n<li><strong>O que s\u00e3o cookies <\/strong>\n<\/li>\n<ul>\n<li>Cookies are small text files that can be stored on your device and then retrieved by a web server from the device. Cookies allow web servers the ability to do specific things such as, remembering that you have logged into the platform.&nbsp; Some cookies allow us and the service providers to keep track of browsing activities of users of the website and to associate certain activities with a session.<\/li>\n<li>Some cookies are temporary, which means that they will only be active as long as you have your browser open. Others, so-called persistent cookies, remain on your computer for longer periods or until you delete them in your browser settings.&nbsp; Our website uses both temporary and persistent cookies.<\/li>\n<li>Um p\u00edxel ou web beacon \u00e9 uma imagem muito pequena que pode ser encontrada dentro das p\u00e1ginas do Site e em e-mails, que normalmente funciona em combina\u00e7\u00e3o com cookies para identificar os utilizadores e o seu comportamento.<\/li>\n<\/ul>\n<\/ol>\n<div><br><\/div>\n<div><\/div>\n<ol start=\"3\">\n<li><strong>Que cookies utilizamos<\/strong>\n<\/li>\n<ul>\n<li>3.1.\tNo site Algarve Dental Implants utilizamos os seguintes tipos de cookies:\n<\/li>\n<ul>\n<li><strong>Cookies necess\u00e1rios <\/strong>- Estes cookies s\u00e3o essenciais para que o Utilizador possa navegar no site e utilizar as suas funcionalidades. O Utilizador pode configurar o seu browser para bloquear estes cookies ou para ser alertado sobre eles, mas algumas partes do site poder\u00e3o n\u00e3o funcionar corretamente se os desativar.<\/li>\n<li><strong>Analytics Cookies <\/strong>&#8211; These cookies help us understand how you move around the website and what we are able to do to improve the content displayed. They allow us to count visits to the website and identify the different sources of traffic providing information about which pages are the most and least visited, links clicked and how visitors navigate the website.&nbsp; None of this information can be used to identify you.&nbsp; The information collected is aggregated and therefore anonymous.&nbsp; If you&nbsp; do not accept these cookies, we will not know when you have visited the website.<\/li>\n<li><strong>Functional Cookies <\/strong>&#8211; These cookies are necessary to provide certain functionalities when you access or use the website.&nbsp; In order to provide you with a better user experience, for example, to allow you to choose the language in which you want to browse the website, these cookies may identify you and record the preferences chosen. If you do not authorise these cookies, it is possible that these features will not function properly.<\/li>\n<li><strong>Advertising Cookies<\/strong> &#8211; These cookies are placed from the website by advertising companies and networks with the purpose of presenting you with advertisements that are more relevant to you and your interests, limiting the number of times you see an advertisement and measuring the effectiveness of advertising campaigns. These cookies may be used by these companies to build a profile of your interests and show you relevant advertisements on other websites.&nbsp; This information is shared with other organisations such as, advertisers. If you do not authorise these cookies, you will not see our personalised advertising across different websites.<\/li>\n<\/ul>\n<\/ul>\n<\/ol>\n<div><br><\/div>\n<div><br><\/div>\n<div><\/div>\n<table width=\"648\">\n<tbody>\n<tr>\n<td width=\"118\"><strong>Nome <\/strong><\/td>\n<td width=\"146\"><strong>Entidade<\/strong><\/td>\n<td width=\"328\"><strong>Descri\u00e7\u00e3o<\/strong><\/td>\n<td width=\"55\"><strong>Vida \u00fatil<\/strong><\/td>\n<\/tr>\n<tr>\n<td colspan=\"4\" width=\"648\"><strong>Cookies necess\u00e1rios<\/strong><\/td>\n<\/tr>\n<tr>\n<td width=\"118\">AWSALBCORS<\/td>\n<td width=\"146\">kuula.co<\/td>\n<td width=\"328\">Utilizado pelo site de visitas virtuais Kuula, para garantir uma experi\u00eancia de utilizador eficiente e sem problemas, evitando a sobrecarga do sistema devido a demasiada atividade em simult\u00e2neo.<\/td>\n<td width=\"55\">6 meses<\/td>\n<\/tr>\n<tr>\n<td colspan=\"4\" width=\"648\"><strong>Cookies anal\u00edticos<\/strong><\/td>\n<\/tr>\n<tr>\n<td width=\"118\">_ga<\/td>\n<td width=\"146\">\n<p>algarvedentalimplants<\/p>\n<p>crispiessens.com<\/p>\n<\/td>\n<td width=\"328\">Utilizado pelo Google Analytics para registar um ID \u00fanico que \u00e9 utilizado para gerar dados estat\u00edsticos sobre a forma como o visitante utiliza site, armazenando informa\u00e7\u00f5es de forma an\u00f3nima.<\/td>\n<td width=\"55\">3 meses<\/td>\n<\/tr>\n<tr>\n<td width=\"118\">_ga_*<\/td>\n<td width=\"146\">\n<p>algarvedentalimplants<\/p>\n<p>crispiessens.com<\/p>\n<\/td>\n<td width=\"328\">Utilizado pelo Google Analytics para recolher dados sobre o n\u00famero de vezes que um utilizador visitou o site, bem como as datas da primeira visita e da \u00faltima visita.<\/td>\n<td width=\"55\">13 meses<\/td>\n<\/tr>\n<tr>\n<td width=\"118\">_hjSessionUser_*<\/td>\n<td width=\"146\">\n<p>algarvedentalimplants<\/p>\n<p>crispiessens.com<\/p>\n<\/td>\n<td width=\"328\">Utilizado pelo Hotjar para atribuir um ID \u00fanico a cada visitante, permitindo monitorizar os seus comportamentos e interac\u00e7\u00f5es no site, com vista a otimizar o site e proporcionar uma melhor experi\u00eancia ao utilizador, armazenando informa\u00e7\u00f5es de forma an\u00f3nima.<\/td>\n<td width=\"55\">13 meses<\/td>\n<\/tr>\n<tr>\n<td width=\"118\">_hjSession_*<\/td>\n<td width=\"146\">\n<p>algarvedentalimplants<\/p>\n<p>crispiessens.com<\/p>\n<\/td>\n<td width=\"328\">Utilizado pelo Hotjar para manter os dados da sess\u00e3o atual e garantir que os pedidos subsequentes na janela da sess\u00e3o s\u00e3o atribu\u00eddos \u00e0 mesma sess\u00e3o.<\/td>\n<td width=\"55\">1 ano<\/td>\n<\/tr>\n<tr>\n<td colspan=\"4\" width=\"648\"><strong>Cookies funcionais<\/strong><\/td>\n<\/tr>\n<tr>\n<td width=\"118\">AEC<\/td>\n<td width=\"146\">.google.com<\/td>\n<td width=\"328\">Utilizado pelo Google para detetar spam, fraudes e abusos e para ajudar a garantir que os anunciantes n\u00e3o s\u00e3o cobrados incorretamente por impress\u00f5es fraudulentas ou intera\u00e7\u00f5es inv\u00e1lidas com os an\u00fancios, e que os criadores do YouTube no Programa de Parceiros do YouTube s\u00e3o remunerados de forma justa.<\/td>\n<td width=\"55\">1 ano<\/td>\n<\/tr>\n<tr>\n<td width=\"118\">SOCS<\/td>\n<td width=\"146\">.google.com<\/td>\n<td width=\"328\">Utilizado pelo Google para armazenar o estado de um utilizador em rela\u00e7\u00e3o \u00e0s respetivas escolhas de cookies.<\/td>\n<td width=\"55\">6 meses<\/td>\n<\/tr>\n<tr>\n<td width=\"118\">\n<p>VISITOR_INFO1<\/p>\n<p>_LIVE<\/p>\n<\/td>\n<td width=\"146\">.youtube.com<\/td>\n<td width=\"328\">Utilizado pelo YouTube para estimar a largura de banda dos utilizadores em p\u00e1ginas do site com v\u00eddeos do YouTube integrados.<\/td>\n<td width=\"55\">6 meses<\/td>\n<\/tr>\n<tr>\n<td width=\"118\">YSC<\/td>\n<td width=\"146\">.youtube.com<\/td>\n<td width=\"328\">Utilizado pelo Youtube para assegurar que os pedidos numa sess\u00e3o de navega\u00e7\u00e3o s\u00e3o efetuados pelo utilizador e n\u00e3o por outros sites, evitando que sites maliciosos atuem em nome de um utilizador sem o seu conhecimento.<\/td>\n<td width=\"55\">13 meses<\/td>\n<\/tr>\n<tr>\n<td width=\"118\">NID<\/td>\n<td width=\"146\">.youtube.com<\/td>\n<td width=\"328\">Utilizado para reproduzir v\u00eddeos do YouTube incorporados no site.<\/td>\n<td width=\"55\">6 meses<\/td>\n<\/tr>\n<tr>\n<td colspan=\"4\" width=\"648\"><strong>Cookies de publicidade<\/strong><\/td>\n<\/tr>\n<tr>\n<td width=\"118\">_gcl_au<\/td>\n<td width=\"146\">\n<p>algarvedentalimplants<\/p>\n<p>crispiessens.com<\/p>\n<\/td>\n<td width=\"328\">Utilizado pelo Google AdSense para avaliar a efici\u00eancia da publicidade nos sites que utilizam os seus servi\u00e7os.<\/td>\n<td width=\"55\">Session<\/td>\n<\/tr>\n<tr>\n<td width=\"118\">test_cookie<\/td>\n<td width=\"146\">.doubleclick.net<\/td>\n<td width=\"328\">Definido pelo <a href=\"http:\/\/doubleclick.net\" target=\"_blank\" rel=\"noopener\">doubleclick.net<\/a> to determine whether the&nbsp; user&#8217;s browser supports cookies.<\/td>\n<td width=\"55\">8 dias<\/td>\n<\/tr>\n<tr>\n<td width=\"118\">\n<p>VISITOR_PRIVACY<\/p>\n<p>_METADATA<\/p>\n<\/td>\n<td width=\"146\">.youtube.com<\/td>\n<td width=\"328\">Usado pelo Youtube para identificar o cookie de metadados de privacidade do visitante do YouTube.<\/td>\n<td width=\"55\">1 dia<\/td>\n<\/tr>\n<\/tbody>\n<\/table>\n<p><strong>&nbsp;<\/strong><\/p>\n<ol start=\"4\">\n<li><strong>Que informa\u00e7\u00e3o recolhemos <\/strong><\/li>\n<\/ol>\n<p>Through cookies and other similar systems, Algarve Dental Implants collects information which may include data about the browser used, the operating system of the access equipment, the website from which the access was made, the date and time of access, the IP address, the internet provider used by you and other information of this type.&nbsp; Algarve Dental Implants does not have access to the data individually and only analyses it in aggregate form, as statistical and anonymous information.<\/p>\n<p>The law says that we can store cookies on your device if they are strictly necessary for the operation of the website.&nbsp; For all other types of cookies we need your permission.<\/p>\n<ol start=\"5\">\n<li><strong>Como pode desativar ou eliminar cookies<\/strong>\n<\/li><ul>\n<li>Al\u00e9m das op\u00e7\u00f5es que s\u00e3o apresentadas no painel de prefer\u00eancias que o Utilizador v\u00ea quando acede pela primeira vez ao Site, para aceitar ou rejeitar os cookies n\u00e3o essenciais, o Utilizador pode ainda configurar o seu browser para aceitar, recusar ou apagar cookies.<\/li>\n<li>O Utilizador pode fazer essa configura\u00e7\u00e3o no menu \u201cprefer\u00eancias\u201d ou \u201cop\u00e7\u00f5es\u201d do browser que usa. No entanto, em alguns casos, a desativa\u00e7\u00e3o de cookies pode afetar a navega\u00e7\u00e3o no site, impedindo que alguns servi\u00e7os, como a exibi\u00e7\u00e3o de conte\u00fados ou a disponibiliza\u00e7\u00e3o de servi\u00e7os externos, funcionem corretamente.<\/li>\n<li>Na sec\u00e7\u00e3o de ajuda do browser, o Utilizador encontra tamb\u00e9m informa\u00e7\u00f5es sobre como ativar o \u201cmodo privado\u201d e como bloquear determinados cookies.<\/li>\n<li>Para saber como desativar os cookies nos diferentes browsers, o Utilizador pode utilizar os links abaixo:<\/li>\n<\/ul>\n\n<\/ol><div><br><\/div>\n<ul>\n<li><strong>Chrome<\/strong><\/li>\n<\/ul>\n<p>\u2013 <a href=\"https:\/\/support.google.com\/chrome\/answer\/95464?hl=pt&amp;ref_topic=7437824\" target=\"_blank\" rel=\"noopener\">Ativar a navega\u00e7\u00e3o sem registo<\/a><\/p>\n<p>\u2013 <a href=\"https:\/\/support.google.com\/chrome\/answer\/95647?hl=pt\" target=\"_blank\" rel=\"noopener\">Ativar e desativar cookies<\/a><\/p>\n<ul>\n<li><strong>Firefox<\/strong><\/li>\n<\/ul>\n<p>\u2013 <a href=\"https:\/\/support.mozilla.org\/pt-PT\/kb\/como-e-que-eu-ativo-funcionalidade-do-not-track\" target=\"_blank\" rel=\"noopener\">Ativar a navega\u00e7\u00e3o sem registo<\/a><\/p>\n<p>\u2013 <a href=\"https:\/\/support.mozilla.org\/pt-PT\/kb\/ativar-desativar-cookies-websites-utilizam-monitorizar-preferencias\" target=\"_blank\" rel=\"noopener\">Ativar e desativar cookies<\/a><\/p>\n<ul>\n<li><strong>Edge<\/strong><\/li>\n<\/ul>\n<p>\u2013 <a href=\"https:\/\/support.microsoft.com\/pt-pt\/microsoft-edge\/navega%25C3%25A7%25C3%25A3o-inprivate-no-microsoft-edge-cd2c9a48-0bc4-b98e-5e46-ac40c84e27e2\" target=\"_blank\" rel=\"noopener\">Ativar a navega\u00e7\u00e3o sem registo<\/a><\/p>\n<p>\u2013 <a href=\"https:\/\/support.microsoft.com\/pt-pt\/windows\/microsoft-edge-dados-de-navega%25C3%25A7%25C3%25A3o-e-privacidade-bb8174ba-9d73-dcf2-9b4a-c582b4e640dd\" target=\"_blank\" rel=\"noopener\">Enable and disble cookies<\/a><\/p>\n<ul>\n<li><strong>Safari<\/strong><\/li>\n<\/ul>\n<p>\u2013 <a href=\"https:\/\/support.apple.com\/pt-pt\/guide\/safari\/ibrw1069\/mac\" target=\"_blank\" rel=\"noopener\">Ativar a navega\u00e7\u00e3o sem registo<\/a><\/p>\n<p>\u2013 <a href=\"https:\/\/support.apple.com\/pt-pt\/guide\/safari\/sfri11471\/13.0\/mac\/10.15\" target=\"_blank\" rel=\"noopener\">Ativar e desativar cookies<\/a><\/p>\t\t\t\t\t\t\t\t<\/div>\n\t\t\t\t<\/div>\n\t\t\t\t\t<\/div>\n\t\t\t\t<\/div>\n\t\t<div class=\"elementor-element elementor-element-ad54b58 e-flex e-con-boxed e-con e-parent\" data-id=\"ad54b58\" data-element_type=\"container\" data-settings=\"{&quot;jet_parallax_layout_list&quot;:[]}\">\n\t\t\t\t\t<div class=\"e-con-inner\">\n\t\t\t\t<div class=\"elementor-element elementor-element-0481273 elementor-widget elementor-widget-spacer\" data-id=\"0481273\" data-element_type=\"widget\" data-widget_type=\"spacer.default\">\n\t\t\t\t<div class=\"elementor-widget-container\">\n\t\t\t\t\t\t\t<div class=\"elementor-spacer\">\n\t\t\t<div class=\"elementor-spacer-inner\"><\/div>\n\t\t<\/div>\n\t\t\t\t\t\t<\/div>\n\t\t\t\t<\/div>\n\t\t\t\t\t<\/div>\n\t\t\t\t<\/div>\n\t\t\t\t<\/div>","protected":false},"excerpt":{"rendered":"<p>Cookie Policy This policy describes how cookies and similar technologies are used on the Algarve Dental Implants website, https:\/\/algarvedentalimplants.com\/, and how the User can manage and configure their installation. The present version is effective as of 8 April 2024. Responsible for the Website and Contacts The entity responsible for Algarve Dental Implants website is Worldetails, [&hellip;]<\/p>","protected":false},"author":1,"featured_media":0,"parent":0,"menu_order":0,"comment_status":"closed","ping_status":"closed","template":"elementor_header_footer","meta":{"_joinchat":[],"footnotes":""},"class_list":["post-2071","page","type-page","status-publish","hentry"],"_links":{"self":[{"href":"https:\/\/algarvedentalimplants.com\/pt\/wp-json\/wp\/v2\/pages\/2071","targetHints":{"allow":["GET"]}}],"collection":[{"href":"https:\/\/algarvedentalimplants.com\/pt\/wp-json\/wp\/v2\/pages"}],"about":[{"href":"https:\/\/algarvedentalimplants.com\/pt\/wp-json\/wp\/v2\/types\/page"}],"author":[{"embeddable":true,"href":"https:\/\/algarvedentalimplants.com\/pt\/wp-json\/wp\/v2\/users\/1"}],"replies":[{"embeddable":true,"href":"https:\/\/algarvedentalimplants.com\/pt\/wp-json\/wp\/v2\/comments?post=2071"}],"version-history":[{"count":0,"href":"https:\/\/algarvedentalimplants.com\/pt\/wp-json\/wp\/v2\/pages\/2071\/revisions"}],"wp:attachment":[{"href":"https:\/\/algarvedentalimplants.com\/pt\/wp-json\/wp\/v2\/media?parent=2071"}],"curies":[{"name":"wp","href":"https:\/\/api.w.org\/{rel}","templated":true}]}}