{"id":2079,"date":"2024-05-14T18:34:59","date_gmt":"2024-05-14T18:34:59","guid":{"rendered":"https:\/\/algarvedentalimplants.com\/?page_id=2079"},"modified":"2025-10-07T09:49:31","modified_gmt":"2025-10-07T09:49:31","slug":"terms-of-use","status":"publish","type":"page","link":"https:\/\/algarvedentalimplants.com\/pt\/terms-of-use\/","title":{"rendered":"Termos de Uso"},"content":{"rendered":"<div data-elementor-type=\"wp-page\" data-elementor-id=\"2079\" class=\"elementor elementor-2079\" data-elementor-post-type=\"page\">\n\t\t\t\t<div class=\"elementor-element elementor-element-a324c55 e-con-full e-flex e-con e-parent\" data-id=\"a324c55\" data-element_type=\"container\" data-settings=\"{&quot;jet_parallax_layout_list&quot;:[]}\">\n\t\t<div class=\"elementor-element elementor-element-6fb93fd e-con-full e-flex e-con e-child\" data-id=\"6fb93fd\" data-element_type=\"container\" data-settings=\"{&quot;jet_parallax_layout_list&quot;:[]}\">\n\t\t\t\t<div class=\"elementor-element elementor-element-4720adf elementor--v-position-bottom elementor-arrows-position-inside elementor-pagination-position-inside elementor-widget elementor-widget-slides\" data-id=\"4720adf\" data-element_type=\"widget\" data-settings=\"{&quot;navigation&quot;:&quot;both&quot;,&quot;autoplay&quot;:&quot;yes&quot;,&quot;pause_on_hover&quot;:&quot;yes&quot;,&quot;pause_on_interaction&quot;:&quot;yes&quot;,&quot;autoplay_speed&quot;:5000,&quot;infinite&quot;:&quot;yes&quot;,&quot;transition&quot;:&quot;slide&quot;,&quot;transition_speed&quot;:500}\" data-widget_type=\"slides.default\">\n\t\t\t\t<div class=\"elementor-widget-container\">\n\t\t\t\t\t\t\t\t\t<div class=\"elementor-swiper\">\n\t\t\t\t\t<div class=\"elementor-slides-wrapper elementor-main-swiper swiper\" role=\"region\" aria-roledescription=\"carousel\" aria-label=\"Slides\" dir=\"ltr\" data-animation=\"fadeInUp\">\n\t\t\t\t<div class=\"swiper-wrapper elementor-slides\">\n\t\t\t\t\t\t\t\t\t\t<div class=\"elementor-repeater-item-5bf1270 swiper-slide\" role=\"group\" aria-roledescription=\"slide\"><div class=\"swiper-slide-bg\" role=\"img\" aria-label=\"why algarve main reasons to travel to algarve\"><\/div><div class=\"elementor-background-overlay\"><\/div><div class=\"swiper-slide-inner\" ><div class=\"swiper-slide-contents\"><\/div><\/div><\/div>\t\t\t\t<\/div>\n\t\t\t\t\t\t\t<\/div>\n\t\t\t\t<\/div>\n\t\t\t\t\t\t\t\t<\/div>\n\t\t\t\t<\/div>\n\t\t\t\t<\/div>\n\t\t\t\t<\/div>\n\t\t<div class=\"elementor-element elementor-element-39453ec e-flex e-con-boxed e-con e-parent\" data-id=\"39453ec\" data-element_type=\"container\" data-settings=\"{&quot;jet_parallax_layout_list&quot;:[]}\">\n\t\t\t\t\t<div class=\"e-con-inner\">\n\t\t\t\t<div class=\"elementor-element elementor-element-1d782f6 elementor-widget elementor-widget-heading\" data-id=\"1d782f6\" data-element_type=\"widget\" data-widget_type=\"heading.default\">\n\t\t\t\t<div class=\"elementor-widget-container\">\n\t\t\t\t\t<h1 class=\"elementor-heading-title elementor-size-default\">Termos de Uso<\/h1>\t\t\t\t<\/div>\n\t\t\t\t<\/div>\n\t\t\t\t\t<\/div>\n\t\t\t\t<\/div>\n\t\t<div class=\"elementor-element elementor-element-dd1d2a6 e-flex e-con-boxed e-con e-parent\" data-id=\"dd1d2a6\" data-element_type=\"container\" data-settings=\"{&quot;jet_parallax_layout_list&quot;:[]}\">\n\t\t\t\t\t<div class=\"e-con-inner\">\n\t\t\t\t<div class=\"elementor-element elementor-element-ae03b42 elementor-widget elementor-widget-text-editor\" data-id=\"ae03b42\" data-element_type=\"widget\" data-widget_type=\"text-editor.default\">\n\t\t\t\t<div class=\"elementor-widget-container\">\n\t\t\t\t\t\t\t\t\t<p>O website <a href=\"https:\/\/algarvedentalimplants.com\/pt\/\">https:\/\/algarvedentalimplants.com\/<\/a> \u00e9 propriedade da Worldetails, Lda., sociedade por quotas com sede na Av. da Liberdade 96, 1\u00ba C\/D, 8200-002 Albufeira, registada na Conservat\u00f3ria do Registo Comercial de \u00cdlhavo, sob o n\u00famero \u00fanico de matr\u00edcula e fiscal 510 798 497, que atua no mercado com a marca registada Algarve Dental Implants.<\/p><p><span style=\"color: var( --e-global-color-text ); text-align: var(--text-align); font-size: 1rem;\">O Utilizador reconhece que, ao aceder e navegar no Site, est\u00e1 a concordar com estes Termos de Uso, os quais regulam a utiliza\u00e7\u00e3o do Site.<\/span><\/p><p><span style=\"color: var( --e-global-color-text ); text-align: var(--text-align); font-size: 1rem;\">Estes Termos de Uso podem ser alterados a qualquer momento. A Worldetails recomenda que o Utilizador consulte esta p\u00e1gina com regularidade.<\/span><\/p><p><span style=\"color: var( --e-global-color-text ); text-align: var(--text-align); font-size: 1rem;\">\u00a0<\/span><\/p><ol><li><strong>Utiliza\u00e7\u00e3o do Site<\/strong><\/li><\/ol><ul><li style=\"list-style-type: none;\"><ul><li>O Utilizador pode aceder livremente ao Site atrav\u00e9s do seu navegador, obrigando-se a us\u00e1-lo de forma respons\u00e1vel e sempre de boa-f\u00e9.<\/li><li>Em particular, o Utilizador abst\u00e9m-se de adotar condutas contr\u00e1rias \u00e0 lei, que violem os direitos da Worldetails ou de terceiros, ou que prejudiquem o bom nome, imagem, reputa\u00e7\u00e3o e prest\u00edgio da empresa, dos seus propriet\u00e1rios, dirigentes, trabalhadores ou parceiros.<\/li><li>O Utilizador compromete-se a n\u00e3o utilizar ferramentas ou medidas tecnol\u00f3gicas destinadas a explorar poss\u00edveis vulnerabilidades inform\u00e1ticas do Site, com o objetivo de interromper, destruir ou limitar o seu funcionamento.<\/li><li>O Utilizador compromete-se ainda a comunicar imediatamente \u00e0 Worldetails qualquer anomalia detetada no Site, abstendo-se de tentar aceder a informa\u00e7\u00f5es nele contidas, como dados pessoais, ou de tentar alterar as caracter\u00edsticas do Site ou explorar a anomalia para utilizar o Site de forma irregular.<\/li><li>Em caso de viola\u00e7\u00e3o destes deveres, o Utilizador poder\u00e1 ser responsabilizado nos termos da lei por eventuais danos causados \u00e0 Worldetails e\/ou a terceiros.<\/li><li>A Worldetails reserva-se o direito de, a qualquer momento, suspender o acesso ao Site ou a algumas das suas p\u00e1ginas para realizar atividades de gest\u00e3o, manuten\u00e7\u00e3o, repara\u00e7\u00e3o ou altera\u00e7\u00e3o, bem como de encerrar o Site a qualquer momento.<\/li><\/ul><\/li><\/ul><div>\u00a0<\/div><ol start=\"2\"><li><strong>Informa\u00e7\u00f5es Disponibilizadas<\/strong><ul><li>As informa\u00e7\u00f5es disponibilizadas no Site t\u00eam como objetivo esclarecer e informar os Utilizadores sobre a atividade da cl\u00ednica Algarve Dental Implants e sobre os servi\u00e7os prestados.<\/li><li>Embora tenham sido objeto de revis\u00e3o atenta, as informa\u00e7\u00f5es publicadas podem conter erros, imprecis\u00f5es ou n\u00e3o estar sempre atualizadas, pelo que devem ser consideradas pelo Utilizador como meramente indicativas.<\/li><\/ul><\/li><\/ol><div>\u00a0<\/div><ol start=\"3\"><li><strong>Seguran\u00e7a do Site<\/strong><ul><li>A Worldetails monitoriza o tr\u00e1fego do Site, com o objetivo de garantir a sua disponibilidade e integridade, procurando identificar tentativas n\u00e3o autorizadas de acesso, de altera\u00e7\u00e3o de conte\u00fados ou de atividades que possam comprometer o Site.<\/li><li>As tentativas n\u00e3o autorizadas de alterar, destruir ou corromper informa\u00e7\u00f5es do Site, analisar ou comprometer as condi\u00e7\u00f5es de seguran\u00e7a, instalar software n\u00e3o autorizado ou utilizar o sistema para fins diferentes dos aqui descritos s\u00e3o proibidas e ser\u00e3o denunciadas \u00e0s autoridades competentes.<\/li><\/ul><\/li><\/ol><div>\u00a0<\/div><ol start=\"4\"><li><strong>Responsabilidade<\/strong><ul><li>A Worldetails n\u00e3o poder\u00e1 ser responsabilizada por danos decorrentes de erros nos conte\u00fados publicados, de irregularidades ou falhas no funcionamento do Site, do uso indevido ou da impossibilidade de utiliza\u00e7\u00e3o do Site.<\/li><\/ul><\/li><\/ol><div>\u00a0<\/div><ol start=\"5\"><li><strong>Propriedade Intelectual<\/strong><ul><li>O Utilizador reconhece que os conte\u00fados do Site est\u00e3o protegidos por direitos de propriedade intelectual, ao abrigo das leis portuguesas e da Uni\u00e3o Europeia, e compromete-se a respeitar esses direitos.<\/li><li>Todos os conte\u00fados do Site, incluindo textos, imagens, som, anima\u00e7\u00e3o e outros elementos gr\u00e1ficos, bem como a disposi\u00e7\u00e3o e estrutura do Site e a marca registada Algarve Dental Implants s\u00e3o propriedade intelectual da empresa Worldetails, Lda. ou s\u00e3o utilizados sob licen\u00e7a dos respetivos titulares, n\u00e3o podendo ser usados fora das condi\u00e7\u00f5es de uso livre permitidas por lei, sem autoriza\u00e7\u00e3o pr\u00e9via e escrita.<\/li><li>Os pedidos de autoriza\u00e7\u00e3o para a utiliza\u00e7\u00e3o dos conte\u00fados do Site devem ser enviados para o e-mail info@dentalimplantsportugal.com. <a href=\"mailto:info@dentalimplantsportugal.com\">info@dentalimplantsportugal.com<\/a>.<\/li><\/ul><\/li><\/ol><div>\u00a0<\/div><ol start=\"6\"><li><strong>Tratamento de Dados Pessoais<\/strong><ul><li>A navega\u00e7\u00e3o no Site pode implicar o fornecimento de dados pessoais, os quais s\u00e3o tratados de acordo com a Pol\u00edtica de Privacidade do Site, dispon\u00edvel nesta p\u00e1gina: <a href=\"https:\/\/algarvedentalimplants.com\/pt\/privacy-policy-rgpd\/\">https:\/\/algarvedentalimplants.com\/pt\/privacy-policy-rgpd\/<\/a>.<\/li><li>Nas suas intera\u00e7\u00f5es com a cl\u00ednica, por exemplo atrav\u00e9s do formul\u00e1rio de contacto disponibilizado no Site, o Utilizador deve abster-se de inserir dados pessoais de terceiros sem ter obtido o respetivo consentimento.<\/li><\/ul><\/li><\/ol><div>\u00a0<\/div><ol start=\"7\"><li><strong>Links para Outros Sites<\/strong><ul><li>O Site poder\u00e1 conter links para sites de outras entidades. Estes sites n\u00e3o s\u00e3o propriedade, operados ou controlados pela Worldetails, n\u00e3o podendo esta ser responsabilizada pelos conte\u00fados desses sites, nem pelos danos que possam resultar do acesso aos mesmos.<\/li><li>A cria\u00e7\u00e3o de links para o Site da Algarve Dental Implants carece de autoriza\u00e7\u00e3o pr\u00e9via por escrito. Os pedidos de autoriza\u00e7\u00e3o devem ser enviados para o e-mail <a href=\"mailto:info@dentalimplantsportugal.com\">info@dentalimplantsportugal.com<\/a> &nbsp;<\/li><\/ul><\/li><\/ol><div>\u00a0<\/div><ol start=\"8\"><li><strong>Quest\u00f5es e Sugest\u00f5es<\/strong><ul><li>If you have any questions about these Terms of Use, you should contact Algarve Dental implants\/Worldetails through the following means:<\/li><\/ul><\/li><\/ol><div>\u00a0<\/div><p>Telefone: +351 912 986 126<\/p><p>E-mail: <a href=\"mailto:info@dentalimplantsportugal.com\">info@dentalimplantsportugal.com<\/a>\u00a0<\/p><p>Morada: Av. da Liberdade 96, 1\u00ba C\/D, 8200-002 Albufeira<\/p><ol start=\"9\"><li><strong>Lei Aplic\u00e1vel<\/strong><ul><li>Estes Termos de Uso do Site est\u00e3o sujeitos \u00e0 lei portuguesa.<\/li><\/ul><\/li><\/ol>\t\t\t\t\t\t\t\t<\/div>\n\t\t\t\t<\/div>\n\t\t\t\t\t<\/div>\n\t\t\t\t<\/div>\n\t\t<div class=\"elementor-element elementor-element-ad54b58 e-flex e-con-boxed e-con e-parent\" data-id=\"ad54b58\" data-element_type=\"container\" data-settings=\"{&quot;jet_parallax_layout_list&quot;:[]}\">\n\t\t\t\t\t<div class=\"e-con-inner\">\n\t\t\t\t<div class=\"elementor-element elementor-element-0481273 elementor-widget elementor-widget-spacer\" data-id=\"0481273\" data-element_type=\"widget\" data-widget_type=\"spacer.default\">\n\t\t\t\t<div class=\"elementor-widget-container\">\n\t\t\t\t\t\t\t<div class=\"elementor-spacer\">\n\t\t\t<div class=\"elementor-spacer-inner\"><\/div>\n\t\t<\/div>\n\t\t\t\t\t\t<\/div>\n\t\t\t\t<\/div>\n\t\t\t\t\t<\/div>\n\t\t\t\t<\/div>\n\t\t\t\t<\/div>","protected":false},"excerpt":{"rendered":"<p>Terms of Use The website https:\/\/algarvedentalimplants.com\/ owned by Worldetails, Lda., a private limited company headquartered at Av. da Liberdade 96, 1\u00ba C\/D, 8200-002 Albufeira. Registered at the Commercial Registry Office of \u00cdlhavo, under the unique registration and tax number 510 798 497, which operates in the market under the registered trademark Algarve Dental Implants. The [&hellip;]<\/p>","protected":false},"author":1,"featured_media":0,"parent":0,"menu_order":0,"comment_status":"closed","ping_status":"closed","template":"elementor_header_footer","meta":{"_joinchat":[],"footnotes":""},"class_list":["post-2079","page","type-page","status-publish","hentry"],"_links":{"self":[{"href":"https:\/\/algarvedentalimplants.com\/pt\/wp-json\/wp\/v2\/pages\/2079","targetHints":{"allow":["GET"]}}],"collection":[{"href":"https:\/\/algarvedentalimplants.com\/pt\/wp-json\/wp\/v2\/pages"}],"about":[{"href":"https:\/\/algarvedentalimplants.com\/pt\/wp-json\/wp\/v2\/types\/page"}],"author":[{"embeddable":true,"href":"https:\/\/algarvedentalimplants.com\/pt\/wp-json\/wp\/v2\/users\/1"}],"replies":[{"embeddable":true,"href":"https:\/\/algarvedentalimplants.com\/pt\/wp-json\/wp\/v2\/comments?post=2079"}],"version-history":[{"count":3,"href":"https:\/\/algarvedentalimplants.com\/pt\/wp-json\/wp\/v2\/pages\/2079\/revisions"}],"predecessor-version":[{"id":2967,"href":"https:\/\/algarvedentalimplants.com\/pt\/wp-json\/wp\/v2\/pages\/2079\/revisions\/2967"}],"wp:attachment":[{"href":"https:\/\/algarvedentalimplants.com\/pt\/wp-json\/wp\/v2\/media?parent=2079"}],"curies":[{"name":"wp","href":"https:\/\/api.w.org\/{rel}","templated":true}]}}