{"id":455,"date":"2023-10-24T20:31:06","date_gmt":"2023-10-24T20:31:06","guid":{"rendered":"https:\/\/algarvedentalimplants.com\/?page_id=455"},"modified":"2025-05-20T13:56:31","modified_gmt":"2025-05-20T13:56:31","slug":"prices","status":"publish","type":"page","link":"https:\/\/algarvedentalimplants.com\/pt\/prices\/","title":{"rendered":"Pre\u00e7os"},"content":{"rendered":"<div data-elementor-type=\"wp-post\" data-elementor-id=\"455\" class=\"elementor elementor-455\" data-elementor-post-type=\"page\">\n\t\t\t\t<div class=\"elementor-element elementor-element-6480c09 e-con-full e-flex e-con e-parent\" data-id=\"6480c09\" data-element_type=\"container\" data-settings=\"{&quot;jet_parallax_layout_list&quot;:[]}\">\n\t\t\t\t<div class=\"elementor-element elementor-element-dd933c8 elementor--v-position-bottom elementor-arrows-position-inside elementor-pagination-position-inside elementor-widget elementor-widget-slides\" data-id=\"dd933c8\" data-element_type=\"widget\" data-settings=\"{&quot;navigation&quot;:&quot;both&quot;,&quot;infinite&quot;:&quot;yes&quot;,&quot;transition&quot;:&quot;slide&quot;,&quot;transition_speed&quot;:500}\" data-widget_type=\"slides.default\">\n\t\t\t\t<div class=\"elementor-widget-container\">\n\t\t\t\t\t\t\t\t\t<div class=\"elementor-swiper\">\n\t\t\t\t\t<div class=\"elementor-slides-wrapper elementor-main-swiper swiper\" role=\"region\" aria-roledescription=\"carousel\" aria-label=\"Diapositives\" dir=\"ltr\" data-animation=\"fadeInUp\" data-no-translation-aria-label=\"\">\n\t\t\t\t<div class=\"swiper-wrapper elementor-slides\">\n\t\t\t\t\t\t\t\t\t\t<div class=\"elementor-repeater-item-5bf1270 swiper-slide\" role=\"group\" aria-roledescription=\"slide\"><div class=\"swiper-slide-bg\" role=\"img\" aria-label=\"prices all on 4 cris piessens algarve dental implants\"><\/div><div class=\"elementor-background-overlay\"><\/div><div class=\"swiper-slide-inner\" ><div class=\"swiper-slide-contents\"><\/div><\/div><\/div>\t\t\t\t<\/div>\n\t\t\t\t\t\t\t<\/div>\n\t\t\t\t<\/div>\n\t\t\t\t\t\t\t\t<\/div>\n\t\t\t\t<\/div>\n\t\t\t\t<\/div>\n\t\t<div class=\"elementor-element elementor-element-708252d e-flex e-con-boxed e-con e-parent\" data-id=\"708252d\" data-element_type=\"container\" data-settings=\"{&quot;jet_parallax_layout_list&quot;:[]}\">\n\t\t\t\t\t<div class=\"e-con-inner\">\n\t\t\t\t<div class=\"elementor-element elementor-element-09771b1 elementor-widget elementor-widget-heading\" data-id=\"09771b1\" data-element_type=\"widget\" data-widget_type=\"heading.default\">\n\t\t\t\t<div class=\"elementor-widget-container\">\n\t\t\t\t\t<h1 class=\"elementor-heading-title elementor-size-default\">Pre\u00e7os<\/h1>\t\t\t\t<\/div>\n\t\t\t\t<\/div>\n\t\t\t\t<div class=\"elementor-element elementor-element-ab4de37 elementor-widget elementor-widget-heading\" data-id=\"ab4de37\" data-element_type=\"widget\" data-widget_type=\"heading.default\">\n\t\t\t\t<div class=\"elementor-widget-container\">\n\t\t\t\t\t<h2 class=\"elementor-heading-title elementor-size-default\">Tipos de Cuidados<\/h2>\t\t\t\t<\/div>\n\t\t\t\t<\/div>\n\t\t\t\t\t<\/div>\n\t\t\t\t<\/div>\n\t\t<div class=\"elementor-element elementor-element-44a8348 e-flex e-con-boxed e-con e-parent\" data-id=\"44a8348\" data-element_type=\"container\" data-settings=\"{&quot;jet_parallax_layout_list&quot;:[]}\">\n\t\t\t\t\t<div class=\"e-con-inner\">\n\t\t\t\t<div class=\"elementor-element elementor-element-48dea54 elementor-widget elementor-widget-jet-table\" data-id=\"48dea54\" data-element_type=\"widget\" data-widget_type=\"jet-table.default\">\n\t\t\t\t<div class=\"elementor-widget-container\">\n\t\t\t\t\t<div class=\"elementor-jet-table jet-elements\">\n\t\t<div class=\"jet-table-wrapper jet-table-responsive-mobile\">\n\t\t\t<table class=\"jet-table jet-table--fa5-compat\">\n\t\t\t\t<thead class=\"jet-table__head\"><tr class=\"jet-table__head-row\"><th class=\"jet-table__cell elementor-repeater-item-7e6c8ed jet-table__head-cell\" colspan=\"1\" scope=\"col\"><div class=\"jet-table__cell-inner\"><div class=\"jet-table__cell-content\"><div class=\"jet-table__cell-text\">Tipo de Cuidado<\/div><\/div><\/div><\/th><th class=\"jet-table__cell elementor-repeater-item-458e0d2 jet-table__head-cell\" colspan=\"1\" scope=\"col\"><div class=\"jet-table__cell-inner\"><div class=\"jet-table__cell-content\"><div class=\"jet-table__cell-text\">C\u00f3digo<\/div><\/div><\/div><\/th><th class=\"jet-table__cell elementor-repeater-item-4c25574 jet-table__head-cell\" scope=\"col\"><div class=\"jet-table__cell-inner\"><div class=\"jet-table__cell-content\"><div class=\"jet-table__cell-text\">Descri\u00e7\u00e3o<\/div><\/div><\/div><\/th><th class=\"jet-table__cell elementor-repeater-item-cf0003f jet-table__head-cell\" scope=\"col\"><div class=\"jet-table__cell-inner\"><div class=\"jet-table__cell-content\"><div class=\"jet-table__cell-text\">Pre\u00e7o (EUR)<\/div><\/div><\/div><\/th><th class=\"jet-table__cell elementor-repeater-item-cc53721 jet-table__head-cell\" scope=\"col\"><div class=\"jet-table__cell-inner\"><div class=\"jet-table__cell-content\"><\/div><\/div><\/th><th class=\"jet-table__cell elementor-repeater-item-3883056 jet-table__head-cell\" scope=\"col\"><div class=\"jet-table__cell-inner\"><div class=\"jet-table__cell-content\"><div class=\"jet-table__cell-text\">Video<\/div><\/div><\/div><\/th><\/tr><\/thead>\n\t\t\t\t\t\t\t\t<tbody class=\"jet-table__body\"><tr class=\"jet-table__body-row elementor-repeater-item-cf0f329\"><td class=\"jet-table__cell elementor-repeater-item-9d87041 jet-table__body-cell\"><div class=\"jet-table__cell-inner\"><div class=\"jet-table__cell-content\"><div class=\"jet-table__cell-text\">1\u00aa Consulta de Implantologia<\/div><\/div><\/div><\/td><td class=\"jet-table__cell elementor-repeater-item-66c89e7 jet-table__body-cell\"><div class=\"jet-table__cell-inner\"><div class=\"jet-table__cell-content\"><div class=\"jet-table__cell-text\">A1.01.01.01\nA12.B2.01.10<\/div><\/div><\/div><\/td><td class=\"jet-table__cell elementor-repeater-item-645c9b2 jet-table__body-cell\"><div class=\"jet-table__cell-inner\"><div class=\"jet-table__cell-content\"><div class=\"jet-table__cell-text\">Primeira consulta destinada \u00e0 avalia\u00e7\u00e3o e planeamento da cirurgia.<\/div><\/div><\/div><\/td><td class=\"jet-table__cell elementor-repeater-item-dee3bb0 jet-table__body-cell\"><div class=\"jet-table__cell-inner\"><div class=\"jet-table__cell-content\"><div class=\"jet-table__cell-text\">45\u20ac \/ 75\u20ac \/ 150\u20ac* \n<\/br>\n*CBCT incl.<\/div><\/div><\/div><\/td><td class=\"jet-table__cell elementor-repeater-item-985c439 jet-table__body-cell\"><div class=\"jet-table__cell-inner\"><div class=\"jet-table__cell-content\"><\/div><\/div><\/td><td class=\"jet-table__cell elementor-repeater-item-9ccbdb7 jet-table__body-cell\"><a class=\"jet-table__cell-inner jet-table__cell-link\" href=\"#elementor-action%3Aaction%3Dlightbox%26settings%3DeyJ0eXBlIjoidmlkZW8iLCJ2aWRlb1R5cGUiOiJ5b3V0dWJlIiwidXJsIjoiaHR0cHM6XC9cL3d3dy55b3V0dWJlLmNvbVwvZW1iZWRcL2prblJ6TVdnSHRFP2ZlYXR1cmU9b2VtYmVkIn0%3D\"><div class=\"jet-table__cell-content\"><div class=\"jet-table__cell-img jet-table__cell-img--before\"><img decoding=\"async\" width=\"40\" height=\"40\" src=\"https:\/\/algarvedentalimplants.com\/wp-content\/uploads\/2024\/07\/video.svg\" class=\"attachment-full size-full wp-image-2172\" alt=\"\" \/><\/div><\/div><\/a><\/td><\/tr><tr class=\"jet-table__body-row elementor-repeater-item-48b0d50\"><td class=\"jet-table__cell elementor-repeater-item-dea3781 jet-table__body-cell\"><div class=\"jet-table__cell-inner\"><div class=\"jet-table__cell-content\"><div class=\"jet-table__cell-text\">Ortopantomografia<\/div><\/div><\/div><\/td><td class=\"jet-table__cell elementor-repeater-item-2348829 jet-table__body-cell\"><div class=\"jet-table__cell-inner\"><div class=\"jet-table__cell-content\"><div class=\"jet-table__cell-text\">A12.B2.01.01\nA7.01.01.DD<\/div><\/div><\/div><\/td><td class=\"jet-table__cell elementor-repeater-item-2dd345c jet-table__body-cell\"><div class=\"jet-table__cell-inner\"><div class=\"jet-table__cell-content\"><div class=\"jet-table__cell-text\">O raio-x a 2D captura numa \u00fanica imagem toda a cavidade oral.<\/div><\/div><\/div><\/td><td class=\"jet-table__cell elementor-repeater-item-17b4d30 jet-table__body-cell\"><div class=\"jet-table__cell-inner\"><div class=\"jet-table__cell-content\"><div class=\"jet-table__cell-text\">45\u20ac<\/div><\/div><\/div><\/td><\/tr><tr class=\"jet-table__body-row elementor-repeater-item-6a5c20a\"><td class=\"jet-table__cell elementor-repeater-item-0e5d8e9 jet-table__body-cell\"><div class=\"jet-table__cell-inner\"><div class=\"jet-table__cell-content\"><div class=\"jet-table__cell-text\">CBCT \u2013 Tomografia dent\u00e1ria 3D<\/div><\/div><\/div><\/td><td class=\"jet-table__cell elementor-repeater-item-f5e01ab jet-table__body-cell\"><div class=\"jet-table__cell-inner\"><div class=\"jet-table__cell-content\"><div class=\"jet-table__cell-text\">A1.01.01.01\nA12.B2.01.10\nA7.01.01.DD<\/div><\/div><\/div><\/td><td class=\"jet-table__cell elementor-repeater-item-3ebec2b jet-table__body-cell\"><div class=\"jet-table__cell-inner\"><div class=\"jet-table__cell-content\"><div class=\"jet-table__cell-text\">O CBCT permite obter imagens a 3D, imprescind\u00edveis na dete\u00e7\u00e3o de todos os detalhes espec\u00edficos na estrutura anat\u00f3mica do paciente.<\/div><\/div><\/div><\/td><td class=\"jet-table__cell elementor-repeater-item-5c46469 jet-table__body-cell\"><div class=\"jet-table__cell-inner\"><div class=\"jet-table__cell-content\"><div class=\"jet-table__cell-text\">75\u20ac \/ 150\u20ac*\n<\/br>\n*1\u00aa cons. incl.<\/div><\/div><\/div><\/td><td class=\"jet-table__cell elementor-repeater-item-d22e0d3 jet-table__body-cell\"><div class=\"jet-table__cell-inner\"><div class=\"jet-table__cell-content\"><\/div><\/div><\/td><td class=\"jet-table__cell elementor-repeater-item-d0058c9 jet-table__body-cell\"><a class=\"jet-table__cell-inner jet-table__cell-link\" href=\"#elementor-action%3Aaction%3Dlightbox%26settings%3DeyJ0eXBlIjoidmlkZW8iLCJ2aWRlb1R5cGUiOiJ5b3V0dWJlIiwidXJsIjoiaHR0cHM6XC9cL3d3dy55b3V0dWJlLmNvbVwvZW1iZWRcL2VKdEJzeVd6aGE0P2ZlYXR1cmU9b2VtYmVkIn0%3D\"><div class=\"jet-table__cell-content\"><div class=\"jet-table__cell-img jet-table__cell-img--before\"><img decoding=\"async\" width=\"40\" height=\"40\" src=\"https:\/\/algarvedentalimplants.com\/wp-content\/uploads\/2024\/07\/video.svg\" class=\"attachment-full size-full wp-image-2172\" alt=\"\" \/><\/div><\/div><\/a><\/td><\/tr><tr class=\"jet-table__body-row elementor-repeater-item-c044eb1\"><td class=\"jet-table__cell elementor-repeater-item-f5fb58b jet-table__body-cell\"><div class=\"jet-table__cell-inner\"><div class=\"jet-table__cell-content\"><div class=\"jet-table__cell-text\">Coroa<\/div><\/div><\/div><\/td><td class=\"jet-table__cell elementor-repeater-item-b4b510e jet-table__body-cell\"><div class=\"jet-table__cell-inner\"><div class=\"jet-table__cell-content\"><div class=\"jet-table__cell-text\">A8.B3.02.DD<\/div><\/div><\/div><\/td><td class=\"jet-table__cell elementor-repeater-item-71012e8 jet-table__body-cell\"><div class=\"jet-table__cell-inner\"><div class=\"jet-table__cell-content\"><div class=\"jet-table__cell-text\">As coroas s\u00e3o usadas para restaurar dentes fracos, partidos ou cariados<\/div><\/div><\/div><\/td><td class=\"jet-table__cell elementor-repeater-item-a490204 jet-table__body-cell\"><div class=\"jet-table__cell-inner\"><div class=\"jet-table__cell-content\"><div class=\"jet-table__cell-text\">700\u20ac<\/div><\/div><\/div><\/td><td class=\"jet-table__cell elementor-repeater-item-f549571 jet-table__body-cell\"><div class=\"jet-table__cell-inner\"><div class=\"jet-table__cell-content\"><\/div><\/div><\/td><td class=\"jet-table__cell elementor-repeater-item-f269680 jet-table__body-cell\"><a class=\"jet-table__cell-inner jet-table__cell-link\" href=\"#elementor-action%3Aaction%3Dlightbox%26settings%3DeyJ0eXBlIjoidmlkZW8iLCJ2aWRlb1R5cGUiOiJ5b3V0dWJlIiwidXJsIjoiaHR0cHM6XC9cL3d3dy55b3V0dWJlLmNvbVwvZW1iZWRcL09NbVI5Qm8wSVpVP2ZlYXR1cmU9b2VtYmVkIn0%3D\"><div class=\"jet-table__cell-content\"><div class=\"jet-table__cell-img jet-table__cell-img--before\"><img decoding=\"async\" width=\"40\" height=\"40\" src=\"https:\/\/algarvedentalimplants.com\/wp-content\/uploads\/2024\/07\/video.svg\" class=\"attachment-full size-full wp-image-2172\" alt=\"\" \/><\/div><\/div><\/a><\/td><\/tr><tr class=\"jet-table__body-row elementor-repeater-item-3e95fea\"><td class=\"jet-table__cell elementor-repeater-item-791fc63 jet-table__body-cell\"><div class=\"jet-table__cell-inner\"><div class=\"jet-table__cell-content\"><div class=\"jet-table__cell-text\">Implante dent\u00e1rio<\/div><\/div><\/div><\/td><td class=\"jet-table__cell elementor-repeater-item-5ebb5cf jet-table__body-cell\"><div class=\"jet-table__cell-inner\"><div class=\"jet-table__cell-content\"><div class=\"jet-table__cell-text\">A7.02.01.DD\nA8.B8.01.03\nA8.B8.01.02<\/div><\/div><\/div><\/td><td class=\"jet-table__cell elementor-repeater-item-d4a6bf2 jet-table__body-cell\"><div class=\"jet-table__cell-inner\"><div class=\"jet-table__cell-content\"><div class=\"jet-table__cell-text\">1\u00aa Fase \u2013 Coloca\u00e7\u00e3o do implante dent\u00e1rio.\n<br><br>\n2\u00aa Fase \u2013 Coloca\u00e7\u00e3o de coroa sobre o implante.<\/div><\/div><\/div><\/td><td class=\"jet-table__cell elementor-repeater-item-2b676d0 jet-table__body-cell\"><div class=\"jet-table__cell-inner\"><div class=\"jet-table__cell-content\"><div class=\"jet-table__cell-text\">850\u20ac<br>\n+<br>\n850\u20ac<\/div><\/div><\/div><\/td><td class=\"jet-table__cell elementor-repeater-item-b56e761 jet-table__body-cell\"><div class=\"jet-table__cell-inner\"><div class=\"jet-table__cell-content\"><div class=\"jet-table__cell-text\">= 1700\u20ac<\/div><\/div><\/div><\/td><td class=\"jet-table__cell elementor-repeater-item-c70b274 jet-table__body-cell\"><a class=\"jet-table__cell-inner jet-table__cell-link\" href=\"#elementor-action%3Aaction%3Dlightbox%26settings%3DeyJ0eXBlIjoidmlkZW8iLCJ2aWRlb1R5cGUiOiJ5b3V0dWJlIiwidXJsIjoiaHR0cHM6XC9cL3d3dy55b3V0dWJlLmNvbVwvZW1iZWRcL1dxcFFoOHdPTkpzP2ZlYXR1cmU9b2VtYmVkIn0%3D\"><div class=\"jet-table__cell-content\"><div class=\"jet-table__cell-img jet-table__cell-img--before\"><img decoding=\"async\" width=\"40\" height=\"40\" src=\"https:\/\/algarvedentalimplants.com\/wp-content\/uploads\/2024\/07\/video.svg\" class=\"attachment-full size-full wp-image-2172\" alt=\"\" \/><\/div><\/div><\/a><\/td><\/tr><tr class=\"jet-table__body-row elementor-repeater-item-bab3d68\"><td class=\"jet-table__cell elementor-repeater-item-dbb303e jet-table__body-cell\"><div class=\"jet-table__cell-inner\"><div class=\"jet-table__cell-content\"><div class=\"jet-table__cell-text\">Protocolo All-on-4<\/div><\/div><\/div><\/td><td class=\"jet-table__cell elementor-repeater-item-f67e60c jet-table__body-cell\"><div class=\"jet-table__cell-inner\"><div class=\"jet-table__cell-content\"><div class=\"jet-table__cell-text\">A7.02.01.13\nA5.02.CC.DD\nA5.04.01.01\nA8.B2.CC.DD<\/div><\/div><\/div><\/td><td class=\"jet-table__cell elementor-repeater-item-f068337 jet-table__body-cell\"><div class=\"jet-table__cell-inner\"><div class=\"jet-table__cell-content\"><div class=\"jet-table__cell-text\">1\u00aa Fase \u2013 Coloca\u00e7\u00e3o de 4 implantes (inclui primeiro conjunto de dentes)\n<br><br>\n2\u00aa Fase \u2013 Coloca\u00e7\u00e3o dos dentes definitivos, ap\u00f3s 6 meses de osteointegra\u00e7\u00e3o dos implantes.<\/div><\/div><\/div><\/td><td class=\"jet-table__cell elementor-repeater-item-212bc64 jet-table__body-cell\"><div class=\"jet-table__cell-inner\"><div class=\"jet-table__cell-content\"><div class=\"jet-table__cell-text\">8400\u20ac<br>\n+<br>\n3600\u20ac<\/div><\/div><\/div><\/td><td class=\"jet-table__cell elementor-repeater-item-b5ced59 jet-table__body-cell\"><div class=\"jet-table__cell-inner\"><div class=\"jet-table__cell-content\"><div class=\"jet-table__cell-text\">= 12000\u20ac<\/div><\/div><\/div><\/td><td class=\"jet-table__cell elementor-repeater-item-ab6aba7 jet-table__body-cell\"><a class=\"jet-table__cell-inner jet-table__cell-link\" href=\"#elementor-action%3Aaction%3Dlightbox%26settings%3DeyJ0eXBlIjoidmlkZW8iLCJ2aWRlb1R5cGUiOiJ5b3V0dWJlIiwidXJsIjoiaHR0cHM6XC9cL3d3dy55b3V0dWJlLmNvbVwvZW1iZWRcL1dZTENQeHJ1bmEwP2ZlYXR1cmU9b2VtYmVkIn0%3D\"><div class=\"jet-table__cell-content\"><div class=\"jet-table__cell-img jet-table__cell-img--before\"><img decoding=\"async\" width=\"40\" height=\"40\" src=\"https:\/\/algarvedentalimplants.com\/wp-content\/uploads\/2024\/07\/video.svg\" class=\"attachment-full size-full wp-image-2172\" alt=\"\" \/><\/div><\/div><\/a><\/td><\/tr><tr class=\"jet-table__body-row elementor-repeater-item-7809b75\"><td class=\"jet-table__cell elementor-repeater-item-cdf4aa8 jet-table__body-cell\"><div class=\"jet-table__cell-inner\"><div class=\"jet-table__cell-content\"><div class=\"jet-table__cell-text\">Protocolo All-on-6<\/div><\/div><\/div><\/td><td class=\"jet-table__cell elementor-repeater-item-200a164 jet-table__body-cell\"><div class=\"jet-table__cell-inner\"><div class=\"jet-table__cell-content\"><div class=\"jet-table__cell-text\">A7.02.01.13\nA7.05.01.DD\nA7.04.01.DD\nA8.B2.CC.DD<\/div><\/div><\/div><\/td><td class=\"jet-table__cell elementor-repeater-item-29729d9 jet-table__body-cell\"><div class=\"jet-table__cell-inner\"><div class=\"jet-table__cell-content\"><div class=\"jet-table__cell-text\">1\u00aa Fase \u2013 Coloca\u00e7\u00e3o de 6 implantes (inclui primeiro conjunto de dentes)\n<br><br>\n2\u00aa Fase \u2013 Coloca\u00e7\u00e3o dos dentes definitivos, ap\u00f3s 6 meses de osteointegra\u00e7\u00e3o dos implantes.<\/div><\/div><\/div><\/td><td class=\"jet-table__cell elementor-repeater-item-6b3a8b1 jet-table__body-cell\"><div class=\"jet-table__cell-inner\"><div class=\"jet-table__cell-content\"><div class=\"jet-table__cell-text\">10000\u20ac<br>\n+<br>\n5400\u20ac<\/div><\/div><\/div><\/td><td class=\"jet-table__cell elementor-repeater-item-49f9a09 jet-table__body-cell\"><div class=\"jet-table__cell-inner\"><div class=\"jet-table__cell-content\"><div class=\"jet-table__cell-text\">= 15400\u20ac<\/div><\/div><\/div><\/td><td class=\"jet-table__cell elementor-repeater-item-89d5b0d jet-table__body-cell\"><div class=\"jet-table__cell-inner\"><div class=\"jet-table__cell-content\"><\/div><\/div><\/td><\/tr><tr class=\"jet-table__body-row elementor-repeater-item-296f79f\"><td class=\"jet-table__cell elementor-repeater-item-9c2af38 jet-table__body-cell\"><div class=\"jet-table__cell-inner\"><div class=\"jet-table__cell-content\"><div class=\"jet-table__cell-text\">Levantamento do seio perinasal (por quadrante)<\/div><\/div><\/div><\/td><td class=\"jet-table__cell elementor-repeater-item-807d85f jet-table__body-cell\"><div class=\"jet-table__cell-inner\"><div class=\"jet-table__cell-content\"><div class=\"jet-table__cell-text\">A7.05.01.DD<\/div><\/div><\/div><\/td><td class=\"jet-table__cell elementor-repeater-item-b5f6f17 jet-table__body-cell\"><div class=\"jet-table__cell-inner\"><div class=\"jet-table__cell-content\"><div class=\"jet-table__cell-text\">Procedimento cir\u00fargico com a finalidade de aumentar a quantidade de osso existente.<\/div><\/div><\/div><\/td><td class=\"jet-table__cell elementor-repeater-item-8d53aba jet-table__body-cell\"><div class=\"jet-table__cell-inner\"><div class=\"jet-table__cell-content\"><div class=\"jet-table__cell-text\">Valor sob consulta<\/div><\/div><\/div><\/td><td class=\"jet-table__cell elementor-repeater-item-4672f1c jet-table__body-cell\"><div class=\"jet-table__cell-inner\"><div class=\"jet-table__cell-content\"><\/div><\/div><\/td><td class=\"jet-table__cell elementor-repeater-item-97cf816 jet-table__body-cell\"><div class=\"jet-table__cell-inner\"><div class=\"jet-table__cell-content\"><\/div><\/div><\/td><\/tr><tr class=\"jet-table__body-row elementor-repeater-item-4f140d7\"><td class=\"jet-table__cell elementor-repeater-item-5c80c33 jet-table__body-cell\"><div class=\"jet-table__cell-inner\"><div class=\"jet-table__cell-content\"><div class=\"jet-table__cell-text\">GBR (Regenera\u00e7\u00e3o \u00f3ssea guiada)<\/div><\/div><\/div><\/td><td class=\"jet-table__cell elementor-repeater-item-44b6e53 jet-table__body-cell\"><div class=\"jet-table__cell-inner\"><div class=\"jet-table__cell-content\"><div class=\"jet-table__cell-text\">A7.04.01.DD<\/div><\/div><\/div><\/td><td class=\"jet-table__cell elementor-repeater-item-e4dfc7e jet-table__body-cell\"><div class=\"jet-table__cell-inner\"><div class=\"jet-table__cell-content\"><div class=\"jet-table__cell-text\">Procedimento que visa o crescimento e aumento \u00f3sseo.<\/div><\/div><\/div><\/td><td class=\"jet-table__cell elementor-repeater-item-474dd5f jet-table__body-cell\"><div class=\"jet-table__cell-inner\"><div class=\"jet-table__cell-content\"><div class=\"jet-table__cell-text\">Valor sob consulta<\/div><\/div><\/div><\/td><td class=\"jet-table__cell elementor-repeater-item-d66035f jet-table__body-cell\"><div class=\"jet-table__cell-inner\"><div class=\"jet-table__cell-content\"><\/div><\/div><\/td><td class=\"jet-table__cell elementor-repeater-item-f2ddacc jet-table__body-cell\"><div class=\"jet-table__cell-inner\"><div class=\"jet-table__cell-content\"><\/div><\/div><\/td><\/tr><tr class=\"jet-table__body-row elementor-repeater-item-09f8ba9\"><td class=\"jet-table__cell elementor-repeater-item-62b26e0 jet-table__body-cell\"><div class=\"jet-table__cell-inner\"><div class=\"jet-table__cell-content\"><div class=\"jet-table__cell-text\">GTR (Regenera\u00e7\u00e3o Guiada de Tecidos)<\/div><\/div><\/div><\/td><td class=\"jet-table__cell elementor-repeater-item-db2c7d5 jet-table__body-cell\"><div class=\"jet-table__cell-inner\"><div class=\"jet-table__cell-content\"><div class=\"jet-table__cell-text\">A6.10.01.01<\/div><\/div><\/div><\/td><td class=\"jet-table__cell elementor-repeater-item-b69fc5b jet-table__body-cell\"><div class=\"jet-table__cell-inner\"><div class=\"jet-table__cell-content\"><div class=\"jet-table__cell-text\">Procedimento cir\u00fargico para obter o crescimento e o aumento de tecidos como as gengivas, a mucosa e o tecido conjuntivo.<\/div><\/div><\/div><\/td><td class=\"jet-table__cell elementor-repeater-item-731dd34 jet-table__body-cell\"><div class=\"jet-table__cell-inner\"><div class=\"jet-table__cell-content\"><div class=\"jet-table__cell-text\">Valor sob consulta<\/div><\/div><\/div><\/td><td class=\"jet-table__cell elementor-repeater-item-20ed03e jet-table__body-cell\"><div class=\"jet-table__cell-inner\"><div class=\"jet-table__cell-content\"><\/div><\/div><\/td><\/tr><\/tbody>\n\t\t\t<\/table>\n\t\t<\/div>\n\n\t\t<\/div>\t\t\t\t<\/div>\n\t\t\t\t<\/div>\n\t\t\t\t\t<\/div>\n\t\t\t\t<\/div>\n\t\t<div class=\"elementor-element elementor-element-b081c62 e-flex e-con-boxed e-con e-parent\" data-id=\"b081c62\" data-element_type=\"container\" data-settings=\"{&quot;jet_parallax_layout_list&quot;:[]}\">\n\t\t\t\t\t<div class=\"e-con-inner\">\n\t\t\t\t<div class=\"elementor-element elementor-element-1999883 elementor-widget elementor-widget-spacer\" data-id=\"1999883\" data-element_type=\"widget\" data-widget_type=\"spacer.default\">\n\t\t\t\t<div class=\"elementor-widget-container\">\n\t\t\t\t\t\t\t<div class=\"elementor-spacer\">\n\t\t\t<div class=\"elementor-spacer-inner\"><\/div>\n\t\t<\/div>\n\t\t\t\t\t\t<\/div>\n\t\t\t\t<\/div>\n\t\t\t\t\t<\/div>\n\t\t\t\t<\/div>\n\t\t\t\t<\/div>","protected":false},"excerpt":{"rendered":"<p>Prices Treatment Types Treatment types Code Description Price(EUR) Video 1st Implantology Consultation A1.01.01.01 A12.B2.01.10 This first consult is dedicated to the evaluation planning of dental implants surgery. 45\u20ac \/ 75\u20ac \/ 150\u20ac* *CBCT incl. Panoramic X-Ray A12.B2.01.01 A7.01.01.DD A 2D dental x-ray examination that captures the entire mouth in a single image. 45\u20ac CBCT &#8211; [&hellip;]<\/p>","protected":false},"author":1,"featured_media":0,"parent":0,"menu_order":0,"comment_status":"closed","ping_status":"closed","template":"elementor_header_footer","meta":{"_joinchat":[],"footnotes":""},"class_list":["post-455","page","type-page","status-publish","hentry"],"_links":{"self":[{"href":"https:\/\/algarvedentalimplants.com\/pt\/wp-json\/wp\/v2\/pages\/455","targetHints":{"allow":["GET"]}}],"collection":[{"href":"https:\/\/algarvedentalimplants.com\/pt\/wp-json\/wp\/v2\/pages"}],"about":[{"href":"https:\/\/algarvedentalimplants.com\/pt\/wp-json\/wp\/v2\/types\/page"}],"author":[{"embeddable":true,"href":"https:\/\/algarvedentalimplants.com\/pt\/wp-json\/wp\/v2\/users\/1"}],"replies":[{"embeddable":true,"href":"https:\/\/algarvedentalimplants.com\/pt\/wp-json\/wp\/v2\/comments?post=455"}],"version-history":[{"count":0,"href":"https:\/\/algarvedentalimplants.com\/pt\/wp-json\/wp\/v2\/pages\/455\/revisions"}],"wp:attachment":[{"href":"https:\/\/algarvedentalimplants.com\/pt\/wp-json\/wp\/v2\/media?parent=455"}],"curies":[{"name":"wp","href":"https:\/\/api.w.org\/{rel}","templated":true}]}}