{"id":925,"date":"2023-11-09T14:47:14","date_gmt":"2023-11-09T14:47:14","guid":{"rendered":"https:\/\/algarvedentalimplants.com\/?page_id=925"},"modified":"2025-05-20T13:51:42","modified_gmt":"2025-05-20T13:51:42","slug":"curriculum-dr-cris-piessens","status":"publish","type":"page","link":"https:\/\/algarvedentalimplants.com\/pt\/curriculum-dr-cris-piessens\/","title":{"rendered":"Curriculum Dr. Cris Piessens"},"content":{"rendered":"<div data-elementor-type=\"wp-post\" data-elementor-id=\"925\" class=\"elementor elementor-925\" data-elementor-post-type=\"page\">\n\t\t\t\t<div class=\"elementor-element elementor-element-6480c09 e-con-full e-flex e-con e-parent\" data-id=\"6480c09\" data-element_type=\"container\" data-settings=\"{&quot;jet_parallax_layout_list&quot;:[]}\">\n\t\t\t\t<div class=\"elementor-element elementor-element-ab3b577 elementor--v-position-bottom elementor-arrows-position-inside elementor-pagination-position-inside elementor-widget elementor-widget-slides\" data-id=\"ab3b577\" data-element_type=\"widget\" data-settings=\"{&quot;navigation&quot;:&quot;both&quot;,&quot;autoplay&quot;:&quot;yes&quot;,&quot;pause_on_hover&quot;:&quot;yes&quot;,&quot;pause_on_interaction&quot;:&quot;yes&quot;,&quot;autoplay_speed&quot;:5000,&quot;infinite&quot;:&quot;yes&quot;,&quot;transition&quot;:&quot;slide&quot;,&quot;transition_speed&quot;:500}\" data-widget_type=\"slides.default\">\n\t\t\t\t<div class=\"elementor-widget-container\">\n\t\t\t\t\t\t\t\t\t<div class=\"elementor-swiper\">\n\t\t\t\t\t<div class=\"elementor-slides-wrapper elementor-main-swiper swiper\" role=\"region\" aria-roledescription=\"carousel\" aria-label=\"Slides\" dir=\"ltr\" data-animation=\"fadeInUp\">\n\t\t\t\t<div class=\"swiper-wrapper elementor-slides\">\n\t\t\t\t\t\t\t\t\t\t<div class=\"elementor-repeater-item-5bf1270 swiper-slide\" role=\"group\" aria-roledescription=\"slide\"><div class=\"swiper-slide-bg\" role=\"img\" aria-label=\"Dr Cris Piessens Dentist Implantologist more then 30 years placing dental implants 2\"><\/div><div class=\"elementor-background-overlay\"><\/div><div class=\"swiper-slide-inner\" ><div class=\"swiper-slide-contents\"><\/div><\/div><\/div>\t\t\t\t<\/div>\n\t\t\t\t\t\t\t<\/div>\n\t\t\t\t<\/div>\n\t\t\t\t\t\t\t\t<\/div>\n\t\t\t\t<\/div>\n\t\t\t\t<\/div>\n\t\t<div class=\"elementor-element elementor-element-708252d e-flex e-con-boxed e-con e-parent\" data-id=\"708252d\" data-element_type=\"container\" data-settings=\"{&quot;jet_parallax_layout_list&quot;:[]}\">\n\t\t\t\t\t<div class=\"e-con-inner\">\n\t\t\t\t<div class=\"elementor-element elementor-element-09771b1 elementor-widget elementor-widget-heading\" data-id=\"09771b1\" data-element_type=\"widget\" data-widget_type=\"heading.default\">\n\t\t\t\t<div class=\"elementor-widget-container\">\n\t\t\t\t\t<h1 class=\"elementor-heading-title elementor-size-default\">Curriculum<\/h1>\t\t\t\t<\/div>\n\t\t\t\t<\/div>\n\t\t\t\t<div class=\"elementor-element elementor-element-ab4de37 elementor-widget elementor-widget-heading\" data-id=\"ab4de37\" data-element_type=\"widget\" data-widget_type=\"heading.default\">\n\t\t\t\t<div class=\"elementor-widget-container\">\n\t\t\t\t\t<h2 class=\"elementor-heading-title elementor-size-default\">Dr. Cris Piessens\n<\/h2>\t\t\t\t<\/div>\n\t\t\t\t<\/div>\n\t\t\t\t\t<\/div>\n\t\t\t\t<\/div>\n\t\t<div class=\"elementor-element elementor-element-e6d6239 e-flex e-con-boxed e-con e-parent\" data-id=\"e6d6239\" data-element_type=\"container\" data-settings=\"{&quot;jet_parallax_layout_list&quot;:[]}\">\n\t\t\t\t\t<div class=\"e-con-inner\">\n\t\t<div class=\"elementor-element elementor-element-94a3da8 e-con-full e-flex e-con e-child\" data-id=\"94a3da8\" data-element_type=\"container\" data-settings=\"{&quot;background_background&quot;:&quot;classic&quot;,&quot;jet_parallax_layout_list&quot;:[]}\">\n\t\t\t\t<div class=\"elementor-element elementor-element-70d494c elementor-widget-mobile__width-initial elementor-widget elementor-widget-heading\" data-id=\"70d494c\" data-element_type=\"widget\" data-widget_type=\"heading.default\">\n\t\t\t\t<div class=\"elementor-widget-container\">\n\t\t\t\t\t<h2 class=\"elementor-heading-title elementor-size-default\">Dr. Cris Piessens<\/h2>\t\t\t\t<\/div>\n\t\t\t\t<\/div>\n\t\t\t\t<div class=\"elementor-element elementor-element-0ed7cf5 elementor-widget elementor-widget-heading\" data-id=\"0ed7cf5\" data-element_type=\"widget\" data-widget_type=\"heading.default\">\n\t\t\t\t<div class=\"elementor-widget-container\">\n\t\t\t\t\t<h2 class=\"elementor-heading-title elementor-size-default\">Dentista-Implantologista<\/h2>\t\t\t\t<\/div>\n\t\t\t\t<\/div>\n\t\t\t\t<\/div>\n\t\t<div class=\"elementor-element elementor-element-36888c8 e-con-full e-flex e-con e-child\" data-id=\"36888c8\" data-element_type=\"container\" data-settings=\"{&quot;jet_parallax_layout_list&quot;:[],&quot;background_background&quot;:&quot;classic&quot;}\">\n\t\t\t\t<div class=\"elementor-element elementor-element-ac9e318 elementor-widget elementor-widget-text-editor\" data-id=\"ac9e318\" data-element_type=\"widget\" data-widget_type=\"text-editor.default\">\n\t\t\t\t<div class=\"elementor-widget-container\">\n\t\t\t\t\t\t\t\t\t<p class=\"Body\"><span style=\"font-size: 10.0pt;\">Especialista de Regenera\u00e7\u00e3o em Implantologia Dent\u00e1ria e Periodontologia<\/span><\/p>\t\t\t\t\t\t\t\t<\/div>\n\t\t\t\t<\/div>\n\t\t\t\t<div class=\"elementor-element elementor-element-60e4af5 elementor-widget elementor-widget-text-editor\" data-id=\"60e4af5\" data-element_type=\"widget\" data-widget_type=\"text-editor.default\">\n\t\t\t\t<div class=\"elementor-widget-container\">\n\t\t\t\t\t\t\t\t\t<p>O Dr. Cris Piessens, de nacionalidade belga, iniciou a sua carreira como implantologista em 1987, ap\u00f3s uma especializa\u00e7\u00e3o de 1 ano em exclusivo com a Prof. Dra. Chantal Malevez.<\/p><p>A sua vasta experi\u00eancia clinica e os cont\u00ednuos cursos internacionais tornaram-no num profissional conceituado e l\u00edder na \u00e1rea da cirurgia, implantologia e reabilita\u00e7\u00e3o oral.\u00a0<\/p><p>Formador e palestrante internacional em implantologia e reabilita\u00e7\u00e3o oral.<\/p><p>Mais de 30 anos de experi\u00eancia.<\/p><p>Membro OMD n\u00ba 1201 - C\u00e9dula profissional. Fluente em 5 idiomas: neerland\u00eas, ingl\u00eas, portugu\u00eas, franc\u00eas e alem\u00e3o.<\/p>\t\t\t\t\t\t\t\t<\/div>\n\t\t\t\t<\/div>\n\t\t\t\t<\/div>\n\t\t\t\t\t<\/div>\n\t\t\t\t<\/div>\n\t\t<div class=\"elementor-element elementor-element-a5cb5b4 e-flex e-con-boxed e-con e-parent\" data-id=\"a5cb5b4\" data-element_type=\"container\" data-settings=\"{&quot;jet_parallax_layout_list&quot;:[]}\">\n\t\t\t\t\t<div class=\"e-con-inner\">\n\t\t\t\t<div class=\"elementor-element elementor-element-20296f0 elementor-widget elementor-widget-spacer\" data-id=\"20296f0\" data-element_type=\"widget\" data-widget_type=\"spacer.default\">\n\t\t\t\t<div class=\"elementor-widget-container\">\n\t\t\t\t\t\t\t<div class=\"elementor-spacer\">\n\t\t\t<div class=\"elementor-spacer-inner\"><\/div>\n\t\t<\/div>\n\t\t\t\t\t\t<\/div>\n\t\t\t\t<\/div>\n\t\t\t\t\t<\/div>\n\t\t\t\t<\/div>\n\t\t<div class=\"elementor-element elementor-element-a35bf09 e-flex e-con-boxed e-con e-parent\" data-id=\"a35bf09\" data-element_type=\"container\" data-settings=\"{&quot;jet_parallax_layout_list&quot;:[]}\">\n\t\t\t\t\t<div class=\"e-con-inner\">\n\t\t<div class=\"elementor-element elementor-element-96c0b43 e-con-full e-flex e-con e-child\" data-id=\"96c0b43\" data-element_type=\"container\" data-settings=\"{&quot;jet_parallax_layout_list&quot;:[]}\">\n\t\t\t\t<div class=\"elementor-element elementor-element-6d714f2 elementor-widget elementor-widget-text-editor\" data-id=\"6d714f2\" data-element_type=\"widget\" data-widget_type=\"text-editor.default\">\n\t\t\t\t<div class=\"elementor-widget-container\">\n\t\t\t\t\t\t\t\t\t<p><b>1986: <\/b>Formado em Medicina Dent\u00e1ria pela\nFaculdade de Medicina da Universit\u00e9 Libre de\nBruxelles (ULB) <b>Bruxelas, B\u00e9lgica<\/b><\/p><p><b>1986\/87:<\/b> Cumpriu o servi\u00e7o militar como M\u00e9dico Dentista do Ex\u00e9rcito Belga, \u00c9cole Royale de Gendarmerie <b>Bruxelas, B\u00e9lgica<\/b><\/p><p><b>1987: <\/b>Especializa\u00e7\u00e3o em Implantologia, M\u00e9dico\nAssistente em cirurgia com a <u>Prof. Chantal Malevez,<\/u>&nbsp; H\u00f4pital St. Pierre-Universit\u00e9 Libre de Bruxelles (ULB) <b>Bruxelas, B\u00e9lgica<\/b><\/p><p><b>1988:<\/b> Primeiro curso de Osseointegra\u00e7\u00e3o ad\nmodum Br\u00e5nemark, <u>Prof. Dr. G. Watzek<\/u> &amp; <u>Prof. Dr. R. Slavicek<\/u>, Universit\u00e4tsklinik f\u00fcr Zahn-,Mund- und Kieferheilkunde, <b>Viena, \u00c1ustria<\/b><\/p><p><b>1989:<\/b> Semin\u00e1rio sobre \u201cIMZ Modalidade de\nimplante osteointegrado na reabilita\u00e7\u00e3o oral e\nmaxilofacial\u201d, H\u00f4pital St. Pierre-Universit\u00e9 Libre de\nBruxelles (ULB) <b>Bruxelas, B\u00e9lgica<\/b><\/p><p><b>1989:<\/b> P\u00f3s-gradua\u00e7\u00e3o em Implantologia Oral,\nAcademisch Centrum Tandheelkunde Amsterdam\n(ACTA) <b>Amesterd\u00e3o, Pa\u00edses Baixos<\/b><\/p><p><b>1990: <\/b>P\u00f3s-gradua\u00e7\u00e3o em \u201cEmerg\u00eancias m\u00e9dicas\nno consult\u00f3rio dent\u00e1rio\u201d, Academisch Centrum\nTandheelkunde Amsterdam (ACTA) <b>Amesterd\u00e3o, Pa\u00edses Baixos<\/b><\/p><p><b>1991:<\/b> Participa\u00e7\u00e3o no Encontro Cient\u00edfico da\nNeerlandesa para a Implantologia Oral\n(NVOI) <b>Amesterd\u00e3o, Pa\u00edses Baixos<\/b><\/p><p><b>1991:<\/b> Resid\u00eancia na cl\u00ednica privada do Dr. Kenneth\nJudy, Presidente do Congresso Internacional de\nImplantologia Oral (ICOI) <b>Nova Iorque, EUA<\/b><\/p><p><b>1992: <\/b>Participa\u00e7\u00e3o no Workshop de \u201cRegenera\u00e7\u00e3o\nguiada dos tecidos\u201d (GORE\u00ae Regenerative\nMaterials), GORE Creative Technologies Worldwide <b>Hertogenbosch, Pa\u00edses Baixos<\/b><\/p><p><b>1992:<\/b> Participa\u00e7\u00e3o na Sec\u00e7\u00e3o Inaugural do\ncongresso Europeu ICOI <b>Estoril, Portugal<\/b><\/p><p><b>1992: <\/b>P\u00f3s-gradua\u00e7\u00e3o em \u201cTratamentos avan\u00e7ados\nem restaura\u00e7\u00f5es fixas\u201d, A.Z.-St.-Jan<b> Bruges, B\u00e9lgica<\/b><\/p><p><b>1994: <\/b>Curso em \u201cT\u00e9cnicas de reabilita\u00e7\u00e3o avan\u00e7ada\ncom Br\u00e5nemark System\u00ae Implants\u201d, Nobelpharma - <b>Madrid, Espanha<\/b><\/p><p><b>1997: <\/b>Curso em \u201cSucessos e complica\u00e7\u00f5es\navan\u00e7ados em terapia de implantes e periodontia\u201d,\nNew York University College of Dentistry (NYUCD), <b>Lisboa, Portugal<\/b><\/p><p><b>1997: <\/b>Participa\u00e7\u00e3o no Sexto Simp\u00f3sio Anual de\nImplantologia da Universidade de Nova Iorque\n\u201cExplorando as op\u00e7\u00f5es avan\u00e7adas em terapia de\nimplantes e periodontia\u201d, New York University\nCollege of Dentistry (NYUCD) <b>Barcelona, Espanha<\/b><\/p><p><b>1998: <\/b>Diploma em \u201cEst\u00e9tica Avan\u00e7ada em pr\u00f3teses\nsuportadas por Implantes\u201d, Branemark, <b>Lisboa, Portugal<\/b><\/p><p><strong>2001:<\/strong> Orador da Biohorizons no Congresso Europeu \u2013<strong>Cascais, Portugal<\/strong><\/p><p><b>2002: <\/b>Curso em \u201cHormonas de Crescimento em\nImplantologia\u201d, BTI \u2013 <u>Prof E. Anitua<\/u>, <b>Vitoria-Gasteiz, Espanha<\/b><\/p><p><b>2003\/04: <\/b>Diploma em Implantologia Dent\u00e1ria, <u>Dr. Carlos Apar\u00edcio<\/u>&nbsp;Universidades de <b>Barcelona, Espanha<\/b> e <b>Gothenburg, Su\u00e9cia<\/b><\/p><p><b>2004:<\/b> Curso em \u201cEstudos Internacionais Avan\u00e7ados\nem Implantologia Cir\u00fargica Dent\u00e1ria\u201d, <u>Prof. Sascha Jovanovic<\/u>, University of California (UCLA) School of Dentistry, <b>Los Angeles, EUA<\/b><\/p><p><b>2004: <\/b>Curso certificado \u201cDe A a Z em Implantologia\nDent\u00e1ria\u201d (12 Lecture Certificate Series), Global\nInstitute for Dental Education (GIDE) - <b>Los Angeles,\u00a0<\/b><b style=\"color: var( --e-global-color-text ); text-align: var(--text-align); font-size: 1rem;\">USA\u00a0<\/b><\/p><p><b>2004: <\/b>Participa\u00e7\u00e3o no Workshop sobre \u201cIncis\u00f5es\ne Suturas em Cirurgia Oral\u201d, integrado no 13\u00ba\nEncontro Anual da Ordem dos M\u00e9dicos Dentistas\n(OMD), <b>Lisboa, Portugal<\/b><\/p><p><b>2004:<\/b> Membro - International Congress of Oral Implantologists (ICOI)<\/p><p><b>2004: <\/b>WebLIVE! Curriculum em \u201cTerapia Avan\u00e7ada\nde Implantes\u201d, Dr. Sascha A. Jovanovic, Global\nInstitute for Dental Education (GIDE), <b>Los Angeles, EUA<\/b><\/p><p><b>2005:<\/b> Participa\u00e7\u00e3o no 10\u00ba Anivers\u00e1rio do Simp\u00f3sio\nda Nobel Biocare sobre \u201cImplantologia Restaurativa\ne Odontologia: Perspectivas Futuras\u201d <b>Madrid, Espanha<\/b><\/p><p><b>2005:<\/b> Curso de Forma\u00e7\u00e3o SimPlant 3D Image Planner, Materialise, <b>Leuven, B\u00e9lgica<\/b><\/p><p><b>2005: <\/b>Curso em \u201cConceitos Atuais de Fun\u00e7\u00e3o\nImediata em Implantologia Est\u00e9tica\u201d, Nobel Biocare, <b>Algarve, Portugal<\/b><\/p><p><b>2005\/06: <\/b>Membro - International Congress of Oral Implantologists (ICOI)<\/p><p><b>2006: <\/b>Membro do SimPlant Academy<\/p><p class=\"p1\"><b>2007 : <\/b>Participa\u00e7\u00e3o na Confer\u00eancia Nobel BiocareWorld \u2013 <b>Las Vegas, USA<span class=\"Apple-converted-space\">\u00a0<\/span><\/b><\/p><p><b>2009:<\/b> Participa\u00e7\u00e3o na Confer\u00eancia Mundial Nobel Biocare, <b>Cascais, Portugal<\/b><\/p><p><b>2012:<\/b> Curso em Seda\u00e7\u00e3o Consciente, Lx Clinic Oral\nCare Center <b>Lisboa, Portugal<\/b><\/p><p><b>2013: <\/b>Participa\u00e7\u00e3o no Workshop de \u201cManipula\u00e7\u00e3o\nde Tecidos em Implantologia \u2013 Curso Hands-on\u201d,\nMIS Implantology Training Center and Same Day\nSolutions (SDS) <b>Portim\u00e3o, Portugal<\/b><\/p><p><b>2014:<\/b> Participa\u00e7\u00e3o no Simp\u00f3sio da Nobel Biocare - <b>Sintra, Portugal<\/b><\/p><p><b>2014:<\/b> Curso em \u201cCirurgia Est\u00e9tica Mucogengival\u201d,\nProf. Giovanni Zucchelli, The Royal College of\nPhysicians <b>Londres, Inglaterra<\/b><\/p><p><b>2014\/15:<\/b> Membro Associado da Foundation for\nOral Reabilitation (FOR)<\/p><p><b>2014: <\/b>Semin\u00e1rio sobre \u201cProcedimentos Avan\u00e7ados\nem Implantologia Cir\u00fargica Avan\u00e7ada\u201d, <u>Prof. Carlos E. Nemcovsky,<\/u> The Maurice and Gabriela Goldschleger School of Dental Medicine, Telavive University - <b>Tel Aviv, Israel<\/b><\/p><p><b>2014: <\/b>Curso em \u201cConceitos Avan\u00e7ados em\nImplantologia Dent\u00e1ria, Tratamento de Casos\nComplexos: Simplifica\u00e7\u00e3o, reprodutibilidade,\nconfiabilidade\u201d, Dr. Patrick Palacci &amp; Dr. Ulf\nNannmark, Br\u00e5nemark Osseointegration Center - <b>Marselha, Fran\u00e7a<\/b><\/p>\t\t\t\t\t\t\t\t<\/div>\n\t\t\t\t<\/div>\n\t\t\t\t<\/div>\n\t\t<div class=\"elementor-element elementor-element-f7b89f8 e-con-full e-flex e-con e-child\" data-id=\"f7b89f8\" data-element_type=\"container\" data-settings=\"{&quot;jet_parallax_layout_list&quot;:[]}\">\n\t\t\t\t<div class=\"elementor-element elementor-element-5736b5e elementor-widget elementor-widget-text-editor\" data-id=\"5736b5e\" data-element_type=\"widget\" data-widget_type=\"text-editor.default\">\n\t\t\t\t<div class=\"elementor-widget-container\">\n\t\t\t\t\t\t\t\t\t<p><b>2014:<\/b> Curso em \u201cAplica\u00e7\u00f5es Cl\u00ednicas em PRF e I-PRF\nAvan\u00e7ados em Periodontologia, Levantamento do\nSeio nasal e enxerto \u00d3sseo\u201d, <u>Dr. Joseph Choukroun,<\/u> Simp\u00f3sio Internacional de Factores de Crescimento\n(SYFAC) em conjun\u00e7\u00e3o com o Centro de Educa\u00e7\u00e3o\nde Kiev - <b>Kiev, Ucr\u00e2nia<\/b><\/p><p><b>2015:<\/b> Participa\u00e7\u00e3o no Congresso da Nobel Biocare\n\u201cContinuando o Legado\u201d <b>Algarve, Portugal<\/b><\/p><p><b>2015:<\/b> Curso de \u201cImagem 3D e Diagn\u00f3stico\u201d, Nordic\nInstitute of Dental Education (NIDE), em conjunto\ncom a Planmeca e a Universidade de Turku - <b>Hels\u00ednquia, Finl\u00e2ndia<\/b><\/p><p><b>2015: <\/b>Participa\u00e7\u00e3o no Congresso EuroPerio8 -<b> Londres, Inglaterra<\/b><\/p><p><b>2015:<\/b> Curso em \u201cT\u00e9cnicas Avan\u00e7adas em\nRegenera\u00e7\u00e3o \u00d3ssea em Terapia de Implante\u201d, <u>Dr. Istv\u00e1n Urb\u00e1n<\/u>&nbsp;Nobel Biocare, Urban Regeneration\nInstitute - <b>Budapeste, Hungria<\/b><\/p><p><b>2015:<\/b> Resid\u00eancia Cl\u00ednica \u201cTrabalhando na zona\nest\u00e9tica, uma revis\u00e3o aprofundada da gest\u00e3o\nde tecidos moles e protocolos de coloca\u00e7\u00e3o de\nimplantes para maximizar os resultados est\u00e9ticos\nideais\u201d, Dr. Eric Van Dooren, MIS Implantology\nTraining Center and Same Day Solutions (SDS),\nCl\u00ednica Dent\u00e1ria d\u2019Avenida - <b>Vila Nova de Gaia, Portugal<\/b><\/p><p><b>2015:<\/b> Palestrante \u201cImplantologia na pr\u00e1tica cl\u00ednica:\ncasos complexos, solu\u00e7\u00f5es simples\u201d, Same Day\nSolutions (SDS), integrado no 24\u00ba Encontro Anual\nda Ordem dos M\u00e9dicos Dentistas (OMD) - <b>Lisboa, Portugal<\/b><\/p><p><b>2015:<\/b> Curso em \u201cLaminados Cer\u00e2micos -\nPlaneamento e Execu\u00e7\u00e3o\u201d, <u>Dr.<\/u> <u>Nelson Massing<\/u>, <b>Faro, Portugal<\/b><\/p><p><b>2016:<\/b> Curso em \u201cReabilita\u00e7\u00e3o imediata das\nmand\u00edbulas ed\u00eantulas\u201d, MIS Implantology Training\nCenter and Same Day Solutions (SDS) - <b>Palmela, Portugal<\/b><\/p><p><b>2016: <\/b>Curso em Imers\u00e3o em Restaura\u00e7\u00e3o Dentoalveolar Imediata (IDR), <u>Dr. Jos\u00e9 Carlos da Rosa,<\/u> Rosa Odontologia, <b>Caxias do Sul, Brazil<\/b><\/p><p><b>2016: <\/b>Curso Avan\u00e7ado em Restaura\u00e7\u00e3o Dentoalveolar Imediata (IDR), <u>Dr. Jos\u00e9 Carlos Martins da Rosa<\/u>, Rosa Odontologia, <b>Caxias do<\/b> <b>Sul, Brasil<\/b><\/p><p><b>2016:<\/b> Orador\/Organizador: Resid\u00eancia Cl\u00ednica em\n\u201cAll-On-4: Carga Imediata e Reabilita\u00e7\u00e3o da Arcada\nTotal\u201d (1\u00aa, 2\u00aa, 3\u00aa Edi\u00e7\u00f5es), CP Clinic - <b>Albufeira, Portugal<\/b><\/p><p><b>2017: <\/b>Curso de \u201cOclus\u00e3o\u201d, <u>Dr. Luis Redinha<\/u>, <b>Lisboa, Portugal<\/b><\/p><p><b>2017:<\/b> Curso Avan\u00e7ado em \u201cAll-On-4: Carga Imediata\ne Reabilita\u00e7\u00e3o da Arcada Total\u201d, <u>Dr. Anthony Sclar<\/u>, Anthony Sclar Center, <b>Miami, EUA<\/b><\/p><p><b>2017: <\/b>Convidado Palestrante\/ Conferencista em\n\u201cAll-On-4 Carga Imediata\u201d Hospital Militar - <b>Porto, Portugal<\/b><\/p><p><b>2017:<\/b> Convidado Palestrante\/ Conferencista em\n\u201cDismorfia Dento-Facial\u201d, Integrado no IV Congresso\nInternacional em DTM e DOF \u2013 Universidade de\nMedicina Dent\u00e1ria do Porto, Hospital de S\u00e3o Jo\u00e3o - <b>Porto, Portugal<\/b><\/p><p><b>2017:<\/b> Orador\/Organizador: Resid\u00eancia Cl\u00ednica\nem \u201cAll-On-4: Carga Imediata e Reabilita\u00e7\u00e3o da\nArcada Total\u201d (4\u00aa, 5\u00aa Edi\u00e7\u00f5es), CP Clinic - <b>Albufeira, Portugal<\/b><\/p><p><b>2017:<\/b> Convidado Palestrante Internacional em\n\u201cAll-On-4: Carga Imediata e Reabilita\u00e7\u00e3o da Arcada\nTotal\u201d em Anthogyr <b>Sallanches, France<\/b><\/p><p><b>2018: <\/b>Convidado Palestrante Internacional em\n\u201cAll-On-4: Carga Imediata e Reabilita\u00e7\u00e3o da Arcada\nTotal\u201d em Anthogyr, <b>Sallanches, France<\/b><\/p><p><b>2018:<\/b> Convidado Palestrante\/ Conferencista em\n\u201cAll-On-4: Carga Imediata e Reabilita\u00e7\u00e3o da Arcada\nTotal\u201d- Anthogyr Axiom Multi Level Tour - <b>Lisboa, Portugal<\/b><\/p><p><b>2018: <\/b>Convidado Palestrante\/ Conferencista em\n\u201cAll-On-4: Carga Imediata e Reabilita\u00e7\u00e3o da Arcada\nTotal\u201d- Anthogyr Axiom Multi Level Tour - <b>Porto, Portugal<\/b><\/p><p><b>2019:<\/b> Curso em \u201cDental Regeneration Specialist\u201d\n- iniciado pela University Medical Centre Hamburg\n- Eppendorf (UKE) - <u>Prof. Dr. P\u00e9ter Windisch<\/u> \/ <u>Prof. Dr. Adrian Kasaj<\/u> &#8211; <b>Berlim, Alemanha<\/b><\/p><p><b>2019: <\/b>Palestrante em Congresso Europeu MIS - <b>Lisboa, Portugal<span class=\"Apple-converted-space\">\u00a0<\/span><\/b><\/p><p><b>2019:<\/b> Convidado Palestrante\/ Conferencista em\n\u201cAll-On-4: Carga Imediata e Reabilita\u00e7\u00e3o da Arcada\nTotal\u201d - <b>Lisboa, Portugal<\/b><\/p><p><b>2019:<\/b> CP Clinic - INEM: Suporte B\u00e1sico de Vida - <b>Albufeira, Portugal<\/b><\/p><p><b>2019:<\/b> Especialista em regenera\u00e7\u00e3o dent\u00e1ria -\niniciado pela University Medical Centre Hamburg\n- Eppendorf (UKE) - <u>Prof. Dr. Marius Steigmann<\/u> &#8211; <b>Berlim, Alemanha<\/b><\/p><p><b>2019:<\/b> Especialista em regenera\u00e7\u00e3o dent\u00e1ria -\niniciado pela University Medical Centre Hamburg\n- Eppendorf (UKE) - <u>Prof. Dr. Daniel Rothamel<\/u> &#8211; <b>Berlim, Alemanha<\/b><\/p><p><b>2019: <\/b>Convidado Palestrante em \u201cAll-On-4: Carga\nImediata e Reabilita\u00e7\u00e3o da Arcada Total\u201d - APAD - <b>Albufeira<\/b><\/p><p><b>2019:<\/b> Viver em Portugal - Convidado Palestrante em\n\u201cAll-On-4: Carga Imediata e Reabilita\u00e7\u00e3o da Arcada\nTotal\" - <b>Manchester, Inglaterra<\/b><\/p><p><b>2019:<\/b> Especialista em regenera\u00e7\u00e3o dent\u00e1ria -\niniciado pela University Medical Centre Hamburg\n- Eppendorf (UKE) - <b>Hamburgo, Alemanha<\/b><\/p><p><b>2020:<\/b> Especialista em regenera\u00e7\u00e3o dent\u00e1ria -\niniciado pela University Medical Centre Hamburg\n- Eppendorf (UKE) - <u>Dr. Theodor Thiele \/ Prof. Dr.<\/u> Curso Pr\u00e1tico em Cad\u00e1ver\nHumano -<b> Hamburgo, Alemanha<\/b><\/p><p><b>2020:<\/b> Le Circle - 3rd scientific reunion - Le cercle -\nAnthogyr <b>Sallanches \/ Chamonix, France<\/b><\/p><p><b>2020:<\/b> Curso em \"All on 4- Carga Imediata: Fluidez\ndo Trabalho Prot\u00e9tico\" para m\u00e9dicos dentistas\ne t\u00e9cnicos em pr\u00f3tese dent\u00e1ria, Conferencista e\nOrganizador \u2013 <b>Algarve &#8211; Portugal<\/b><\/p><p><b>2021:<\/b> P\u00f3s-Gradua\u00e7\u00e3o para Especialista em\nRegenera\u00e7\u00e3o em Implantodontia e Periodontia -\nUniversity Medical Center Hamburg-Eppendorf\n(UKE) - Prof Dr. Dr. Ralf Smeets \/ Dr. Dr. Alireza\nHoushmand \u2013 <b>Hamburgo, Alemanha<\/b><\/p><p><b>2022:<\/b> Curso Avan\u00e7ado em \u201cCirurgia Periodontal e\nPl\u00e1stica Reconstrutiva na Zona Est\u00e9tica\u201d - Societ\u00e0\ndi Aggiornamento Stomatologico - Prof Giovanni\nZucchelli - <b>Bolonha, It\u00e1lia<\/b><\/p><p><b><span data-slate-fragment=\"JTVCJTdCJTIyY2hpbGRyZW4lMjIlM0ElNUIlN0IlMjJ0eXBlJTIyJTNBJTIycGFyYWdyYXBoJTIyJTJDJTIyY2hpbGRyZW4lMjIlM0ElNUIlN0IlMjJ0ZXh0JTIyJTNBJTIyMjAyMyUyMiU3RCU1RCU3RCU1RCU3RCU1RA==\">2023<\/span>:<\/b> Especialista \u2013 Implantes \u2013 Curso pr\u00e1tico, presencial \u2013 Heidelberg, Alemanha <strong>Heidelberg, Germany<\/strong><\/p>\t\t\t\t\t\t\t\t<\/div>\n\t\t\t\t<\/div>\n\t\t\t\t<\/div>\n\t\t\t\t\t<\/div>\n\t\t\t\t<\/div>\n\t\t\t\t<\/div>","protected":false},"excerpt":{"rendered":"<p>Curriculum Dr. Cris Piessens Dr. Cris Piessens Dentist-Implantologist Regeneration Specialist in Dental Implantology and Periodontology Dr. Cris Piessens, a Belgian national, began his career as an Implantologists in 1987, after a 1-year specialisation exclusively with Professor Dra. Chantal Malevez. His extensive clinical experience and continuous international courses have made him a renowned professional and leader [&hellip;]<\/p>","protected":false},"author":1,"featured_media":0,"parent":0,"menu_order":0,"comment_status":"closed","ping_status":"closed","template":"elementor_header_footer","meta":{"_joinchat":[],"footnotes":""},"class_list":["post-925","page","type-page","status-publish","hentry"],"_links":{"self":[{"href":"https:\/\/algarvedentalimplants.com\/pt\/wp-json\/wp\/v2\/pages\/925","targetHints":{"allow":["GET"]}}],"collection":[{"href":"https:\/\/algarvedentalimplants.com\/pt\/wp-json\/wp\/v2\/pages"}],"about":[{"href":"https:\/\/algarvedentalimplants.com\/pt\/wp-json\/wp\/v2\/types\/page"}],"author":[{"embeddable":true,"href":"https:\/\/algarvedentalimplants.com\/pt\/wp-json\/wp\/v2\/users\/1"}],"replies":[{"embeddable":true,"href":"https:\/\/algarvedentalimplants.com\/pt\/wp-json\/wp\/v2\/comments?post=925"}],"version-history":[{"count":0,"href":"https:\/\/algarvedentalimplants.com\/pt\/wp-json\/wp\/v2\/pages\/925\/revisions"}],"wp:attachment":[{"href":"https:\/\/algarvedentalimplants.com\/pt\/wp-json\/wp\/v2\/media?parent=925"}],"curies":[{"name":"wp","href":"https:\/\/api.w.org\/{rel}","templated":true}]}}